{"id":947,"date":"2011-05-03T14:54:43","date_gmt":"2011-05-03T13:54:43","guid":{"rendered":"http:\/\/www.awo-jugendwerk-lsa.de\/awowp\/?page_id=947"},"modified":"2023-03-22T11:10:29","modified_gmt":"2023-03-22T10:10:29","slug":"fsj-einsatzstellen","status":"publish","type":"page","link":"https:\/\/www.awo-jugendwerk-lsa.de\/awowp\/fsj\/fsj-einsatzstellen\/","title":{"rendered":"Einsatzstellen"},"content":{"rendered":"<p style=\"text-align: justify;\">\n<p style=\"text-align: justify;\">Nicht jede soziale Einrichtung ist gleichzeitig auch eine Einsatzstelle f\u00fcr den Freiwilligendienst. Die Einsatzstellen m\u00fcssen bestimmte Kriterien erf\u00fcllen und von einem Tr\u00e4ger f\u00fcr Freiwilligendienste (z.B. dem Landesjugendwerk der AWO) bzw. dem Bundesamt f\u00fcr Familie und zivilgesellschaftliche Aufgaben anerkannt sein.<\/p>\n<p style=\"text-align: justify;\">Das Landesjugendwerk bietet ein breites Spektrum an M\u00f6glichkeiten f\u00fcr das freiwillige Engagement. Dabei handelt es sich nicht ausschlie\u00dflich um Einrichtungen der Arbeiterwohlfahrt.<\/p>\n<p style=\"text-align: justify;\">Welche Einrichtungen aktuell Stellen f\u00fcr das Freiwillige Soziale Jahr oder den Bundesfreiwilligendienst anbieten, kannst du in der <a title=\"Einsatzstellenb\u00f6rse der AWO\" href=\"http:\/\/www.awo-freiwillich.de\/einsatzmoeglichkeiten\/stellen\/\" target=\"_blank\" rel=\"noopener\">Einsatzstellenb\u00f6rse<\/a> sehen:<\/p>\n<p><a title=\"Einsatzstellenb\u00f6rse der AWO\" href=\"www.awo-freiwillich.de\/einsatzmoeglichkeiten\/stellen\/\" target=\"_blank\" rel=\"noopener\"><img loading=\"lazy\" decoding=\"async\" class=\"alignnone\" src=\"data:image\/png;base64,iVBORw0KGgoAAAANSUhEUgAAAPgAAABJCAIAAACfJXyMAAASYElEQVR4nO1dwUscy9bPH\/Ctc8H8DQbdvWVAdPM2kfEPEF1kJ7rJLt+4easort5C5wPh5oPnwL1XeAF7l4HgSBNx4mBfZsABociMk06ntcxr8LVfU9\/il5x3rGrH7nFmrtfpH00w1dXV1VW\/OnXOqVM1j1Tgq3\/\/S\/1fqK4u1b\/\/lV3Z9SCvR+rqUmXI8NCRET3DUCAjeoahQEb0DEOBjOgZhgIZ0TMMBTKiZxgKZETPMBTIiJ5hKPDoj65AhgyDQCbRMwwFMqJnGApkRM8wFMiInmEokBE9w1CgZ0SPzuRlaU9uW3J5VW5bl6W96Ex2Uc5lae+ytHeeX7lYK1yW9q5ORE+qlwTl3fLA3pVhwLgr0aMzebFWOB2bFI9GzOt0bPJirZCE8d82i1+ez8UW0nz89Dy\/MgDGZ0R\/wLgT0S\/WCs3HT2PZaTL1JrrLbStJIeLRiP\/iZXezREJkRH\/A6JLo0Zn8\/CyXhJ2c7uFHRyvkJimevJAeIiP6A0Y3RI\/O5E26yq00ldvW3QvpE9czoj9gdEN0k6BQTi5Le5QnOpPfNouxUl9uW7Esbz5+erFW4CS+OhGxhfSJ6xnRHzBSE\/08v5JKdb4s7Wmcbj5+aqZcrBU6vNTU40\/HJlNVOwkyoj9gpCP61YnQWP5ts5jkQf\/Fy5tUkdOxySQelfCjo3H9PL+SvOZJkBH9ASMd0TW+pqLaxVohluXJHSka15uPnyZ\/exLchehRFEkpfd8PggD\/RlHUw7rdBXesyf35kLsgBdGjM3lH5UEbJ6lYDmiKU8L5JCG6JjrI\/W2zeJ5fkcur3zaLYRj6vh+GYRelYcwQ7sKzMAypnDAMUVQURVEUhWEYhmEQBFLKIAiQriXyxxMO3egHqBwpY7o4iqLAQHfNlRApiP5ts6jZlF28j\/yJzcdPu3CKR2eSC\/Uvz+e6qMNN6I7oYRh+fW9rapX\/4qVSyvf9tDT9zvJty3\/x8mKtgP92x\/UgCC4+teTyqv\/iZfjRITL5vg\/+fX1vnzt1pZTrukTor+\/tr+9tVL5x3NhYLywuLJV3y2Bt55rQwMCztm2jGhqDoyhqNVvOkVPeLePCYMB46xNSEJ3L467VBmIqd9GkgjYtdFdILLogehRFvu\/H+kkvS3ue56XtPLBcGzCxQjFVxZqPn16dCCllq9mSy6s0LOXyqlLKOXL42h8S67X63Oz8yE9PcJV3yxDSHV4qhHj7z7djo+N4JDc9o+JGexiG+x\/2c9MzVLhz5CilPM9L+5nJkYLoXGihA7pD+NHp7GO59fHPz3J09TA0oAuiSyn5RAe\/J5iKbxQiXfWklFw9+\/wsp7qaGSC5tYEXRVG9VufDEuKmvFvmPlzM1fsf9omIIz89WXm9qm7j4v6H\/fyrvPaIWfkgCErvSpRtbHRcxQn+3iIF0Xmr3YWp9xZpiQ6pyRd30SxXJ0Iur2IE1mv1VGW6rsutduhmnuelJXoQBK1mi8smrDw0jhu8H6MzKaWs1+o88epEgIuTE1NEx+JWUSnVPm13aA3nyOFy2tqxlFK+75vfWDmoULa52XnV1WBOhaRE1yzRrhWP+4zuiK6RiU\/uUsrGcSNk4H1JFhuEGWy4VrMVhqH\/4uXnZ7kvz+dgxjhHTpgAQRC4ruu6LgqsHlZp9oPV3jhucL0I+qcQwkxsn7bLu2XnyJmbnc9Nz0A2c9XFrHwQBM6RwycBmLDcDgacI6e4VdSG0H0h+mVpLyO6hjAMz51rslAp5XlevVavHlZxtZotz\/N8BqKF7\/vnTl1uW3LbAiF833ddV1MPWs1W47jh+77H0Gq2tBTP8yhGOgxDIYQ5mZTelbheBP1z\/8O++\/dNbQ5pHDeqh1XNNnBdF6MRVa3X6taOtf9hH5WHgq4pJDQYuAep9K60sV6gnEIIWLGpOywNHhrRYcvDuEmLtETXDEfSqnlbfX6Wk9sW1OLPz3LRmQT1KfGacn+9QAjXxnHj63tbSwyCwFSZ+MQShiFXuyHRKwcV86nybpnb97BEKwcVU9v2PA9DqLhVJIsTnBZCVA+rnL656ZnFhSXKsLH+Hw9Sebe88noVtyYnptCSfVXQ1YBVF21qoxZUSnHdDolSSi0zcmrpsPaklIsLS1rrU+EJkZbovu\/L5VUuILFThCdqbseLtUIYhtx+\/fJ8DoyE3Wkq6LZt8\/zI5rouLxndoZFV06mgi2tPQcOJNU+5gg5tu33aFkIQfUd+epJ\/lUebLy4sKaX4LfNyjr67ON\/+8y11d\/5VHt3X72WpgRqjZkPEEh2E42ocJ7q1Y2nzo5SS9wq\/0I4JkYroUNBNqamU0qLQzvMr3HPHZTaojIEBUc2FKxrZtm1T4l58amkqk1IK3nfkCT86ptr96feaqWg17H2eGJ1Jz\/NMbRv2Bkli6jukwJOo9YImepDfdV3btiknhlBfHYvA4NyLUkr+2TTB4a5JdHNUICefUsFj\/qx5JXfwpSK66b+7OhGe55V3y6asBf+gn\/C78MzgLkS1+axt26bE5aMFS9SweqGCy23LnAQaxw0zsV6rxxZlatvt07bmE4Q7BY2\/8npVm2k31gtaZ4HojeNGebfM+\/RW93xPMLgFIy6haSUilujQsGlU0B\/IycUG1tV461s7VvWwykcUZEYSpCW6qTrXa\/XWhwNNamKkYROtprQotoKGPYfas61mS4hrgXTRmXRd17QpG8cNUsEvS3vmJFDeLcdaomZiebfMtW24\/6qHVU1pQTvAhYKntLGhrhMdHVE9rP76y2+89wegt6i7hACkjQgngkJ77kB0xVqNU1ZdV9DRmnz1jlqfd0lyTT0V0RHcognIykGFC0gkVg+rQoj2aVvKa1H43zaLFJePsB9uxZJwNc1T13VNlUkI0ThuYMyo6+oTLQCZT9m2bZqnlYOK2YCVgwrvCwgjWr1XP3QYUlqUUvVanXcrvCuldyWaGSD1++1YBFIQXYvRTaW9cJ0v\/yrfWaIrJgl4i6vrCvrc7Lw2XRJTTdM2CVIRXUppSs3Su5KZWD2sQs\/RVOQvz+fASwpu00xbVMk0TzVLFD4WcodjhGg6lZTSOXJMl7+ZCPOUc9o0mcg0CoKgfdpuHDesHYtLHDCYrwrRI7\/+8hsNCawP9NuxCKQL0+UiIVVUFp\/C+PoZzXFaCjU0Z7ZWTnGryO+SbqOuEx0TaxIkJ7oZ4gLV2dqxTFEK4RcEgemL5DtOYuV0rMQ1nfdgG8YYjgnRJoGbVoU0S1QpBTNDa9V6ra65DhWTxObYgIOFjw3IeCll6V0J7kXyrfXbsQikI7qmvSSPR+cKtzLkt1KKN6IQgv7LZba6rqBLKfl0SZMDL42L+VuRPKdpicJBri2wX50I3\/dbzZYyVB0e5ByGYb1Wb9j7pnDVJC6GE1\/fIUOTbIOrE2FOApWDivlUvVaPNU\/f\/u8\/qPXg59b8LVARsX70\/RFmvKKnnCOHPwJx43meZjINRkFXXWyl07Y+JBHqfGSbfhLk4Xwl4QHuxpIeHRCroPNxMvJDm0yC5ETXxDNZoqZ52jhuwKXQPm1zzQSsgq1Zr9U\/\/V7TQiCVUq7rapIFr742afyINMTj36Md2YuQQQjBy0eiprXjWdu2\/\/bX\/\/QOJDFiAbSmxipv47jx6y+\/cXGOXnOOHK52ItC39K705uc3Y6PjY6Pjb35+4\/t++7R9T4muNX0STd30qHQgOtfgoerRLa6o4FasLn6TPnMrkhPd8zxTapbelczExnEDHem6rra6HH50sATzbbPYfPxUW1qCi9BM1KKUvzyfuyztga+IxVUs6J8yaMeKdEj0X7z87\/96wllb3i1rrt6x0XEpZfu0DZVG8xpjGFg7ltY71o6lySAhxMC2YnVzCoDW+p1XSbVvg0OQayCgPm+m5LdM77u6rsfDNZYQCYl+U9Bi7Fo6EV1KqXkPIdfRmHCxa3eFsbDa+YJJ4Loul+idi4pN\/J+\/TPIuoylU4zo1\/uTElLmM+ubnN+bw0LR\/iPn7qKMDmlHVWYHhtIu9QC+zQclO7XArluhcwCS3RFUyosO\/0T5tJ1zZIcUJ7gVtPiRRigbUpDXYb+4\/NPeJ04E5QRDUa\/WrE2HueIpN1HZsIdH3fU1Iw8EVu8Kff5U3gzLCMLR2LI3WkPTUiVA+7zXR1fXJUXRUYMzV0M5Ep\/ykc8c2Lm6Z3hVt2cIMhu6AzkSHIP\/0e808a1IpJYQQQsjlVbqwlk6L23g8iqLwoyOXVxGFi7V6ZECo98Va4cvzOf\/FS3jZcQsHUyIRKVcn4jy\/8vlZ7vuOu7PvW9EQo+v7PkbI52c5\/oqrE0GJNA\/HJgohVl6vIkCXNwscJgjY2lgvUKARvCjcl1Kv1V3XhdozNztPEkdKubFe2FgvwKt4f41RwBQPsfuUzXiVW4muzYCdb3ELaeSnJ1osQA+DuhAp7v59E8o0l7Lwn1QOKqY\/GLKNF0I7kTno+ACt1zE2NHMtDEMzlJc2a1IYrfYWOLwTJraaLdd1tUS4j0zpGxthAaehlp8mQy2b+Xg\/0P0ho6YCY66VcubBfjfTMbhNNlNmLZ30FnVdfmvX5MRU2pWIDkSn0HMehsVns8pBxdzWbnKaItERes4j1BU7MwO7lekW5Sc2g9laTu0tUkrtFXg1JcIQRCImH0oMw5DC3CmRjifwPI\/eG\/vVqAzl12pOh4IMjOXqjqfpmjolV9Y1M5Q7UDV73OQrNyI73FJK8YUMTadM+zkdiE4RuZjc+WyGqSxtBDwdC3HTra4Te1hUqhp2rkbyzH3CnYhuHqHIj2qRUtJ5BhqH+FEHQggtJxIpc4dbgBBiY70ABZEUxy7QgehBEIDop2OT3D6hbRDaXJ\/hvuGuPwRgKuv9OBVxMOhAdCml5gXnHj0hxH0QWhk6oAc\/7WJ6u+5yGMYfiM4SPQgCvoLDPXqDCUvKcBf05jeMTPfwn5Hrnb0usY6wDudX5aZn6Iots7hVjHXzF7eKCPKmf\/Ov8t3tgk2IzuUnWV7AtyBG0ryLT0hSE3gtlVJzs\/NQQTfWC2glBM\/QwQSLC0up5EvPfqzrAXD9Vj+65mfA2W43KS2TE1PcPsE+ebwFf8D1bj4IowU2Ov51jhx0Kh5ZXFjiI0QIwWsOg4d\/VHm3TPEn\/JZz5CCSlJfPM+B1I0YYBRGa\/kBOehFHebeMcAD6LyeoVnOEwSilyPU+OTEF9wMMsMmJKexmmpud5368W9HLn180ud7FMaJ\/IJKILjrPRDurxIQWTTk2Ol7cKmK1HDuhYD0jbmTl9SpkHnalEMXxLwJOEDtFHQ9gQ35uegYLjSM\/FuRBgsmJqdz0DF6df5XHLdrfiZoUt4pa+VQUrfPzb8EchWpo34L\/cuGNnCgnCAL8MTY6bts2vh3vom\/Bbmt4FyCzifq56Rl8LDLHjsAO6PHvjP6pud7b89HRqegeeFfRT7Ztk2Raeb26uLAEgTc5MYV5+Sai56ZnbNvGmgN\/C\/KAcFiBRx7EFCmlyB8FiY7HwRh4q1A+SI8\/bNseYbFG\/Lty0zPWjoVXSCmx5QKv0CS6c+TgLfjAjfUCPmHl9Soe0TzFc7PzWElFVScnpqwda3FhCS2DUBlNfCTvjt7\/oK7J9b7+wlYP0Vuim11Ci+r84rIWdLyJ6MgGDZWXTEURiZEOLkJGlnfLdOYWER0FgoV4lori8tIkOi1mo9HoozQi2raN\/1IeylncKlK8AIDaQt5jfI6NjkNJy7\/KLy4s0Wjk+ZN3R19+OTqW6\/f2zCNCv4lu7VjoQhhn6GmiIyiIIJObJLoWeaKUAlPVD4OSs5PEPCwBUB95ICCtHYuCQEmQK6UWF5Z6QnS8JQgCyPKN9QJEODZfa0QvbhVJ54b2Aq1JCGHtWHRKD6YdfC\/26CQM9OjXT6SbPkdx748m7TfRkQilk\/Ra9YOstm1DXMUSHXehC\/FlZhzTTJo3Z+f+h31S36G149V4O93C47ZtQ7MaGx0HHakoPE7ulA5ER9gj\/3C8FNXG8Tt4I1wonKM88AvaC5R++hy8tF6r01dwTexW9Ivo6gauU0jqPURvid5bCCHGRsfrtTrCZZOIMRgA2AHNA4Rwa2523vd9KrZvFb8v6CPR1Q2\/u5vw17kGj\/tMdKUU3CO56RmEgN+aX0qJ+X1udt7cqUm3UoXs\/3nRX6ID5k\/S3U99\/Z4TPcNdMAiiK6W07Y8Z0TMMGAMiulIq\/OhQqGNG9AwDxuCIDkCNyYieYcAYNNGVUjhEfMAvzTDk+AOIniHD4JERPcNQICN6hqFARvQMQ4GM6BmGAhnRMwwFMqJnGAr8P8uX2oHCLRtgAAAAAElFTkSuQmCC\" alt=\"\" width=\"248\" height=\"73\" \/><\/a><\/p>\n<p style=\"text-align: justify;\">Es kann sein, dass zwischenzeitlich weitere Einsatzstellen hinzugekommen sind, die in der Einsatzstellenb\u00f6rse jedoch noch nicht auftauchen. Wenn also nichts f\u00fcr dich dabei ist, kannst du dich gern an unsere Koordinationsstelle wenden. Wie du dich bewerben kannst, erf\u00e4hrst du <a title=\"Bewerben f\u00fcr einen Freiwilligendienst bei der AWO\" href=\"https:\/\/www.awo-jugendwerk-lsa.de\/awowp\/?page_id=323\">hier<\/a>.<\/p>\n","protected":false},"excerpt":{"rendered":"<p>Nicht jede soziale Einrichtung ist gleichzeitig auch eine Einsatzstelle f\u00fcr den Freiwilligendienst. Die Einsatzstellen m\u00fcssen bestimmte Kriterien erf\u00fcllen und von einem Tr\u00e4ger f\u00fcr Freiwilligendienste (z.B. dem Landesjugendwerk der AWO) bzw. dem Bundesamt f\u00fcr Familie und zivilgesellschaftliche Aufgaben anerkannt sein. Das Landesjugendwerk bietet ein breites Spektrum an M\u00f6glichkeiten f\u00fcr das freiwillige Engagement. Dabei handelt es sich <a class=\"more-link\" href=\"https:\/\/www.awo-jugendwerk-lsa.de\/awowp\/fsj\/fsj-einsatzstellen\/\">weiterlesen&#8230;<\/a><\/p>\n","protected":false},"author":2,"featured_media":0,"parent":110,"menu_order":1,"comment_status":"open","ping_status":"open","template":"","meta":{"_EventAllDay":false,"_EventTimezone":"","_EventStartDate":"","_EventEndDate":"","_EventStartDateUTC":"","_EventEndDateUTC":"","_EventShowMap":false,"_EventShowMapLink":false,"_EventURL":"","_EventCost":"","_EventCostDescription":"","_EventCurrencySymbol":"","_EventCurrencyCode":"","_EventCurrencyPosition":"","_EventDateTimeSeparator":"","_EventTimeRangeSeparator":"","_EventOrganizerID":[],"_EventVenueID":[],"_OrganizerEmail":"","_OrganizerPhone":"","_OrganizerWebsite":"","_VenueAddress":"","_VenueCity":"","_VenueCountry":"","_VenueProvince":"","_VenueState":"","_VenueZip":"","_VenuePhone":"","_VenueURL":"","_VenueStateProvince":"","_VenueLat":"","_VenueLng":"","_VenueShowMap":false,"_VenueShowMapLink":false,"footnotes":""},"class_list":["post-947","page","type-page","status-publish","hentry"],"_links":{"self":[{"href":"https:\/\/www.awo-jugendwerk-lsa.de\/awowp\/wp-json\/wp\/v2\/pages\/947","targetHints":{"allow":["GET"]}}],"collection":[{"href":"https:\/\/www.awo-jugendwerk-lsa.de\/awowp\/wp-json\/wp\/v2\/pages"}],"about":[{"href":"https:\/\/www.awo-jugendwerk-lsa.de\/awowp\/wp-json\/wp\/v2\/types\/page"}],"author":[{"embeddable":true,"href":"https:\/\/www.awo-jugendwerk-lsa.de\/awowp\/wp-json\/wp\/v2\/users\/2"}],"replies":[{"embeddable":true,"href":"https:\/\/www.awo-jugendwerk-lsa.de\/awowp\/wp-json\/wp\/v2\/comments?post=947"}],"version-history":[{"count":4,"href":"https:\/\/www.awo-jugendwerk-lsa.de\/awowp\/wp-json\/wp\/v2\/pages\/947\/revisions"}],"predecessor-version":[{"id":6927,"href":"https:\/\/www.awo-jugendwerk-lsa.de\/awowp\/wp-json\/wp\/v2\/pages\/947\/revisions\/6927"}],"up":[{"embeddable":true,"href":"https:\/\/www.awo-jugendwerk-lsa.de\/awowp\/wp-json\/wp\/v2\/pages\/110"}],"wp:attachment":[{"href":"https:\/\/www.awo-jugendwerk-lsa.de\/awowp\/wp-json\/wp\/v2\/media?parent=947"}],"curies":[{"name":"wp","href":"https:\/\/api.w.org\/{rel}","templated":true}]}}