{"id":8157,"date":"2026-04-08T08:22:26","date_gmt":"2026-04-08T07:22:26","guid":{"rendered":"https:\/\/www.awo-jugendwerk-lsa.de\/awowp\/?page_id=8157"},"modified":"2026-04-08T08:22:27","modified_gmt":"2026-04-08T07:22:27","slug":"jugendclub-burg-2","status":"publish","type":"page","link":"https:\/\/www.awo-jugendwerk-lsa.de\/awowp\/jugendclub-burg-2\/","title":{"rendered":"Jugendclub Burg"},"content":{"rendered":"\n<p><br>In der Blumenthalerstra\u00dfe 35c, auf dem Gel\u00e4nde des ehemaligen Schlachthofes ist seit 2024 unser Kinder -und Jugendzentrum zu finden.<br>Hier sind alle Kinder, Jugendlichen und jungen Erwachsenen von 14-27 Jahren willkommen &#8211; egal wie oft ihr kommt oder was euch gerade besch\u00e4ftigt. Auch j\u00fcngere Jugendliche sind nach Absprache willkommen.<br>Ihr k\u00f6nnt i.d.R. von Montag bis Freitag, 14:00-19:00 Uhr vorbeischauen, abh\u00e4ngen, neue Leute kennenlernen oder an Aktionen teilnehmen. Das Haus bietet euch auf zwei Etagen viele M\u00f6glichkeiten, zum Beispiel zum Tischtennis oder Kicker spielen, gemeinsames Kochen in der K\u00fcche, kreative Projekte oder einfach nur quatschen, ihr k\u00f6nnt mitbestimmen, mitplanen und ausprobieren. Drau\u00dfen wartet ein sch\u00f6ner Au\u00dfenbereich auf euch, der besonders im Sommer zum verweilen einl\u00e4dt. Alles kann, nichts muss &#8211; hier z\u00e4hlen Freiwilligkeit, Offenheit und Spa\u00df.\u00a0\u00a0\u00a0\u00a0\u00a0\u00a0\u00a0\u00a0\u00a0\u00a0\u00a0\u00a0\u00a0\u00a0\u00a0\u00a0\u00a0\u00a0\u00a0\u00a0\u00a0\u00a0<br><br><strong>Unsere sozialp\u00e4dagogische Arbeit<\/strong>\u00a0\u2013 offen, niedrigschwellig und lebensweltorientiert<\/p>\n\n\n\n<p>Das Kinder- und Jugendzentrum ist ein Angebot der offenen Kinder- und Jugendarbeit und versteht sich als niedrigschwelliger Raum f\u00fcr junge Menschen. Ziel ist es, Kinder, Jugendliche und junge Erwachsene in ihrer individuellen Entwicklung zu begleiten, zu st\u00e4rken und zu unterst\u00fctzen.<\/p>\n\n\n\n<p>Ein zentraler Schwerpunkt der Arbeit liegt auf Partizipation: Die Besuchenden werden aktiv in die Gestaltung des Alltags, der Angebote und der R\u00e4ume einbezogen. Die Angebote richten sich nach den Bed\u00fcrfnissen, Interessen und W\u00fcnschen der Kinder und Jugendlichen. Dadurch erfahren sie Selbstwirksamkeit, \u00fcbernehmen Verantwortung und erleben demokratische Prozesse im Alltag.<br>Im Club werden die Lebenslagen und Themen der Besuchenden ernst genommen. Neben Freizeit- und Bildungsangeboten, gibt es ebenfalls die M\u00f6glichkeit auf Unterst\u00fctzung bei besonderen Herausforderungen, z.B. durch Gespr\u00e4che, Beratung oder Vermittlung an weiterf\u00fchrende Hilfsangebote.<\/p>\n\n\n\n<p><strong>Die p\u00e4dagogische Haltung ist gekennzeichnet durch:<\/strong><\/p>\n\n\n\n<ul class=\"wp-block-list\">\n<li>Offenheit<\/li>\n\n\n\n<li>Wertsch\u00e4tzung<\/li>\n\n\n\n<li>Partizipation<\/li>\n\n\n\n<li>Parteilichkeit<\/li>\n\n\n\n<li>Bed\u00fcrfnis-, Lebenswelt- und AlltagsorientierungBeziehungen werden auf Augenh\u00f6he gestaltet, Vielfalt wird als St\u00e4rke verstanden.<\/li>\n\n\n\n<li><\/li>\n<\/ul>\n\n\n\n<p>Als Teil des sozialen Netzwerks der Stadt Burg arbeiten wir kooperativ mit verschiedenen Netzwerkpartnern zusammen.\u00a0<\/p>\n\n\n\n<p><strong>Ihre Ansprechpartnerin vor Ort:<\/strong><br>Alina Eva Nicklas<br>E-Mail:&nbsp;<a href=\"mailto:a.nicklas@awo-jugendwerk-lsa.de\">a.nicklas@awo-jugendwerk-lsa.de<\/a><br>Tel.: 0163 1410074<\/p>\n","protected":false},"excerpt":{"rendered":"<p>In der Blumenthalerstra\u00dfe 35c, auf dem Gel\u00e4nde des ehemaligen Schlachthofes ist seit 2024 unser Kinder -und Jugendzentrum zu finden.Hier sind alle Kinder, Jugendlichen und jungen Erwachsenen von 14-27 Jahren willkommen &#8211; egal wie oft ihr kommt oder was euch gerade besch\u00e4ftigt. Auch j\u00fcngere Jugendliche sind nach Absprache willkommen.Ihr k\u00f6nnt i.d.R. von Montag bis Freitag, 14:00-19:00 <a class=\"more-link\" href=\"https:\/\/www.awo-jugendwerk-lsa.de\/awowp\/jugendclub-burg-2\/\">weiterlesen&#8230;<\/a><\/p>\n","protected":false},"author":15,"featured_media":0,"parent":0,"menu_order":0,"comment_status":"closed","ping_status":"closed","template":"","meta":{"_EventAllDay":false,"_EventTimezone":"","_EventStartDate":"","_EventEndDate":"","_EventStartDateUTC":"","_EventEndDateUTC":"","_EventShowMap":false,"_EventShowMapLink":false,"_EventURL":"","_EventCost":"","_EventCostDescription":"","_EventCurrencySymbol":"","_EventCurrencyCode":"","_EventCurrencyPosition":"","_EventDateTimeSeparator":"","_EventTimeRangeSeparator":"","_EventOrganizerID":[],"_EventVenueID":[],"_OrganizerEmail":"","_OrganizerPhone":"","_OrganizerWebsite":"","_VenueAddress":"","_VenueCity":"","_VenueCountry":"","_VenueProvince":"","_VenueState":"","_VenueZip":"","_VenuePhone":"","_VenueURL":"","_VenueStateProvince":"","_VenueLat":"","_VenueLng":"","_VenueShowMap":false,"_VenueShowMapLink":false,"footnotes":""},"class_list":["post-8157","page","type-page","status-publish","hentry"],"_links":{"self":[{"href":"https:\/\/www.awo-jugendwerk-lsa.de\/awowp\/wp-json\/wp\/v2\/pages\/8157","targetHints":{"allow":["GET"]}}],"collection":[{"href":"https:\/\/www.awo-jugendwerk-lsa.de\/awowp\/wp-json\/wp\/v2\/pages"}],"about":[{"href":"https:\/\/www.awo-jugendwerk-lsa.de\/awowp\/wp-json\/wp\/v2\/types\/page"}],"author":[{"embeddable":true,"href":"https:\/\/www.awo-jugendwerk-lsa.de\/awowp\/wp-json\/wp\/v2\/users\/15"}],"replies":[{"embeddable":true,"href":"https:\/\/www.awo-jugendwerk-lsa.de\/awowp\/wp-json\/wp\/v2\/comments?post=8157"}],"version-history":[{"count":1,"href":"https:\/\/www.awo-jugendwerk-lsa.de\/awowp\/wp-json\/wp\/v2\/pages\/8157\/revisions"}],"predecessor-version":[{"id":8158,"href":"https:\/\/www.awo-jugendwerk-lsa.de\/awowp\/wp-json\/wp\/v2\/pages\/8157\/revisions\/8158"}],"wp:attachment":[{"href":"https:\/\/www.awo-jugendwerk-lsa.de\/awowp\/wp-json\/wp\/v2\/media?parent=8157"}],"curies":[{"name":"wp","href":"https:\/\/api.w.org\/{rel}","templated":true}]}}