{"id":8085,"date":"2025-11-11T15:41:53","date_gmt":"2025-11-11T14:41:53","guid":{"rendered":"https:\/\/www.awo-jugendwerk-lsa.de\/awowp\/?page_id=8085"},"modified":"2025-11-11T15:41:54","modified_gmt":"2025-11-11T14:41:54","slug":"kita-die-wurzel","status":"publish","type":"page","link":"https:\/\/www.awo-jugendwerk-lsa.de\/awowp\/kita-sozialarbeit\/kita-die-wurzel\/","title":{"rendered":"Kita Die Wurzel"},"content":{"rendered":"\n<h4 class=\"wp-block-heading\">Kita-Sozialarbeiterin:\u00a0 \u00a0Karoline Gottschalk<\/h4>\n\n\n\n<h4 class=\"wp-block-heading\">Telefon:\u00a0\u00a0\u00a0\u00a0\u00a0\u00a0\u00a0\u00a0\u00a0\u00a0\u00a0\u00a0\u00a0\u00a0\u00a0\u00a0\u00a0\u00a0\u00a0\u00a0\u00a0\u00a0\u00a0\u00a0\u00a0\u00a0\u00a0 01520-782 72 52<\/h4>\n\n\n\n<h4 class=\"wp-block-heading\">E-Mail:\u00a0 \u00a0 \u00a0 \u00a0 \u00a0 \u00a0 \u00a0 \u00a0 \u00a0 \u00a0 \u00a0 \u00a0 \u00a0 \u00a0 \u00a0 K.Gottschalk@AWO-Jugendwerk-LSA.de<br><\/h4>\n\n\n\n<p>Die Kindertagesst\u00e4tte \u201eDie Wurzel\u201c liegt im Norden von Magdeburg im Stadtteil \u201eKannenstieg\u201c &#8211;  direkt neben dem B\u00fcrgerhaus. Es handelt sich hierbei um eine Einrichtung der PIN GmbH vom Parit\u00e4tischen mit 137 Pl\u00e4tzen f\u00fcr Kinder von 0-6 Jahren.<\/p>\n\n\n\n<p>In der n\u00e4heren Umgebung befinden sich Mehrfamilienh\u00e4user, kulturelle Einrichtungen, Spielpl\u00e4tze und Gr\u00fcnanlagen. Dar\u00fcber hinaus ist die Kita infrastrukturell g\u00fcnstig gelegen und die Stra\u00dfenbahn kann fu\u00dfl\u00e4ufig in wenigen Minuten erreicht werden.<\/p>\n\n\n\n<p>Das p\u00e4dagogische Konzept orientiert sich am Bildungsprogramm und integriert insbesondere den Gedanken der Partizipation: Mitbestimmung und eine gewaltfreie Kommunikation auf Augenh\u00f6he werden in der Einrichtung als wichtig erachtet, um die Kinder in der Wahrnehmung und Aus\u00fcbung ihrer Selbstwirksamkeit, Eigenverantwortung und Selbstst\u00e4ndigkeit zu f\u00f6rdern. Daher sind die Kinder an den sie betreffenden Entscheidungen ausnahmslos beteiligt. Werte wie Toleranz, Anerkennung, Wertsch\u00e4tzung und Respekt werden hier von p\u00e4dagogischen Fachkr\u00e4ften und Kindern gleicherma\u00dfen gesch\u00e4tzt und gelebt.<\/p>\n","protected":false},"excerpt":{"rendered":"<p>Kita-Sozialarbeiterin:\u00a0 \u00a0Karoline Gottschalk Telefon:\u00a0\u00a0\u00a0\u00a0\u00a0\u00a0\u00a0\u00a0\u00a0\u00a0\u00a0\u00a0\u00a0\u00a0\u00a0\u00a0\u00a0\u00a0\u00a0\u00a0\u00a0\u00a0\u00a0\u00a0\u00a0\u00a0\u00a0 01520-782 72 52 E-Mail:\u00a0 \u00a0 \u00a0 \u00a0 \u00a0 \u00a0 \u00a0 \u00a0 \u00a0 \u00a0 \u00a0 \u00a0 \u00a0 \u00a0 \u00a0 K.Gottschalk@AWO-Jugendwerk-LSA.de Die Kindertagesst\u00e4tte \u201eDie Wurzel\u201c liegt im Norden von Magdeburg im Stadtteil \u201eKannenstieg\u201c &#8211; direkt neben dem B\u00fcrgerhaus. Es handelt sich hierbei um eine Einrichtung der PIN GmbH vom Parit\u00e4tischen mit 137 Pl\u00e4tzen <a class=\"more-link\" href=\"https:\/\/www.awo-jugendwerk-lsa.de\/awowp\/kita-sozialarbeit\/kita-die-wurzel\/\">weiterlesen&#8230;<\/a><\/p>\n","protected":false},"author":23,"featured_media":0,"parent":5720,"menu_order":0,"comment_status":"closed","ping_status":"closed","template":"","meta":{"_EventAllDay":false,"_EventTimezone":"","_EventStartDate":"","_EventEndDate":"","_EventStartDateUTC":"","_EventEndDateUTC":"","_EventShowMap":false,"_EventShowMapLink":false,"_EventURL":"","_EventCost":"","_EventCostDescription":"","_EventCurrencySymbol":"","_EventCurrencyCode":"","_EventCurrencyPosition":"","_EventDateTimeSeparator":"","_EventTimeRangeSeparator":"","_EventOrganizerID":[],"_EventVenueID":[],"_OrganizerEmail":"","_OrganizerPhone":"","_OrganizerWebsite":"","_VenueAddress":"","_VenueCity":"","_VenueCountry":"","_VenueProvince":"","_VenueState":"","_VenueZip":"","_VenuePhone":"","_VenueURL":"","_VenueStateProvince":"","_VenueLat":"","_VenueLng":"","_VenueShowMap":false,"_VenueShowMapLink":false,"footnotes":""},"class_list":["post-8085","page","type-page","status-publish","hentry"],"_links":{"self":[{"href":"https:\/\/www.awo-jugendwerk-lsa.de\/awowp\/wp-json\/wp\/v2\/pages\/8085","targetHints":{"allow":["GET"]}}],"collection":[{"href":"https:\/\/www.awo-jugendwerk-lsa.de\/awowp\/wp-json\/wp\/v2\/pages"}],"about":[{"href":"https:\/\/www.awo-jugendwerk-lsa.de\/awowp\/wp-json\/wp\/v2\/types\/page"}],"author":[{"embeddable":true,"href":"https:\/\/www.awo-jugendwerk-lsa.de\/awowp\/wp-json\/wp\/v2\/users\/23"}],"replies":[{"embeddable":true,"href":"https:\/\/www.awo-jugendwerk-lsa.de\/awowp\/wp-json\/wp\/v2\/comments?post=8085"}],"version-history":[{"count":1,"href":"https:\/\/www.awo-jugendwerk-lsa.de\/awowp\/wp-json\/wp\/v2\/pages\/8085\/revisions"}],"predecessor-version":[{"id":8086,"href":"https:\/\/www.awo-jugendwerk-lsa.de\/awowp\/wp-json\/wp\/v2\/pages\/8085\/revisions\/8086"}],"up":[{"embeddable":true,"href":"https:\/\/www.awo-jugendwerk-lsa.de\/awowp\/wp-json\/wp\/v2\/pages\/5720"}],"wp:attachment":[{"href":"https:\/\/www.awo-jugendwerk-lsa.de\/awowp\/wp-json\/wp\/v2\/media?parent=8085"}],"curies":[{"name":"wp","href":"https:\/\/api.w.org\/{rel}","templated":true}]}}