{"id":7448,"date":"2024-06-19T11:50:12","date_gmt":"2024-06-19T10:50:12","guid":{"rendered":"https:\/\/www.awo-jugendwerk-lsa.de\/awowp\/?page_id=7448"},"modified":"2024-06-19T11:51:21","modified_gmt":"2024-06-19T10:51:21","slug":"fahrradwerkstatt-bicycle-workshop","status":"publish","type":"page","link":"https:\/\/www.awo-jugendwerk-lsa.de\/awowp\/fahrradwerkstatt-bicycle-workshop\/","title":{"rendered":"Fahrradwerkstatt \/ Bicycle workshop"},"content":{"rendered":"\n<p>Jeden 2. Montag im Monat von 12:00 bis 14:00 Uhr im Mehrgenerationenhaus, Bahnhofstra\u00dfe 11-12, 39218 Sch\u00f6nebeck.<\/p>\n<p>Wir unterst\u00fctzen Sie gerne bei Fahrradreparaturen.<\/p>\n<p>Gemeinsam versuchen wir, Ihre Fahrr\u00e4der wieder in Gang zu bringen. Wir freuen uns auch \u00fcber Fahrradspenden oder Fahrradteile.<\/p>\n<p>Die gespendeten Fahrr\u00e4der geben wir an Menschen weiter, die sich kein eigenes Fahrrad leisten k\u00f6nnen.<\/p>\n<p>Weitere Informationen findet ihr in unserem <a href=\"https:\/\/www.canva.com\/design\/DAFdRdQPJTw\/w36ilQxUi9uu2nB2nVAi9w\/view?utm_content=DAFdRdQPJTw&amp;utm_campaign=designshare&amp;utm_medium=link&amp;utm_source=editor\">Flyer<\/a>.<\/p>\n<p>Bei Fragen wenden Sie sich bitte an:<br \/>E-Mail: <a rel=\"noreferrer\">p.franzelius@awo-jugendwerk-lsa.de<\/a><\/p>\n<div id=\"wrap\">\n<div id=\"tt__container\">\n<div class=\"row\">\n<div class=\"span8\">\n<div id=\"text_translation_react\">\n<div class=\"App\">\n<div class=\"TranslationContainer\">\n<div class=\"TranslationPanel\">\n<div class=\"RightPanel\">\n<div class=\"Output INFO\" dir=\"ltr\"><span id=\"[0,5]\" class=\"word\">Every<\/span> <span id=\"[6,12]\" class=\"word\">second<\/span> <span id=\"[13,19]\" class=\"word\">Monday<\/span> <span id=\"[20,22]\" class=\"word\">of<\/span> <span id=\"[23,26]\" class=\"word\">the<\/span> <span id=\"[27,32]\" class=\"word\">month<\/span> <span id=\"[33,37]\" class=\"word\">from<\/span> <span id=\"[38,43]\" class=\"word\">12pm<\/span> <span id=\"[44,46]\" class=\"word\">to<\/span> <span id=\"[47,52]\" class=\"word\">2pm<\/span> <span id=\"[53,55]\" class=\"word\">in<\/span> <span id=\"[56,59]\" class=\"word\">the<\/span> Mehrgenerationenhaus, <span id=\"[83,96]\" class=\"word\">Bahnhofstra\u00dfe<\/span> <span id=\"[97,102]\" class=\"word\">11-12<\/span>, <span id=\"[104,109]\" class=\"word\">39218<\/span> <span id=\"[110,120]\" class=\"word\">Sch\u00f6nebeck<\/span>.<br \/><br \/><span id=\"[123,125]\" class=\"word\">We<\/span> <span id=\"[126,129]\" class=\"word\">are<\/span> <span id=\"[130,135]\" class=\"word\">happy<\/span> <span id=\"[136,138]\" class=\"word\">to<\/span> <span id=\"[139,145]\" class=\"word\">assist<\/span> <span id=\"[146,149]\" class=\"word\">you<\/span> <span id=\"[150,154]\" class=\"word\">with<\/span> <span id=\"[155,162]\" class=\"word\">bicycle<\/span> <span id=\"[163,170]\" class=\"word\">repairs<\/span>.<br \/><br \/><span id=\"[173,181]\" class=\"word\">Together<\/span> <span id=\"[182,184]\" class=\"word\">we&#8217;ll<\/span> <span id=\"[185,188]\" class=\"word\">try<\/span> <span id=\"[189,191]\" class=\"word\">to<\/span> <span id=\"[192,195]\" class=\"word\">get<\/span> <span id=\"[196,200]\" class=\"word\">your<\/span> <span id=\"[201,206]\" class=\"word\">bikes<\/span> <span id=\"[207,212]\" class=\"word\">going<\/span> <span id=\"[213,218]\" class=\"word\">again<\/span>. <span id=\"[220,222]\" class=\"word\">We<\/span> <span id=\"[223,226]\" class=\"word\">are<\/span> <span id=\"[232,237]\" class=\"word\">happy<\/span> <span id=\"[238,240]\" class=\"word\">to<\/span> <span id=\"[241,248]\" class=\"word\">receive<\/span> <span id=\"[249,256]\" class=\"word\">bicycle<\/span> <span id=\"[257,266]\" class=\"word\">donations<\/span> <span id=\"[267,269]\" class=\"word\">or<\/span> <span id=\"[270,277]\" class=\"word\">bicycle<\/span> <span id=\"[278,283]\" class=\"word\">parts as well<\/span>.<br \/><br \/><span id=\"[286,288]\" class=\"word\">We<\/span> <span id=\"[289,293]\" class=\"word\">pass<\/span> <span id=\"[294,296]\" class=\"word\">on<\/span> <span id=\"[297,300]\" class=\"word\">the<\/span> <span id=\"[301,308]\" class=\"word\">donated<\/span> <span id=\"[309,317]\" class=\"word\">bicycles<\/span> <span id=\"[318,320]\" class=\"word\">to<\/span> <span id=\"[321,327]\" class=\"word\">people<\/span> <span id=\"[328,331]\" class=\"word\">who<\/span> <span id=\"[332,338]\" class=\"word\">cannot<\/span> <span id=\"[339,345]\" class=\"word\">afford<\/span> <span id=\"[346,351]\" class=\"word\">their<\/span> <span id=\"[352,355]\" class=\"word\">own<\/span> <span id=\"[356,364]\" class=\"word\">bicycles<\/span>.<\/div>\n<div dir=\"ltr\">\u00a0<\/div>\n<div class=\"Output INFO\" dir=\"ltr\">More information can be found on our <a href=\"https:\/\/www.canva.com\/design\/DAFdRdQPJTw\/w36ilQxUi9uu2nB2nVAi9w\/view?utm_content=DAFdRdQPJTw&amp;utm_campaign=designshare&amp;utm_medium=link&amp;utm_source=editor\">flyer<\/a>.\u00a0<br \/><br \/><span id=\"[367,369]\" class=\"word\">If<\/span> <span id=\"[370,373]\" class=\"word\">you<\/span> <span id=\"[374,378]\" class=\"word\">have<\/span> <span id=\"[379,382]\" class=\"word\">any<\/span> <span id=\"[383,392]\" class=\"word\">questions<\/span>, <span id=\"[394,400]\" class=\"word\">please<\/span> <span id=\"[401,408]\" class=\"word\">contact<\/span>:<\/div>\n<div dir=\"ltr\">E-Mail: p.franzelius@awo-jugendwerk-lsa.de\u00a0<\/div>\n<div dir=\"ltr\">\u00a0<\/div>\n<div class=\"BottomBar\">\n<div class=\"Icon \" title=\"Anh\u00f6ren\">\u00a0<\/div>\n<div class=\"Icon Copy\" title=\"\u00dcbersetzung kopieren\">\u00a0<\/div>\n<\/div>\n<\/div>\n<\/div>\n<div class=\"AdditionalInfo\">\n<div class=\"PoweredBy\">\u00a0<\/div>\n<\/div>\n<\/div>\n<\/div>\n<\/div>\n<div class=\"text-translation-subline\">\n<div class=\"text-translation-link-to-help-section\" title=\"Hilfe\">\u00a0<\/div>\n<div class=\"text-translation-rating\">\u00a0<\/div>\n<\/div>\n<\/div>\n<\/div>\n<\/div>\n<\/div>\n<footer id=\"page-footer\" class=\"footer\">\n<div class=\"container\">\n<div class=\"grid\">\n<div class=\"grid-item\">\u00a0<\/div>\n<\/div>\n<\/div>\n<\/footer>\n","protected":false},"excerpt":{"rendered":"<p>Jeden 2. Montag im Monat von 12:00 bis 14:00 Uhr im Mehrgenerationenhaus, Bahnhofstra\u00dfe 11-12, 39218 Sch\u00f6nebeck. Wir unterst\u00fctzen Sie gerne bei Fahrradreparaturen. Gemeinsam versuchen wir, Ihre Fahrr\u00e4der wieder in Gang zu bringen. Wir freuen uns auch \u00fcber Fahrradspenden oder Fahrradteile. Die gespendeten Fahrr\u00e4der geben wir an Menschen weiter, die sich kein eigenes Fahrrad leisten k\u00f6nnen. <a class=\"more-link\" href=\"https:\/\/www.awo-jugendwerk-lsa.de\/awowp\/fahrradwerkstatt-bicycle-workshop\/\">weiterlesen&#8230;<\/a><\/p>\n","protected":false},"author":28,"featured_media":0,"parent":0,"menu_order":0,"comment_status":"closed","ping_status":"closed","template":"","meta":{"_EventAllDay":false,"_EventTimezone":"","_EventStartDate":"","_EventEndDate":"","_EventStartDateUTC":"","_EventEndDateUTC":"","_EventShowMap":false,"_EventShowMapLink":false,"_EventURL":"","_EventCost":"","_EventCostDescription":"","_EventCurrencySymbol":"","_EventCurrencyCode":"","_EventCurrencyPosition":"","_EventDateTimeSeparator":"","_EventTimeRangeSeparator":"","_EventOrganizerID":[],"_EventVenueID":[],"_OrganizerEmail":"","_OrganizerPhone":"","_OrganizerWebsite":"","_VenueAddress":"","_VenueCity":"","_VenueCountry":"","_VenueProvince":"","_VenueState":"","_VenueZip":"","_VenuePhone":"","_VenueURL":"","_VenueStateProvince":"","_VenueLat":"","_VenueLng":"","_VenueShowMap":false,"_VenueShowMapLink":false,"footnotes":""},"class_list":["post-7448","page","type-page","status-publish","hentry"],"_links":{"self":[{"href":"https:\/\/www.awo-jugendwerk-lsa.de\/awowp\/wp-json\/wp\/v2\/pages\/7448","targetHints":{"allow":["GET"]}}],"collection":[{"href":"https:\/\/www.awo-jugendwerk-lsa.de\/awowp\/wp-json\/wp\/v2\/pages"}],"about":[{"href":"https:\/\/www.awo-jugendwerk-lsa.de\/awowp\/wp-json\/wp\/v2\/types\/page"}],"author":[{"embeddable":true,"href":"https:\/\/www.awo-jugendwerk-lsa.de\/awowp\/wp-json\/wp\/v2\/users\/28"}],"replies":[{"embeddable":true,"href":"https:\/\/www.awo-jugendwerk-lsa.de\/awowp\/wp-json\/wp\/v2\/comments?post=7448"}],"version-history":[{"count":2,"href":"https:\/\/www.awo-jugendwerk-lsa.de\/awowp\/wp-json\/wp\/v2\/pages\/7448\/revisions"}],"predecessor-version":[{"id":7450,"href":"https:\/\/www.awo-jugendwerk-lsa.de\/awowp\/wp-json\/wp\/v2\/pages\/7448\/revisions\/7450"}],"wp:attachment":[{"href":"https:\/\/www.awo-jugendwerk-lsa.de\/awowp\/wp-json\/wp\/v2\/media?parent=7448"}],"curies":[{"name":"wp","href":"https:\/\/api.w.org\/{rel}","templated":true}]}}