{"id":7279,"date":"2024-04-24T11:44:40","date_gmt":"2024-04-24T10:44:40","guid":{"rendered":"https:\/\/www.awo-jugendwerk-lsa.de\/awowp\/?page_id=7279"},"modified":"2024-12-18T14:04:33","modified_gmt":"2024-12-18T13:04:33","slug":"streetwork","status":"publish","type":"page","link":"https:\/\/www.awo-jugendwerk-lsa.de\/awowp\/streetwork\/","title":{"rendered":"Streetwork Gommern"},"content":{"rendered":"\n\n\n<div style=\"height:30px\" aria-hidden=\"true\" class=\"wp-block-spacer\"><\/div>\n\n\n\n<h3 class=\"wp-block-heading\">Kontaktdaten:<\/h3>\n\n\n\n\n\n<div class=\"wp-block-media-text has-media-on-the-right is-stacked-on-mobile\"><div class=\"wp-block-media-text__content\">\n<p><strong>Name<\/strong>:<br>Josephine Lippold \u2013 Soziale Arbeit (B.A.)<\/p>\n\n\n\n<p><strong>E-Mail<\/strong>:<br><a href=\"mailto:J.Lippold@AWO-Jugendwerk-LSA.de\">J.Lippold@AWO-Jugendwerk-LSA.de<\/a><\/p>\n\n\n\n<p><strong>Telefon<\/strong>:<br>0173\/ 8504525<\/p>\n\n\n\n<p><strong>B\u00fcroadresse<\/strong>:<br>Haus K 30, Raum 403 Magdeburger Stra\u00dfe 26a 39245 Gommern<\/p>\n\n\n\n<p><strong>Sprechzeiten<\/strong>:<br>Nach Vereinbarung<\/p>\n\n\n\n<p><strong>Tr\u00e4gerschaft<\/strong>:<br>Landesjugendwerk der AWO Sachsen-Anhalt e.V. Sch\u00f6nebecker Stra\u00dfe 82-84 39104 Magdeburg<\/p>\n<\/div><figure class=\"wp-block-media-text__media\"><img loading=\"lazy\" decoding=\"async\" width=\"667\" height=\"800\" src=\"https:\/\/www.awo-jugendwerk-lsa.de\/awowp\/wp-content\/uploads\/2024\/04\/foto-Josephine_Lippold-1.jpg\" alt=\"\" class=\"wp-image-7285 size-full\" srcset=\"https:\/\/www.awo-jugendwerk-lsa.de\/awowp\/wp-content\/uploads\/2024\/04\/foto-Josephine_Lippold-1.jpg 667w, https:\/\/www.awo-jugendwerk-lsa.de\/awowp\/wp-content\/uploads\/2024\/04\/foto-Josephine_Lippold-1-250x300.jpg 250w, https:\/\/www.awo-jugendwerk-lsa.de\/awowp\/wp-content\/uploads\/2024\/04\/foto-Josephine_Lippold-1-20x24.jpg 20w, https:\/\/www.awo-jugendwerk-lsa.de\/awowp\/wp-content\/uploads\/2024\/04\/foto-Josephine_Lippold-1-30x36.jpg 30w, https:\/\/www.awo-jugendwerk-lsa.de\/awowp\/wp-content\/uploads\/2024\/04\/foto-Josephine_Lippold-1-40x48.jpg 40w\" sizes=\"auto, (max-width: 667px) 100vw, 667px\" \/><\/figure><\/div>\n\n\n\n<div style=\"height:100px\" aria-hidden=\"true\" class=\"wp-block-spacer\"><\/div>\n\n\n\n<h3 class=\"wp-block-heading\">Arbeitsschwerpunkte<\/h3>\n\n\n\n<p><\/p>\n\n\n\n<p><\/p>\n\n\n\n<p>Stra\u00dfenpr\u00e4senz<\/p>\n<ul>\n<li style=\"list-style-type: none;\">\n<ul>\n<li>Kontaktaufnahme durch kontinuierliches und gezieltes Aufsuchen im \u00f6ffentlichen Raum<\/li>\n<li>Aufbau einer vertraulichen sowie belastbaren Beziehung<\/li>\n<\/ul>\n<\/li>\n<\/ul>\n<p>Einzelfallhilfe<\/p>\n<ul>\n<li style=\"list-style-type: none;\">\n<ul>\n<li>Beratung und Unterst\u00fctzung bei individuellen Problemlagen (z.B. Konflikte in Familie, Gruppen, Schule oder weiteren Institutionen, Ausbildungs- oder Arbeitssuche, Rauschmittelkonsum, Schulden, Straff\u00e4lligkeit\u2026)<\/li>\n<li>Begleitung und Unterst\u00fctzung bei Beh\u00f6rdeng\u00e4ngen sowie Vermittlung in weiterf\u00fchrende Hilfen<\/li>\n<\/ul>\n<\/li>\n<\/ul>\n<p>Gruppenangebote<\/p>\n<ul>\n<li style=\"list-style-type: none;\">\n<ul>\n<li>niedrigschwellige Angebote der Projekt- und Bildungsarbeit (z.B. erlebnis- oder kulturp\u00e4dagogische Angebote, Ausfl\u00fcge sowie Ferienfahrten)<\/li>\n<li>Unterst\u00fctzung bei der Organisation und Durchf\u00fchrung von Freizeitaktivit\u00e4ten<\/li>\n<\/ul>\n<\/li>\n<\/ul>\n<p>Netzwerkarbeit<\/p>\n<ul>\n<li style=\"list-style-type: none;\">\n<ul>\n<li>Zusammenarbeit mit kommunalen Einrichtungen, \u00c4mtern, Institutionen, freien Tr\u00e4gern, Vereinen sowie weiteren lokalen Akteur*innen<\/li>\n<\/ul>\n<\/li>\n<\/ul>\n\n\n\n<div style=\"height:50px\" aria-hidden=\"true\" class=\"wp-block-spacer\"><\/div>\n\n\n\n<div class=\"wp-block-group is-nowrap is-layout-flex wp-container-core-group-is-layout-ad2f72ca wp-block-group-is-layout-flex\">\n<h3 class=\"wp-block-heading\">Zielgruppen: <\/h3>\n\n\n\n\n\n<p><\/p>\n<\/div>\n\n\n\n<p><\/p>\n\n\n\n<ul>\n<li>Kinder, Jugendliche und junge Erwachsene<\/li>\n<\/ul>\n\n\n\n\n\n<div style=\"height:50px\" aria-hidden=\"true\" class=\"wp-block-spacer\"><\/div>\n\n\n\n<div class=\"wp-block-group is-nowrap is-layout-flex wp-container-core-group-is-layout-ad2f72ca wp-block-group-is-layout-flex\">\n<h3 class=\"wp-block-heading\">Zielstellung:<\/h3>\n\n\n\n<p><\/p>\n<\/div>\n\n\n\n<p><\/p>\n\n\n\n<ul>\n<li>F\u00f6rderung der Teilhabe an der Gemeinschaft und kulturellen Lebens, soziale Integration sowie Mitgestaltung, Mitbestimmung und Mitverantwortung<\/li>\n<li>F\u00f6rderung zur Bef\u00e4higung der Selbstbestimmung sowie eigenverantwortlichen und gelingenden Lebensf\u00fchrung<\/li>\n<li>Beitrag zum Bildungserwerb durch F\u00f6rderung informellen Lernens bzw. non-formaler Bildungsangebote<\/li>\n<li>Aktivierung von Ressourcen und Selbsthilfepotentialen<\/li>\n<li>F\u00f6rderung von M\u00f6glichkeiten zur Entfaltung der eigenen Pers\u00f6nlichkeit (Erlangen von sozialen Kompetenzen wie Konfliktf\u00e4higkeit, Ausdrucksf\u00e4higkeit, Teamf\u00e4higkeit, Verantwortungsf\u00e4higkeit)<\/li>\n<li>Regelm\u00e4\u00dfige Angebote zur Bereicherung des jugendkulturellen Lebens<\/li>\n<\/ul>\n\n\n\n\n\n<div style=\"height:50px\" aria-hidden=\"true\" class=\"wp-block-spacer\"><\/div>\n\n\n\n<div class=\"wp-block-group is-nowrap is-layout-flex wp-container-core-group-is-layout-ad2f72ca wp-block-group-is-layout-flex\">\n<div class=\"wp-block-group is-nowrap is-layout-flex wp-container-core-group-is-layout-ad2f72ca wp-block-group-is-layout-flex\">\n<h3 class=\"wp-block-heading\">P\u00e4dagogische Grunds\u00e4tze:<\/h3>\n<\/div>\n<\/div>\n\n\n\n<p><\/p>\n\n\n\n<ul>\n<li>Offenheit<\/li>\n<li>Freiwilligkeit<\/li>\n<li>Partizipation<\/li>\n<li>Parteilichkeit<\/li>\n<li>Bed\u00fcrfnis-, Lebenswelt- und Alltagsorientierung<\/li>\n<li>Kontinuit\u00e4t und Verbindlichkeit<\/li>\n<\/ul>\n","protected":false},"excerpt":{"rendered":"<p>Kontaktdaten: Name:Josephine Lippold \u2013 Soziale Arbeit (B.A.) E-Mail:J.Lippold@AWO-Jugendwerk-LSA.de Telefon:0173\/ 8504525 B\u00fcroadresse:Haus K 30, Raum 403 Magdeburger Stra\u00dfe 26a 39245 Gommern Sprechzeiten:Nach Vereinbarung Tr\u00e4gerschaft:Landesjugendwerk der AWO Sachsen-Anhalt e.V. Sch\u00f6nebecker Stra\u00dfe 82-84 39104 Magdeburg Arbeitsschwerpunkte Stra\u00dfenpr\u00e4senz Kontaktaufnahme durch kontinuierliches und gezieltes Aufsuchen im \u00f6ffentlichen Raum Aufbau einer vertraulichen sowie belastbaren Beziehung Einzelfallhilfe Beratung und Unterst\u00fctzung bei individuellen <a class=\"more-link\" href=\"https:\/\/www.awo-jugendwerk-lsa.de\/awowp\/streetwork\/\">weiterlesen&#8230;<\/a><\/p>\n","protected":false},"author":28,"featured_media":0,"parent":0,"menu_order":0,"comment_status":"closed","ping_status":"closed","template":"","meta":{"_EventAllDay":false,"_EventTimezone":"","_EventStartDate":"","_EventEndDate":"","_EventStartDateUTC":"","_EventEndDateUTC":"","_EventShowMap":false,"_EventShowMapLink":false,"_EventURL":"","_EventCost":"","_EventCostDescription":"","_EventCurrencySymbol":"","_EventCurrencyCode":"","_EventCurrencyPosition":"","_EventDateTimeSeparator":"","_EventTimeRangeSeparator":"","_EventOrganizerID":[],"_EventVenueID":[],"_OrganizerEmail":"","_OrganizerPhone":"","_OrganizerWebsite":"","_VenueAddress":"","_VenueCity":"","_VenueCountry":"","_VenueProvince":"","_VenueState":"","_VenueZip":"","_VenuePhone":"","_VenueURL":"","_VenueStateProvince":"","_VenueLat":"","_VenueLng":"","_VenueShowMap":false,"_VenueShowMapLink":false,"footnotes":""},"class_list":["post-7279","page","type-page","status-publish","hentry"],"_links":{"self":[{"href":"https:\/\/www.awo-jugendwerk-lsa.de\/awowp\/wp-json\/wp\/v2\/pages\/7279","targetHints":{"allow":["GET"]}}],"collection":[{"href":"https:\/\/www.awo-jugendwerk-lsa.de\/awowp\/wp-json\/wp\/v2\/pages"}],"about":[{"href":"https:\/\/www.awo-jugendwerk-lsa.de\/awowp\/wp-json\/wp\/v2\/types\/page"}],"author":[{"embeddable":true,"href":"https:\/\/www.awo-jugendwerk-lsa.de\/awowp\/wp-json\/wp\/v2\/users\/28"}],"replies":[{"embeddable":true,"href":"https:\/\/www.awo-jugendwerk-lsa.de\/awowp\/wp-json\/wp\/v2\/comments?post=7279"}],"version-history":[{"count":5,"href":"https:\/\/www.awo-jugendwerk-lsa.de\/awowp\/wp-json\/wp\/v2\/pages\/7279\/revisions"}],"predecessor-version":[{"id":7701,"href":"https:\/\/www.awo-jugendwerk-lsa.de\/awowp\/wp-json\/wp\/v2\/pages\/7279\/revisions\/7701"}],"wp:attachment":[{"href":"https:\/\/www.awo-jugendwerk-lsa.de\/awowp\/wp-json\/wp\/v2\/media?parent=7279"}],"curies":[{"name":"wp","href":"https:\/\/api.w.org\/{rel}","templated":true}]}}