{"id":703,"date":"2010-08-23T10:28:38","date_gmt":"2010-08-23T09:28:38","guid":{"rendered":"http:\/\/www.awo-jugendwerk-lsa.de\/awowp\/?page_id=703"},"modified":"2010-08-23T10:29:17","modified_gmt":"2010-08-23T09:29:17","slug":"siebdruckausstattung","status":"publish","type":"page","link":"https:\/\/www.awo-jugendwerk-lsa.de\/awowp\/miet-mich\/siebdruckausstattung\/","title":{"rendered":"Siebdruckausstattung"},"content":{"rendered":"<p><!-- \t\t@page { margin: 2cm } \t\tP { margin-bottom: 0.21cm } \t\tA:link { so-language: zxx } --><\/p>\n<p><span style=\"color: #000000;\"><span style=\"font-family: Futura Bk BT,sans-serif;\"><span style=\"font-size: medium;\"> <\/span><\/span><\/span><\/p>\n<p><!-- \t\t@page { margin: 2cm } \t\tP { margin-bottom: 0.21cm } --><\/p>\n<p lang=\"de-DE\"><span style=\"color: #000000;\"><span style=\"font-family: Futura Bk BT,sans-serif;\"><span style=\"font-size: medium;\"><a href=\"https:\/\/www.awo-jugendwerk-lsa.de\/awowp\/wp-content\/uploads\/2010\/08\/CIMG15531.jpg\" rel=\"lightbox[703]\"><img loading=\"lazy\" decoding=\"async\" class=\"alignleft size-medium wp-image-709\" title=\"CIMG1553\" src=\"https:\/\/www.awo-jugendwerk-lsa.de\/awowp\/wp-content\/uploads\/2010\/08\/CIMG15531-300x225.jpg\" alt=\"\" width=\"265\" height=\"198\" srcset=\"https:\/\/www.awo-jugendwerk-lsa.de\/awowp\/wp-content\/uploads\/2010\/08\/CIMG15531-300x225.jpg 300w, https:\/\/www.awo-jugendwerk-lsa.de\/awowp\/wp-content\/uploads\/2010\/08\/CIMG15531-1024x768.jpg 1024w, https:\/\/www.awo-jugendwerk-lsa.de\/awowp\/wp-content\/uploads\/2010\/08\/CIMG15531.jpg 1600w\" sizes=\"auto, (max-width: 265px) 100vw, 265px\" \/><\/a>Siebdruck ist ein leicht erlernbares Verfahren, um Stoffe und Materialien aller Art zu bedrucken. Ausgeschnittene Motive werden auf Folie \u00fcbertragen und mit Hilfe von Siebdruckrahmen, Rakel und spezieller Farbe auf den Stoff gedruckt. Besonders eignet sich dieses Verfahren f\u00fcr eine h\u00f6here Auflage von Drucken oder f\u00fcr Workshops mit Kindern und Jugendlichen. Die Drucke sind haltbar und waschbest\u00e4ndig. <\/span><\/span><\/span><span style=\"color: #000000;\"><span style=\"font-family: Futura Bk BT,sans-serif;\"><span style=\"font-size: medium;\">Das\u00a0 Landesjugendwerk der <\/span><\/span><\/span><span style=\"color: #000000;\"><span style=\"font-family: Futura Bk BT,sans-serif;\"><span style=\"font-size: medium;\">AWO<\/span><\/span><\/span><span style=\"color: #000000;\"><span style=\"font-family: Futura Bk BT,sans-serif;\"><span style=\"font-size: medium;\"> Sachsen-Anhalt <\/span><\/span><\/span><span style=\"color: #000000;\"><span style=\"font-family: Futura Bk BT,sans-serif;\"><span style=\"font-size: medium;\">vermietet die Siebdruckaustattung.Die Konditionen erfragen sie bitte in unserer Gesch\u00e4ftsstelle. <\/span><\/span><\/span><\/p>\n<p lang=\"de-DE\"><span style=\"color: #000000;\"><span style=\"font-family: Futura Bk BT,sans-serif;\"><span style=\"font-size: medium;\">Auf Anfrage bieten wir auch gern Seminare in ihrer Institution mit Kindern, Jugendlichen, jungen Erwachsenen oder Multiplikator_innen aus der Sozialen Arbeit an. <\/span><\/span><\/span><\/p>\n<p lang=\"de-DE\"><span style=\"color: #000000;\"><span style=\"font-family: Futura Bk BT,sans-serif;\"><span style=\"font-size: medium;\"><a href=\"https:\/\/www.awo-jugendwerk-lsa.de\/awowp\/wp-content\/uploads\/2010\/08\/CIMG1575.jpg\" rel=\"lightbox[703]\"><img loading=\"lazy\" decoding=\"async\" class=\"alignleft size-medium wp-image-710\" title=\"CIMG1575\" src=\"https:\/\/www.awo-jugendwerk-lsa.de\/awowp\/wp-content\/uploads\/2010\/08\/CIMG1575-300x225.jpg\" alt=\"\" width=\"300\" height=\"225\" srcset=\"https:\/\/www.awo-jugendwerk-lsa.de\/awowp\/wp-content\/uploads\/2010\/08\/CIMG1575-300x225.jpg 300w, https:\/\/www.awo-jugendwerk-lsa.de\/awowp\/wp-content\/uploads\/2010\/08\/CIMG1575-1024x768.jpg 1024w, https:\/\/www.awo-jugendwerk-lsa.de\/awowp\/wp-content\/uploads\/2010\/08\/CIMG1575.jpg 1600w\" sizes=\"auto, (max-width: 300px) 100vw, 300px\" \/><\/a><br \/>\n <\/span><\/span><\/span><\/p>\n<p><br class=\"spacer_\" \/><\/p>\n","protected":false},"excerpt":{"rendered":"<p>Siebdruck ist ein leicht erlernbares Verfahren, um Stoffe und Materialien aller Art zu bedrucken. Ausgeschnittene Motive werden auf Folie \u00fcbertragen und mit Hilfe von Siebdruckrahmen, Rakel und spezieller Farbe auf den Stoff gedruckt. Besonders eignet sich dieses Verfahren f\u00fcr eine h\u00f6here Auflage von Drucken oder f\u00fcr Workshops mit Kindern und Jugendlichen. Die Drucke sind haltbar <a class=\"more-link\" href=\"https:\/\/www.awo-jugendwerk-lsa.de\/awowp\/miet-mich\/siebdruckausstattung\/\">weiterlesen&#8230;<\/a><\/p>\n","protected":false},"author":2,"featured_media":0,"parent":678,"menu_order":2,"comment_status":"open","ping_status":"open","template":"","meta":{"_EventAllDay":false,"_EventTimezone":"","_EventStartDate":"","_EventEndDate":"","_EventStartDateUTC":"","_EventEndDateUTC":"","_EventShowMap":false,"_EventShowMapLink":false,"_EventURL":"","_EventCost":"","_EventCostDescription":"","_EventCurrencySymbol":"","_EventCurrencyCode":"","_EventCurrencyPosition":"","_EventDateTimeSeparator":"","_EventTimeRangeSeparator":"","_EventOrganizerID":[],"_EventVenueID":[],"_OrganizerEmail":"","_OrganizerPhone":"","_OrganizerWebsite":"","_VenueAddress":"","_VenueCity":"","_VenueCountry":"","_VenueProvince":"","_VenueState":"","_VenueZip":"","_VenuePhone":"","_VenueURL":"","_VenueStateProvince":"","_VenueLat":"","_VenueLng":"","_VenueShowMap":false,"_VenueShowMapLink":false,"footnotes":""},"class_list":["post-703","page","type-page","status-publish","hentry"],"_links":{"self":[{"href":"https:\/\/www.awo-jugendwerk-lsa.de\/awowp\/wp-json\/wp\/v2\/pages\/703","targetHints":{"allow":["GET"]}}],"collection":[{"href":"https:\/\/www.awo-jugendwerk-lsa.de\/awowp\/wp-json\/wp\/v2\/pages"}],"about":[{"href":"https:\/\/www.awo-jugendwerk-lsa.de\/awowp\/wp-json\/wp\/v2\/types\/page"}],"author":[{"embeddable":true,"href":"https:\/\/www.awo-jugendwerk-lsa.de\/awowp\/wp-json\/wp\/v2\/users\/2"}],"replies":[{"embeddable":true,"href":"https:\/\/www.awo-jugendwerk-lsa.de\/awowp\/wp-json\/wp\/v2\/comments?post=703"}],"version-history":[{"count":7,"href":"https:\/\/www.awo-jugendwerk-lsa.de\/awowp\/wp-json\/wp\/v2\/pages\/703\/revisions"}],"predecessor-version":[{"id":715,"href":"https:\/\/www.awo-jugendwerk-lsa.de\/awowp\/wp-json\/wp\/v2\/pages\/703\/revisions\/715"}],"up":[{"embeddable":true,"href":"https:\/\/www.awo-jugendwerk-lsa.de\/awowp\/wp-json\/wp\/v2\/pages\/678"}],"wp:attachment":[{"href":"https:\/\/www.awo-jugendwerk-lsa.de\/awowp\/wp-json\/wp\/v2\/media?parent=703"}],"curies":[{"name":"wp","href":"https:\/\/api.w.org\/{rel}","templated":true}]}}