{"id":691,"date":"2010-08-20T08:14:40","date_gmt":"2010-08-20T07:14:40","guid":{"rendered":"http:\/\/www.awo-jugendwerk-lsa.de\/awowp\/?page_id=691"},"modified":"2013-01-27T20:50:05","modified_gmt":"2013-01-27T19:50:05","slug":"buttonmaschine","status":"publish","type":"page","link":"https:\/\/www.awo-jugendwerk-lsa.de\/awowp\/miet-mich\/buttonmaschine\/","title":{"rendered":"Buttonmaschine"},"content":{"rendered":"<p>Das Landesjugendwerk der AWO Sachsen-Anhalt e.V. verf\u00fcgt \u00fcber zwei Buttonmaschinen zum Herstellen von eigens gestalteten\u00a0 Buttons in den Gr\u00f6\u00dfen:<\/p>\n<p>* 25 mm Button- Durchmesser<\/p>\n<p>* 55 mm Button-Durchmesser.<\/p>\n<p>Diese Buttonmaschinen k\u00f6nnen Sie bei Interesse gern in unserer Gesch\u00e4ftsstelle ausleihen.<\/p>\n<p><br class=\"spacer_\" \/><\/p>\n<p><br class=\"spacer_\" \/><\/p>\n<p><br class=\"spacer_\" \/><\/p>\n","protected":false},"excerpt":{"rendered":"<p>Das Landesjugendwerk der AWO Sachsen-Anhalt e.V. verf\u00fcgt \u00fcber zwei Buttonmaschinen zum Herstellen von eigens gestalteten\u00a0 Buttons in den Gr\u00f6\u00dfen: * 25 mm Button- Durchmesser * 55 mm Button-Durchmesser. Diese Buttonmaschinen k\u00f6nnen Sie bei Interesse gern in unserer Gesch\u00e4ftsstelle ausleihen.<\/p>\n","protected":false},"author":2,"featured_media":0,"parent":678,"menu_order":3,"comment_status":"open","ping_status":"open","template":"","meta":{"_EventAllDay":false,"_EventTimezone":"","_EventStartDate":"","_EventEndDate":"","_EventStartDateUTC":"","_EventEndDateUTC":"","_EventShowMap":false,"_EventShowMapLink":false,"_EventURL":"","_EventCost":"","_EventCostDescription":"","_EventCurrencySymbol":"","_EventCurrencyCode":"","_EventCurrencyPosition":"","_EventDateTimeSeparator":"","_EventTimeRangeSeparator":"","_EventOrganizerID":[],"_EventVenueID":[],"_OrganizerEmail":"","_OrganizerPhone":"","_OrganizerWebsite":"","_VenueAddress":"","_VenueCity":"","_VenueCountry":"","_VenueProvince":"","_VenueState":"","_VenueZip":"","_VenuePhone":"","_VenueURL":"","_VenueStateProvince":"","_VenueLat":"","_VenueLng":"","_VenueShowMap":false,"_VenueShowMapLink":false,"footnotes":""},"class_list":["post-691","page","type-page","status-publish","hentry"],"_links":{"self":[{"href":"https:\/\/www.awo-jugendwerk-lsa.de\/awowp\/wp-json\/wp\/v2\/pages\/691","targetHints":{"allow":["GET"]}}],"collection":[{"href":"https:\/\/www.awo-jugendwerk-lsa.de\/awowp\/wp-json\/wp\/v2\/pages"}],"about":[{"href":"https:\/\/www.awo-jugendwerk-lsa.de\/awowp\/wp-json\/wp\/v2\/types\/page"}],"author":[{"embeddable":true,"href":"https:\/\/www.awo-jugendwerk-lsa.de\/awowp\/wp-json\/wp\/v2\/users\/2"}],"replies":[{"embeddable":true,"href":"https:\/\/www.awo-jugendwerk-lsa.de\/awowp\/wp-json\/wp\/v2\/comments?post=691"}],"version-history":[{"count":5,"href":"https:\/\/www.awo-jugendwerk-lsa.de\/awowp\/wp-json\/wp\/v2\/pages\/691\/revisions"}],"predecessor-version":[{"id":693,"href":"https:\/\/www.awo-jugendwerk-lsa.de\/awowp\/wp-json\/wp\/v2\/pages\/691\/revisions\/693"}],"up":[{"embeddable":true,"href":"https:\/\/www.awo-jugendwerk-lsa.de\/awowp\/wp-json\/wp\/v2\/pages\/678"}],"wp:attachment":[{"href":"https:\/\/www.awo-jugendwerk-lsa.de\/awowp\/wp-json\/wp\/v2\/media?parent=691"}],"curies":[{"name":"wp","href":"https:\/\/api.w.org\/{rel}","templated":true}]}}