{"id":6147,"date":"2021-01-22T11:16:50","date_gmt":"2021-01-22T10:16:50","guid":{"rendered":"https:\/\/www.awo-jugendwerk-lsa.de\/awowp\/?page_id=6147"},"modified":"2024-09-30T08:55:40","modified_gmt":"2024-09-30T07:55:40","slug":"kita-im-stadtteilzentrum-neu-olvenstedt","status":"publish","type":"page","link":"https:\/\/www.awo-jugendwerk-lsa.de\/awowp\/kita-sozialarbeit\/kita-im-stadtteilzentrum-neu-olvenstedt\/","title":{"rendered":"Kita im Stadtteilzentrum Neu-Olvenstedt"},"content":{"rendered":"\n<h4>Kita-Sozialarbeiterin:\u00a0\u00a0\u00a0\u00a0\u00a0\u00a0\u00a0\u00a0 Sophie Kelm<\/h4>\n<h4>Telefon:\u00a0\u00a0\u00a0\u00a0\u00a0\u00a0\u00a0\u00a0\u00a0\u00a0\u00a0\u00a0\u00a0\u00a0\u00a0\u00a0\u00a0\u00a0\u00a0\u00a0\u00a0\u00a0\u00a0\u00a0\u00a0\u00a0\u00a0\u00a0\u00a0\u00a0\u00a0\u00a0 01520 &#8211; 32 70 636<\/h4>\n<h4>E-Mail:\u00a0\u00a0\u00a0\u00a0\u00a0\u00a0\u00a0\u00a0\u00a0\u00a0\u00a0\u00a0\u00a0\u00a0\u00a0\u00a0\u00a0\u00a0\u00a0\u00a0\u00a0\u00a0\u00a0\u00a0\u00a0\u00a0\u00a0\u00a0\u00a0\u00a0\u00a0\u00a0\u00a0\u00a0 S.Kelm@AWO-Jugendwerk-LSA.de<\/h4>\n<p>\u00a0<\/p>\n<p>Die Kindertagesst\u00e4tte im Stadtteilzentrum Neu-Olvenstedt liegt wie der Name es schon sagt im Stadtteil Neu-Olvenstedt. Tr\u00e4ger der Einrichtung ist \u201eDie Br\u00fccke Magdeburg gGmbH.<\/p>\n<p>In der KITA werden Kinder im Alter von 0 bis zum \u00dcbergang in die Grundschule liebevoll in einer Krippengruppe und drei Kindergartengruppen betreut.<\/p>\n<p>Dabei arbeitet die Einrichtung nach den Grundlage des Bildungsprogramms \u201eBildung elementar \u2013 Bildung von Anfang an\u201c sowie in erster Linie nach dem lebensbezogenen Ansatz.<\/p>\n<p>Ziel der t\u00e4glichen p\u00e4dagogischen Arbeit ist es, Kindern \u201eR\u00e4ume\u201c zur Verf\u00fcgung zu stellen,<\/p>\n<ul>\n<li>in denen sie Handlungskonzepte erwerben<\/li>\n<li>in denen sie Erlebnisse verarbeiten<\/li>\n<li>in denen sie Vertrauen in ihre eigenen F\u00e4higkeiten erlangen<\/li>\n<li>die sie frei gestalten k\u00f6nnen<\/li>\n<li>die identit\u00e4ts-, selbstkonzept- und kommunikationsf\u00f6rdernd wirken<\/li>\n<\/ul>\n<p>Die Kita-Sozialarbeit ist seit Dezember 2020 ein fester Bestandteil im Alltag der Kindertagesst\u00e4tte. Das vorrangige Ziel von KITA-Sozialarbeit ist die positive Gestaltung der famili\u00e4ren Rahmenbedingungen zum Wohle der Kindesentwicklung \u00fcber den KITA-Alltag hinaus. Um diese Zielsetzung zu erreichen, erfolgt eine enge kooperative Zusammenarbeit zwischen den Eltern, der KITA-Leitung, den p\u00e4dagogischen Fachkr\u00e4ften und anderen Institutionen.<\/p>\n<p>\u00a0<\/p>\n","protected":false},"excerpt":{"rendered":"<p>Kita-Sozialarbeiterin:\u00a0\u00a0\u00a0\u00a0\u00a0\u00a0\u00a0\u00a0 Sophie Kelm Telefon:\u00a0\u00a0\u00a0\u00a0\u00a0\u00a0\u00a0\u00a0\u00a0\u00a0\u00a0\u00a0\u00a0\u00a0\u00a0\u00a0\u00a0\u00a0\u00a0\u00a0\u00a0\u00a0\u00a0\u00a0\u00a0\u00a0\u00a0\u00a0\u00a0\u00a0\u00a0\u00a0 01520 &#8211; 32 70 636 E-Mail:\u00a0\u00a0\u00a0\u00a0\u00a0\u00a0\u00a0\u00a0\u00a0\u00a0\u00a0\u00a0\u00a0\u00a0\u00a0\u00a0\u00a0\u00a0\u00a0\u00a0\u00a0\u00a0\u00a0\u00a0\u00a0\u00a0\u00a0\u00a0\u00a0\u00a0\u00a0\u00a0\u00a0\u00a0 S.Kelm@AWO-Jugendwerk-LSA.de \u00a0 Die Kindertagesst\u00e4tte im Stadtteilzentrum Neu-Olvenstedt liegt wie der Name es schon sagt im Stadtteil Neu-Olvenstedt. Tr\u00e4ger der Einrichtung ist \u201eDie Br\u00fccke Magdeburg gGmbH. In der KITA werden Kinder im Alter von 0 bis zum \u00dcbergang in die Grundschule liebevoll in einer Krippengruppe und <a class=\"more-link\" href=\"https:\/\/www.awo-jugendwerk-lsa.de\/awowp\/kita-sozialarbeit\/kita-im-stadtteilzentrum-neu-olvenstedt\/\">weiterlesen&#8230;<\/a><\/p>\n","protected":false},"author":18,"featured_media":0,"parent":5720,"menu_order":0,"comment_status":"closed","ping_status":"closed","template":"","meta":{"_EventAllDay":false,"_EventTimezone":"","_EventStartDate":"","_EventEndDate":"","_EventStartDateUTC":"","_EventEndDateUTC":"","_EventShowMap":false,"_EventShowMapLink":false,"_EventURL":"","_EventCost":"","_EventCostDescription":"","_EventCurrencySymbol":"","_EventCurrencyCode":"","_EventCurrencyPosition":"","_EventDateTimeSeparator":"","_EventTimeRangeSeparator":"","_EventOrganizerID":[],"_EventVenueID":[],"_OrganizerEmail":"","_OrganizerPhone":"","_OrganizerWebsite":"","_VenueAddress":"","_VenueCity":"","_VenueCountry":"","_VenueProvince":"","_VenueState":"","_VenueZip":"","_VenuePhone":"","_VenueURL":"","_VenueStateProvince":"","_VenueLat":"","_VenueLng":"","_VenueShowMap":false,"_VenueShowMapLink":false,"footnotes":""},"class_list":["post-6147","page","type-page","status-publish","hentry"],"_links":{"self":[{"href":"https:\/\/www.awo-jugendwerk-lsa.de\/awowp\/wp-json\/wp\/v2\/pages\/6147","targetHints":{"allow":["GET"]}}],"collection":[{"href":"https:\/\/www.awo-jugendwerk-lsa.de\/awowp\/wp-json\/wp\/v2\/pages"}],"about":[{"href":"https:\/\/www.awo-jugendwerk-lsa.de\/awowp\/wp-json\/wp\/v2\/types\/page"}],"author":[{"embeddable":true,"href":"https:\/\/www.awo-jugendwerk-lsa.de\/awowp\/wp-json\/wp\/v2\/users\/18"}],"replies":[{"embeddable":true,"href":"https:\/\/www.awo-jugendwerk-lsa.de\/awowp\/wp-json\/wp\/v2\/comments?post=6147"}],"version-history":[{"count":3,"href":"https:\/\/www.awo-jugendwerk-lsa.de\/awowp\/wp-json\/wp\/v2\/pages\/6147\/revisions"}],"predecessor-version":[{"id":7525,"href":"https:\/\/www.awo-jugendwerk-lsa.de\/awowp\/wp-json\/wp\/v2\/pages\/6147\/revisions\/7525"}],"up":[{"embeddable":true,"href":"https:\/\/www.awo-jugendwerk-lsa.de\/awowp\/wp-json\/wp\/v2\/pages\/5720"}],"wp:attachment":[{"href":"https:\/\/www.awo-jugendwerk-lsa.de\/awowp\/wp-json\/wp\/v2\/media?parent=6147"}],"curies":[{"name":"wp","href":"https:\/\/api.w.org\/{rel}","templated":true}]}}