{"id":6096,"date":"2020-10-27T11:30:25","date_gmt":"2020-10-27T10:30:25","guid":{"rendered":"https:\/\/www.awo-jugendwerk-lsa.de\/awowp\/?page_id=6096"},"modified":"2024-06-24T14:13:10","modified_gmt":"2024-06-24T13:13:10","slug":"kita-wolkenstein","status":"publish","type":"page","link":"https:\/\/www.awo-jugendwerk-lsa.de\/awowp\/kita-sozialarbeit\/kita-wolkenstein\/","title":{"rendered":"Kita Wolkenstein"},"content":{"rendered":"\n<h4>Kita Sozialarbeiterin: Carmen Dreier<\/h4>\n<h4>Tel.: 01520-78 27 442<\/h4>\n<h4>C.Dreier@AWO-Jugendwerk-LSA.de<br \/><br \/><\/h4>\n<p><a href=\"https:\/\/padlet.com\/LJW_AWO\/9tbkiqjsgui1lgjy\" target=\"_blank\" rel=\"noopener\"><strong>&#8212;&gt; Hier geht es zum Padlet der Kita und Kita-Sozialarbeit<\/strong><\/a><\/p>\n<p>Die Kita Wolkenstein ist eine von sieben Kindertageseinrichtungen des Eigenbetriebs kommunaler Kindertageseinrichtungen der Landeshauptstadt Magdeburg. Hier werden etwa 100 Kinder von der Krippe bis zum Schuleintritt liebevoll betreut. Grundlagen bieten hierf\u00fcr die Bildungsgrunds\u00e4tze des Bildungsprogrammes \u201eBildung elementar \u2013 Bildung von Anfang an\u201c. Weiterhin arbeitet die Kita Wolkenstein nach dem offenen Konzept mit den Schwerpunkten Bewegung und Sprache. Hier k\u00f6nnen die Kinder ihren Kita-Tag nach ihren individuellen Interessen und Bed\u00fcrfnissen gestalten. Dabei liegt der Fokus der p\u00e4dagogischen Arbeit, die zu betreuenden Kinder unterschiedlicher sozialer und kultureller Herkunft zu unterst\u00fctzen, sodass sie ihre Lebenswelt verstehen und selbst bestimmt, kompetent und verantwortungsvoll gestalten.<\/p>\n<p>\u00a0<\/p>\n<p>Die Kita-Sozialarbeiterin der Kita Wolkenstein betreibt aktive Netzwerkarbeit und ist somit als Lotse f\u00fcr Familien der Kita zu weiteren Institutionen t\u00e4tig. Dadurch k\u00f6nnen u.a. Bildungsbenachteiligungen vermieden oder abgebaut werden. Durch gezielte Angebote und offene Beratungst\u00e4tigkeiten wird die Zusammenarbeit mit den Eltern gest\u00e4rkt. Dabei ist stets eine enge Zusammenarbeit mit den p\u00e4dagogischen Fachkr\u00e4ften der Kita unabdingbar und gemeinsam initiieren sie themenspezifische Projekte und Angebote, um die Kinder in ihrer Bildung, Sprache und Bewegung zu st\u00e4rken und zu unterst\u00fctzen.<\/p>\n<p>\u00a0<\/p>\n<p><strong>Link zur Homepage der Kita (der Stadt MD):<\/strong><\/p>\n<p><a href=\"https:\/\/www.magdeburg-tourist.de\/index.php?ModID=9&amp;object=tx%7C37.6876.1&amp;FID=37.5433.1&amp;NavID=115.13.2\">https:\/\/www.magdeburg-tourist.de\/index.php?ModID=9&amp;object=tx%7C37.6876.1&amp;FID=37.5433.1&amp;NavID=115.13.2<\/a><\/p>\n<p>\u00a0<\/p>\n<p>\u00a0<\/p>\n","protected":false},"excerpt":{"rendered":"<p>Kita Sozialarbeiterin: Carmen Dreier Tel.: 01520-78 27 442 C.Dreier@AWO-Jugendwerk-LSA.de &#8212;&gt; Hier geht es zum Padlet der Kita und Kita-Sozialarbeit Die Kita Wolkenstein ist eine von sieben Kindertageseinrichtungen des Eigenbetriebs kommunaler Kindertageseinrichtungen der Landeshauptstadt Magdeburg. Hier werden etwa 100 Kinder von der Krippe bis zum Schuleintritt liebevoll betreut. Grundlagen bieten hierf\u00fcr die Bildungsgrunds\u00e4tze des Bildungsprogrammes \u201eBildung <a class=\"more-link\" href=\"https:\/\/www.awo-jugendwerk-lsa.de\/awowp\/kita-sozialarbeit\/kita-wolkenstein\/\">weiterlesen&#8230;<\/a><\/p>\n","protected":false},"author":22,"featured_media":0,"parent":5720,"menu_order":0,"comment_status":"closed","ping_status":"closed","template":"","meta":{"_EventAllDay":false,"_EventTimezone":"","_EventStartDate":"","_EventEndDate":"","_EventStartDateUTC":"","_EventEndDateUTC":"","_EventShowMap":false,"_EventShowMapLink":false,"_EventURL":"","_EventCost":"","_EventCostDescription":"","_EventCurrencySymbol":"","_EventCurrencyCode":"","_EventCurrencyPosition":"","_EventDateTimeSeparator":"","_EventTimeRangeSeparator":"","_EventOrganizerID":[],"_EventVenueID":[],"_OrganizerEmail":"","_OrganizerPhone":"","_OrganizerWebsite":"","_VenueAddress":"","_VenueCity":"","_VenueCountry":"","_VenueProvince":"","_VenueState":"","_VenueZip":"","_VenuePhone":"","_VenueURL":"","_VenueStateProvince":"","_VenueLat":"","_VenueLng":"","_VenueShowMap":false,"_VenueShowMapLink":false,"footnotes":""},"class_list":["post-6096","page","type-page","status-publish","hentry"],"_links":{"self":[{"href":"https:\/\/www.awo-jugendwerk-lsa.de\/awowp\/wp-json\/wp\/v2\/pages\/6096","targetHints":{"allow":["GET"]}}],"collection":[{"href":"https:\/\/www.awo-jugendwerk-lsa.de\/awowp\/wp-json\/wp\/v2\/pages"}],"about":[{"href":"https:\/\/www.awo-jugendwerk-lsa.de\/awowp\/wp-json\/wp\/v2\/types\/page"}],"author":[{"embeddable":true,"href":"https:\/\/www.awo-jugendwerk-lsa.de\/awowp\/wp-json\/wp\/v2\/users\/22"}],"replies":[{"embeddable":true,"href":"https:\/\/www.awo-jugendwerk-lsa.de\/awowp\/wp-json\/wp\/v2\/comments?post=6096"}],"version-history":[{"count":5,"href":"https:\/\/www.awo-jugendwerk-lsa.de\/awowp\/wp-json\/wp\/v2\/pages\/6096\/revisions"}],"predecessor-version":[{"id":7462,"href":"https:\/\/www.awo-jugendwerk-lsa.de\/awowp\/wp-json\/wp\/v2\/pages\/6096\/revisions\/7462"}],"up":[{"embeddable":true,"href":"https:\/\/www.awo-jugendwerk-lsa.de\/awowp\/wp-json\/wp\/v2\/pages\/5720"}],"wp:attachment":[{"href":"https:\/\/www.awo-jugendwerk-lsa.de\/awowp\/wp-json\/wp\/v2\/media?parent=6096"}],"curies":[{"name":"wp","href":"https:\/\/api.w.org\/{rel}","templated":true}]}}