{"id":5903,"date":"2020-04-03T14:07:19","date_gmt":"2020-04-03T13:07:19","guid":{"rendered":"https:\/\/www.awo-jugendwerk-lsa.de\/awowp\/?page_id=5903"},"modified":"2024-06-24T14:51:05","modified_gmt":"2024-06-24T13:51:05","slug":"kita-traumzauberbaum","status":"publish","type":"page","link":"https:\/\/www.awo-jugendwerk-lsa.de\/awowp\/kita-sozialarbeit\/kita-traumzauberbaum\/","title":{"rendered":"Kita Traumzauberbaum"},"content":{"rendered":"\n<h4>Kitasozialarbeiterin:\u00a0\u00a0\u00a0\u00a0\u00a0\u00a0\u00a0 Nancy Walter<strong><br \/><\/strong><\/h4>\n<h4>Telefon:\u00a0\u00a0\u00a0\u00a0\u00a0\u00a0\u00a0\u00a0\u00a0\u00a0\u00a0\u00a0\u00a0\u00a0\u00a0\u00a0\u00a0\u00a0\u00a0\u00a0\u00a0\u00a0\u00a0\u00a0\u00a0\u00a0\u00a0\u00a0\u00a0\u00a0 01520 &#8211; 585 11 46<\/h4>\n<h4>E-Mail:\u00a0\u00a0\u00a0\u00a0\u00a0\u00a0\u00a0\u00a0\u00a0\u00a0\u00a0\u00a0\u00a0\u00a0\u00a0\u00a0\u00a0\u00a0\u00a0\u00a0\u00a0\u00a0\u00a0\u00a0\u00a0\u00a0\u00a0\u00a0\u00a0\u00a0\u00a0\u00a0 N.Walter@AWO-Jugendwerk-LSA.de<\/h4>\n<p><a href=\"https:\/\/padlet.com\/LJW_AWO\/kita-traumzauberbaum-13jz5ezcdwapx7ai\" target=\"_blank\" rel=\"noopener\"><strong>\u2014&gt; Hier geht es zum Padlet der Kita und Kita-Sozialarbeit<\/strong><\/a><\/p>\n<p>In der Kita Traumzauberbaum verbringen ca. 150 Kinder gemeinsam ihren Alltag und k\u00f6nnen sich hier bestm\u00f6glich entwickeln, spielen und lernen. Der p\u00e4dagogische Ansatz beziehungsweise das Konzept der Kita sind der Lebensbezogene Ansatz nach Professor Huppertz und die Bildungsgrunds\u00e4tze des Bildungsprogrammes \u201eBildung elementar \u2013 Bildung von Anfang an\u201c.<\/p>\n<p>Im Mittelpunkt des Lebensbezogenen Ansatzes steht das Leben und Lernen der Kinder in der Kita. Das Kind wird als Individuum erst genommen mit all seinen Bed\u00fcrfnissen. Das Leben jedes einzelnen Kindes wird in die p\u00e4dagogische Arbeit mit einbezogen. Lebensbezogene Kita-Arbeit ereignet sich kooperativ und vernetzt. Die Erzieherinnen kennen die Lebensbedingungen des Kindes und ber\u00fccksichtigen dieses in ihrer Arbeit. F\u00fcr das benachteiligte Kind wird in besonderem Ma\u00dfe individualisierend vorgegangen.<\/p>\n<p>In der Kita Traumzauberbaum tr\u00e4gt die Kitasozialarbeit mit ihren Angeboten zur\u00a0 Verbesserung der M\u00f6glichkeiten zur Teilhabe an Bildung und Gesellschaft bei und hilft, Bildungsbenachteiligungen zu vermeiden und abzubauen. Sie soll so vor allem zu einer positiven Bildungsbiografie aller Kinder beitragen.<\/p>\n","protected":false},"excerpt":{"rendered":"<p>Kitasozialarbeiterin:\u00a0\u00a0\u00a0\u00a0\u00a0\u00a0\u00a0 Nancy Walter Telefon:\u00a0\u00a0\u00a0\u00a0\u00a0\u00a0\u00a0\u00a0\u00a0\u00a0\u00a0\u00a0\u00a0\u00a0\u00a0\u00a0\u00a0\u00a0\u00a0\u00a0\u00a0\u00a0\u00a0\u00a0\u00a0\u00a0\u00a0\u00a0\u00a0\u00a0 01520 &#8211; 585 11 46 E-Mail:\u00a0\u00a0\u00a0\u00a0\u00a0\u00a0\u00a0\u00a0\u00a0\u00a0\u00a0\u00a0\u00a0\u00a0\u00a0\u00a0\u00a0\u00a0\u00a0\u00a0\u00a0\u00a0\u00a0\u00a0\u00a0\u00a0\u00a0\u00a0\u00a0\u00a0\u00a0\u00a0 N.Walter@AWO-Jugendwerk-LSA.de \u2014&gt; Hier geht es zum Padlet der Kita und Kita-Sozialarbeit In der Kita Traumzauberbaum verbringen ca. 150 Kinder gemeinsam ihren Alltag und k\u00f6nnen sich hier bestm\u00f6glich entwickeln, spielen und lernen. Der p\u00e4dagogische Ansatz beziehungsweise das Konzept der Kita sind der Lebensbezogene Ansatz nach Professor <a class=\"more-link\" href=\"https:\/\/www.awo-jugendwerk-lsa.de\/awowp\/kita-sozialarbeit\/kita-traumzauberbaum\/\">weiterlesen&#8230;<\/a><\/p>\n","protected":false},"author":18,"featured_media":0,"parent":5720,"menu_order":6,"comment_status":"closed","ping_status":"closed","template":"","meta":{"_EventAllDay":false,"_EventTimezone":"","_EventStartDate":"","_EventEndDate":"","_EventStartDateUTC":"","_EventEndDateUTC":"","_EventShowMap":false,"_EventShowMapLink":false,"_EventURL":"","_EventCost":"","_EventCostDescription":"","_EventCurrencySymbol":"","_EventCurrencyCode":"","_EventCurrencyPosition":"","_EventDateTimeSeparator":"","_EventTimeRangeSeparator":"","_EventOrganizerID":[],"_EventVenueID":[],"_OrganizerEmail":"","_OrganizerPhone":"","_OrganizerWebsite":"","_VenueAddress":"","_VenueCity":"","_VenueCountry":"","_VenueProvince":"","_VenueState":"","_VenueZip":"","_VenuePhone":"","_VenueURL":"","_VenueStateProvince":"","_VenueLat":"","_VenueLng":"","_VenueShowMap":false,"_VenueShowMapLink":false,"footnotes":""},"class_list":["post-5903","page","type-page","status-publish","hentry"],"_links":{"self":[{"href":"https:\/\/www.awo-jugendwerk-lsa.de\/awowp\/wp-json\/wp\/v2\/pages\/5903","targetHints":{"allow":["GET"]}}],"collection":[{"href":"https:\/\/www.awo-jugendwerk-lsa.de\/awowp\/wp-json\/wp\/v2\/pages"}],"about":[{"href":"https:\/\/www.awo-jugendwerk-lsa.de\/awowp\/wp-json\/wp\/v2\/types\/page"}],"author":[{"embeddable":true,"href":"https:\/\/www.awo-jugendwerk-lsa.de\/awowp\/wp-json\/wp\/v2\/users\/18"}],"replies":[{"embeddable":true,"href":"https:\/\/www.awo-jugendwerk-lsa.de\/awowp\/wp-json\/wp\/v2\/comments?post=5903"}],"version-history":[{"count":5,"href":"https:\/\/www.awo-jugendwerk-lsa.de\/awowp\/wp-json\/wp\/v2\/pages\/5903\/revisions"}],"predecessor-version":[{"id":7481,"href":"https:\/\/www.awo-jugendwerk-lsa.de\/awowp\/wp-json\/wp\/v2\/pages\/5903\/revisions\/7481"}],"up":[{"embeddable":true,"href":"https:\/\/www.awo-jugendwerk-lsa.de\/awowp\/wp-json\/wp\/v2\/pages\/5720"}],"wp:attachment":[{"href":"https:\/\/www.awo-jugendwerk-lsa.de\/awowp\/wp-json\/wp\/v2\/media?parent=5903"}],"curies":[{"name":"wp","href":"https:\/\/api.w.org\/{rel}","templated":true}]}}