{"id":5900,"date":"2020-04-03T14:02:12","date_gmt":"2020-04-03T13:02:12","guid":{"rendered":"https:\/\/www.awo-jugendwerk-lsa.de\/awowp\/?page_id=5900"},"modified":"2024-06-24T14:52:33","modified_gmt":"2024-06-24T13:52:33","slug":"katholische-kita-st-marien","status":"publish","type":"page","link":"https:\/\/www.awo-jugendwerk-lsa.de\/awowp\/kita-sozialarbeit\/katholische-kita-st-marien\/","title":{"rendered":"Katholische Kita St.Marien"},"content":{"rendered":"\n<h4>Kita Sozialarbeiterin:\u00a0\u00a0\u00a0 Ulrike Haase<\/h4>\n<h4>Telefon:\u00a0\u00a0\u00a0\u00a0\u00a0\u00a0\u00a0\u00a0\u00a0\u00a0\u00a0\u00a0\u00a0\u00a0\u00a0\u00a0\u00a0\u00a0\u00a0\u00a0\u00a0\u00a0\u00a0\u00a0\u00a0\u00a0\u00a0\u00a0 01520-27 57 599<\/h4>\n<h4>E-Mail:\u00a0\u00a0\u00a0\u00a0\u00a0\u00a0\u00a0\u00a0\u00a0\u00a0\u00a0\u00a0\u00a0\u00a0\u00a0\u00a0\u00a0\u00a0\u00a0\u00a0\u00a0\u00a0\u00a0\u00a0\u00a0\u00a0\u00a0\u00a0\u00a0\u00a0 U.Haase@AWO-Jugendwerk-LSA.de<br \/><br \/><\/h4>\n<p>Die katholische Kita St.Marien liegt im Stadtteil Sudenburg und bietet Platz f\u00fcr ca. 86 Kinder im Alter von 2 Jahren bis zur Einschulung in 4 altersgemischten Gruppen.<\/p>\n<p>Sie versteht sich als Lebens- und Lernort und ist f\u00fcr alle Kinder offen \u2013 unabh\u00e4ngig von ihrem kulturellen, religi\u00f6sen und\/oder sozialen Hintergrund.<\/p>\n<p>Der p\u00e4dagogische Schwerpunkt der Kita ist der lebensbezogene Ansatz nach Norbert Huppertz. Gesellschaftlich anerkannte Werte, wie Freiheit, Toleranz, Gerechtigkeit, Solidarit\u00e4t, Achtung und Respektierung des Anderen haben eine gro\u00dfe Bedeutung. Ziele der fr\u00fchkindlichen und vorschulischen Erziehung sind F\u00f6rderung und Entwicklung der individuellen Kompetenzen und Ressourcen eines jeden Kindes. Es soll eine eigenst\u00e4ndige Pers\u00f6nlichkeit entwickeln k\u00f6nnen und in der Lage sein am Gemeinschaftsleben teilzunehmen sowie die eigene Zukunft mitzugestalten. Inklusion ist ein umfassendes Leitprinzip.<\/p>\n<p>Die Kita ist ein Ort, wo die Kinder in einer sicheren, kooperativen, akzeptierenden und offenen Gemeinschaft spielen, leben und lernen k\u00f6nnen.<\/p>\n","protected":false},"excerpt":{"rendered":"<p>Kita Sozialarbeiterin:\u00a0\u00a0\u00a0 Ulrike Haase Telefon:\u00a0\u00a0\u00a0\u00a0\u00a0\u00a0\u00a0\u00a0\u00a0\u00a0\u00a0\u00a0\u00a0\u00a0\u00a0\u00a0\u00a0\u00a0\u00a0\u00a0\u00a0\u00a0\u00a0\u00a0\u00a0\u00a0\u00a0\u00a0 01520-27 57 599 E-Mail:\u00a0\u00a0\u00a0\u00a0\u00a0\u00a0\u00a0\u00a0\u00a0\u00a0\u00a0\u00a0\u00a0\u00a0\u00a0\u00a0\u00a0\u00a0\u00a0\u00a0\u00a0\u00a0\u00a0\u00a0\u00a0\u00a0\u00a0\u00a0\u00a0\u00a0 U.Haase@AWO-Jugendwerk-LSA.de Die katholische Kita St.Marien liegt im Stadtteil Sudenburg und bietet Platz f\u00fcr ca. 86 Kinder im Alter von 2 Jahren bis zur Einschulung in 4 altersgemischten Gruppen. Sie versteht sich als Lebens- und Lernort und ist f\u00fcr alle Kinder offen \u2013 unabh\u00e4ngig von ihrem kulturellen, <a class=\"more-link\" href=\"https:\/\/www.awo-jugendwerk-lsa.de\/awowp\/kita-sozialarbeit\/katholische-kita-st-marien\/\">weiterlesen&#8230;<\/a><\/p>\n","protected":false},"author":18,"featured_media":0,"parent":5720,"menu_order":5,"comment_status":"closed","ping_status":"closed","template":"","meta":{"_EventAllDay":false,"_EventTimezone":"","_EventStartDate":"","_EventEndDate":"","_EventStartDateUTC":"","_EventEndDateUTC":"","_EventShowMap":false,"_EventShowMapLink":false,"_EventURL":"","_EventCost":"","_EventCostDescription":"","_EventCurrencySymbol":"","_EventCurrencyCode":"","_EventCurrencyPosition":"","_EventDateTimeSeparator":"","_EventTimeRangeSeparator":"","_EventOrganizerID":[],"_EventVenueID":[],"_OrganizerEmail":"","_OrganizerPhone":"","_OrganizerWebsite":"","_VenueAddress":"","_VenueCity":"","_VenueCountry":"","_VenueProvince":"","_VenueState":"","_VenueZip":"","_VenuePhone":"","_VenueURL":"","_VenueStateProvince":"","_VenueLat":"","_VenueLng":"","_VenueShowMap":false,"_VenueShowMapLink":false,"footnotes":""},"class_list":["post-5900","page","type-page","status-publish","hentry"],"_links":{"self":[{"href":"https:\/\/www.awo-jugendwerk-lsa.de\/awowp\/wp-json\/wp\/v2\/pages\/5900","targetHints":{"allow":["GET"]}}],"collection":[{"href":"https:\/\/www.awo-jugendwerk-lsa.de\/awowp\/wp-json\/wp\/v2\/pages"}],"about":[{"href":"https:\/\/www.awo-jugendwerk-lsa.de\/awowp\/wp-json\/wp\/v2\/types\/page"}],"author":[{"embeddable":true,"href":"https:\/\/www.awo-jugendwerk-lsa.de\/awowp\/wp-json\/wp\/v2\/users\/18"}],"replies":[{"embeddable":true,"href":"https:\/\/www.awo-jugendwerk-lsa.de\/awowp\/wp-json\/wp\/v2\/comments?post=5900"}],"version-history":[{"count":5,"href":"https:\/\/www.awo-jugendwerk-lsa.de\/awowp\/wp-json\/wp\/v2\/pages\/5900\/revisions"}],"predecessor-version":[{"id":7483,"href":"https:\/\/www.awo-jugendwerk-lsa.de\/awowp\/wp-json\/wp\/v2\/pages\/5900\/revisions\/7483"}],"up":[{"embeddable":true,"href":"https:\/\/www.awo-jugendwerk-lsa.de\/awowp\/wp-json\/wp\/v2\/pages\/5720"}],"wp:attachment":[{"href":"https:\/\/www.awo-jugendwerk-lsa.de\/awowp\/wp-json\/wp\/v2\/media?parent=5900"}],"curies":[{"name":"wp","href":"https:\/\/api.w.org\/{rel}","templated":true}]}}