{"id":5893,"date":"2020-04-03T13:49:11","date_gmt":"2020-04-03T12:49:11","guid":{"rendered":"https:\/\/www.awo-jugendwerk-lsa.de\/awowp\/?page_id=5893"},"modified":"2025-09-08T11:15:00","modified_gmt":"2025-09-08T10:15:00","slug":"kita-valentin","status":"publish","type":"page","link":"https:\/\/www.awo-jugendwerk-lsa.de\/awowp\/kita-sozialarbeit\/kita-valentin\/","title":{"rendered":"Kita Valentin"},"content":{"rendered":"\n<h4>Kita-Sozialarbeiterin:\u00a0 \u00a0Maika Riebner<\/h4>\n<h4>Telefon:\u00a0\u00a0\u00a0\u00a0\u00a0\u00a0\u00a0\u00a0\u00a0\u00a0\u00a0\u00a0\u00a0\u00a0\u00a0\u00a0\u00a0\u00a0\u00a0\u00a0\u00a0\u00a0\u00a0\u00a0\u00a0\u00a0\u00a0 01520-585 11 38<\/h4>\n<h4>E-Mail:\u00a0 \u00a0 \u00a0 \u00a0 \u00a0 \u00a0 \u00a0 \u00a0 \u00a0 \u00a0 \u00a0 \u00a0 \u00a0 \u00a0 \u00a0 M.Riebner@AWO-Jugendwerk-LSA.de<br \/><br \/><\/h4>\n<p><a href=\"https:\/\/padlet.com\/LJW_AWO\/kita-valentin-dnztv3ps0dtlz8cx\" target=\"_blank\" rel=\"noopener\"><strong>\u2014&gt; Hier geht es zum Padlet der Kita und Kita-Sozialarbeit<\/strong><\/a><\/p>\n<p>Die Kita Valentin liegt im Magdeburger Stadtteil Neu Olvenstedt, mitten im Herzen einer Plattenbausiedlung. Die Einrichtung wurde 2017 mit Hilfe der Wobau in einem 5-st\u00f6ckigen Wohnblock neu integriert und es konnten 75 neue Betreuungspl\u00e4tze geschaffen werden.<\/p>\n<p>Die p\u00e4dagogische Arbeit der Einrichtung orientiert sich am lebensbezogenen Ansatz nach Norbert Huppertz. Die Lebenswelt der Kinder und ihrer Familien steht im Mittelpunkt.<\/p>\n<p>Ein wichtiges Fundament bilden daf\u00fcr sowohl christliche Werte, wie N\u00e4chstenliebe, Toleranz, Achtung und Gerechtigkeit, als auch klare Ziele, welche sich aus dem Bildungsprogramm &#8222;Bildung elementar&#8220; von Anfang an erschlie\u00dfen.<\/p>\n<p>Die interkulturelle Arbeit im Kindergarten entwickelte sich in den letzten Jahren als konzeptioneller Schwerpunkt f\u00fcr die p\u00e4dagogische Arbeit. Besonders durch die Unterst\u00fctzung von Projekten, wie das Bundessprachprogramm &#8222;Sprach-Kitas: Weil Sprache der Schl\u00fcssel zur Welt ist&#8220; und dem dem Modellprojekt &#8222;Leuchtturm&#8220;, konnte die interkulturelle Arbeit erweitert und vertieft werden.<\/p>\n","protected":false},"excerpt":{"rendered":"<p>Kita-Sozialarbeiterin:\u00a0 \u00a0Maika Riebner Telefon:\u00a0\u00a0\u00a0\u00a0\u00a0\u00a0\u00a0\u00a0\u00a0\u00a0\u00a0\u00a0\u00a0\u00a0\u00a0\u00a0\u00a0\u00a0\u00a0\u00a0\u00a0\u00a0\u00a0\u00a0\u00a0\u00a0\u00a0 01520-585 11 38 E-Mail:\u00a0 \u00a0 \u00a0 \u00a0 \u00a0 \u00a0 \u00a0 \u00a0 \u00a0 \u00a0 \u00a0 \u00a0 \u00a0 \u00a0 \u00a0 M.Riebner@AWO-Jugendwerk-LSA.de \u2014&gt; Hier geht es zum Padlet der Kita und Kita-Sozialarbeit Die Kita Valentin liegt im Magdeburger Stadtteil Neu Olvenstedt, mitten im Herzen einer Plattenbausiedlung. Die Einrichtung wurde 2017 mit Hilfe der Wobau <a class=\"more-link\" href=\"https:\/\/www.awo-jugendwerk-lsa.de\/awowp\/kita-sozialarbeit\/kita-valentin\/\">weiterlesen&#8230;<\/a><\/p>\n","protected":false},"author":18,"featured_media":0,"parent":5720,"menu_order":4,"comment_status":"closed","ping_status":"closed","template":"","meta":{"_EventAllDay":false,"_EventTimezone":"","_EventStartDate":"","_EventEndDate":"","_EventStartDateUTC":"","_EventEndDateUTC":"","_EventShowMap":false,"_EventShowMapLink":false,"_EventURL":"","_EventCost":"","_EventCostDescription":"","_EventCurrencySymbol":"","_EventCurrencyCode":"","_EventCurrencyPosition":"","_EventDateTimeSeparator":"","_EventTimeRangeSeparator":"","_EventOrganizerID":[],"_EventVenueID":[],"_OrganizerEmail":"","_OrganizerPhone":"","_OrganizerWebsite":"","_VenueAddress":"","_VenueCity":"","_VenueCountry":"","_VenueProvince":"","_VenueState":"","_VenueZip":"","_VenuePhone":"","_VenueURL":"","_VenueStateProvince":"","_VenueLat":"","_VenueLng":"","_VenueShowMap":false,"_VenueShowMapLink":false,"footnotes":""},"class_list":["post-5893","page","type-page","status-publish","hentry"],"_links":{"self":[{"href":"https:\/\/www.awo-jugendwerk-lsa.de\/awowp\/wp-json\/wp\/v2\/pages\/5893","targetHints":{"allow":["GET"]}}],"collection":[{"href":"https:\/\/www.awo-jugendwerk-lsa.de\/awowp\/wp-json\/wp\/v2\/pages"}],"about":[{"href":"https:\/\/www.awo-jugendwerk-lsa.de\/awowp\/wp-json\/wp\/v2\/types\/page"}],"author":[{"embeddable":true,"href":"https:\/\/www.awo-jugendwerk-lsa.de\/awowp\/wp-json\/wp\/v2\/users\/18"}],"replies":[{"embeddable":true,"href":"https:\/\/www.awo-jugendwerk-lsa.de\/awowp\/wp-json\/wp\/v2\/comments?post=5893"}],"version-history":[{"count":5,"href":"https:\/\/www.awo-jugendwerk-lsa.de\/awowp\/wp-json\/wp\/v2\/pages\/5893\/revisions"}],"predecessor-version":[{"id":7996,"href":"https:\/\/www.awo-jugendwerk-lsa.de\/awowp\/wp-json\/wp\/v2\/pages\/5893\/revisions\/7996"}],"up":[{"embeddable":true,"href":"https:\/\/www.awo-jugendwerk-lsa.de\/awowp\/wp-json\/wp\/v2\/pages\/5720"}],"wp:attachment":[{"href":"https:\/\/www.awo-jugendwerk-lsa.de\/awowp\/wp-json\/wp\/v2\/media?parent=5893"}],"curies":[{"name":"wp","href":"https:\/\/api.w.org\/{rel}","templated":true}]}}