{"id":5889,"date":"2020-04-03T13:31:20","date_gmt":"2020-04-03T12:31:20","guid":{"rendered":"https:\/\/www.awo-jugendwerk-lsa.de\/awowp\/?page_id=5889"},"modified":"2024-06-24T15:03:57","modified_gmt":"2024-06-24T14:03:57","slug":"integrative-kita-fliederhof-ii","status":"publish","type":"page","link":"https:\/\/www.awo-jugendwerk-lsa.de\/awowp\/kita-sozialarbeit\/integrative-kita-fliederhof-ii\/","title":{"rendered":"Integrative Kita Fliederhof 2"},"content":{"rendered":"\n<h4>Kita Sozialarbeiter:\u00a0\u00a0\u00a0 Felix K\u00e4hne<\/h4>\n<h4>Telefon:\u00a0\u00a0\u00a0\u00a0\u00a0\u00a0\u00a0\u00a0\u00a0\u00a0\u00a0\u00a0\u00a0\u00a0\u00a0\u00a0\u00a0\u00a0\u00a0\u00a0\u00a0\u00a0\u00a0\u00a0 01520 &#8211; 782 71 71<\/h4>\n<h4>E-Mail:\u00a0\u00a0\u00a0\u00a0\u00a0\u00a0\u00a0\u00a0\u00a0\u00a0\u00a0\u00a0\u00a0\u00a0\u00a0\u00a0\u00a0\u00a0\u00a0\u00a0\u00a0\u00a0\u00a0\u00a0\u00a0\u00a0 F.Kaehne@AWO-Jugendwerk-LSA.de<\/h4>\n<p><br \/><a href=\"https:\/\/padlet.com\/LJW_AWO\/kita-sozialarbeit-in-der-integrations-kita-fliederhof-ii-7db2xnx85tihxdwn\" target=\"_blank\" rel=\"noopener\"><strong>\u2014&gt; Hier geht es zum Padlet der Kita und Kita-Sozialarbeit<\/strong><\/a><\/p>\n<p>Die Integrations-Kita Fliederhof 2 befindet sich im Stadtteil Neu Olvenstedt in Tr\u00e4gerschaft der INDEPENDENT LIVING Stiftung. Ziel des Tr\u00e4gers ist das Angebot einer qualitativ hochwertigen, flexiblen und bedarfsgerechten Kinderbetreuung.<\/p>\n<p>Der Kindertageseinrichtung stehen 42 Krippenpl\u00e4tze und 87 Kindergartenpl\u00e4tze zur Verf\u00fcgung. Als Intergrations-Kita werden Kinder mit (drohender) geistiger, k\u00f6rperlicher oder seelischer Behinderung aufgenommen.<\/p>\n<p>Das p\u00e4dagogische Konzept der Kita folgt dem Leitgedanken des Bildungsprogramms sowie der Partizipation im Offenen Ansatz. Die Kindertageseinrichtung soll als Ort dienen, an dem Lebenslust, Welterkundung und Entdeckung, Selbstbestimmung und Beteiligung, Besonnenheit und Gemeinsamkeit erlebt und gelebt werden.<\/p>\n<p>Alle Kinder sind an den Entscheidungen, die ihre Angelegenheiten betreffen, beteiligt. Sie\u00a0 sollen die gleichen Entwicklungschancen erhalten, indem ihre eigenverantwortliche und selbstst\u00e4ndige Lebensf\u00fchrung unterst\u00fctzt und begleitet wird.<\/p>\n<p>In der Kita Fliederhof II\u00a0 wirkt die Kita-Sozialarbeit darauf hin, dass Bildungsbenachteiligungen vermieden bzw. abgebaut werden. Um dieser Zielsetzung gerecht zu werden, kooperiert sie eng mit den Eltern\/ Erziehungsberechtigten, der Kita-Leitung, den p\u00e4dagogischen Fachkr\u00e4ften sowie anderen Einrichtungen im Gemeinwesen. Die Kita-Sozialarbeit unterst\u00fctzt die Kita durch Erg\u00e4nzungsangeboten mit den Schwerpunkten: St\u00e4rkung der inklusiven Bildung, Ausgleich von Bildungsbenachteiligungen, St\u00e4rkung der Kita in der Zusammenarbeit mit Eltern und der St\u00e4rkung der Team- und Netzwerkarbeit<\/p>\n","protected":false},"excerpt":{"rendered":"<p>Kita Sozialarbeiter:\u00a0\u00a0\u00a0 Felix K\u00e4hne Telefon:\u00a0\u00a0\u00a0\u00a0\u00a0\u00a0\u00a0\u00a0\u00a0\u00a0\u00a0\u00a0\u00a0\u00a0\u00a0\u00a0\u00a0\u00a0\u00a0\u00a0\u00a0\u00a0\u00a0\u00a0 01520 &#8211; 782 71 71 E-Mail:\u00a0\u00a0\u00a0\u00a0\u00a0\u00a0\u00a0\u00a0\u00a0\u00a0\u00a0\u00a0\u00a0\u00a0\u00a0\u00a0\u00a0\u00a0\u00a0\u00a0\u00a0\u00a0\u00a0\u00a0\u00a0\u00a0 F.Kaehne@AWO-Jugendwerk-LSA.de \u2014&gt; Hier geht es zum Padlet der Kita und Kita-Sozialarbeit Die Integrations-Kita Fliederhof 2 befindet sich im Stadtteil Neu Olvenstedt in Tr\u00e4gerschaft der INDEPENDENT LIVING Stiftung. Ziel des Tr\u00e4gers ist das Angebot einer qualitativ hochwertigen, flexiblen und bedarfsgerechten Kinderbetreuung. Der Kindertageseinrichtung stehen 42 <a class=\"more-link\" href=\"https:\/\/www.awo-jugendwerk-lsa.de\/awowp\/kita-sozialarbeit\/integrative-kita-fliederhof-ii\/\">weiterlesen&#8230;<\/a><\/p>\n","protected":false},"author":18,"featured_media":0,"parent":5720,"menu_order":3,"comment_status":"closed","ping_status":"closed","template":"","meta":{"_EventAllDay":false,"_EventTimezone":"","_EventStartDate":"","_EventEndDate":"","_EventStartDateUTC":"","_EventEndDateUTC":"","_EventShowMap":false,"_EventShowMapLink":false,"_EventURL":"","_EventCost":"","_EventCostDescription":"","_EventCurrencySymbol":"","_EventCurrencyCode":"","_EventCurrencyPosition":"","_EventDateTimeSeparator":"","_EventTimeRangeSeparator":"","_EventOrganizerID":[],"_EventVenueID":[],"_OrganizerEmail":"","_OrganizerPhone":"","_OrganizerWebsite":"","_VenueAddress":"","_VenueCity":"","_VenueCountry":"","_VenueProvince":"","_VenueState":"","_VenueZip":"","_VenuePhone":"","_VenueURL":"","_VenueStateProvince":"","_VenueLat":"","_VenueLng":"","_VenueShowMap":false,"_VenueShowMapLink":false,"footnotes":""},"class_list":["post-5889","page","type-page","status-publish","hentry"],"_links":{"self":[{"href":"https:\/\/www.awo-jugendwerk-lsa.de\/awowp\/wp-json\/wp\/v2\/pages\/5889","targetHints":{"allow":["GET"]}}],"collection":[{"href":"https:\/\/www.awo-jugendwerk-lsa.de\/awowp\/wp-json\/wp\/v2\/pages"}],"about":[{"href":"https:\/\/www.awo-jugendwerk-lsa.de\/awowp\/wp-json\/wp\/v2\/types\/page"}],"author":[{"embeddable":true,"href":"https:\/\/www.awo-jugendwerk-lsa.de\/awowp\/wp-json\/wp\/v2\/users\/18"}],"replies":[{"embeddable":true,"href":"https:\/\/www.awo-jugendwerk-lsa.de\/awowp\/wp-json\/wp\/v2\/comments?post=5889"}],"version-history":[{"count":6,"href":"https:\/\/www.awo-jugendwerk-lsa.de\/awowp\/wp-json\/wp\/v2\/pages\/5889\/revisions"}],"predecessor-version":[{"id":7566,"href":"https:\/\/www.awo-jugendwerk-lsa.de\/awowp\/wp-json\/wp\/v2\/pages\/5889\/revisions\/7566"}],"up":[{"embeddable":true,"href":"https:\/\/www.awo-jugendwerk-lsa.de\/awowp\/wp-json\/wp\/v2\/pages\/5720"}],"wp:attachment":[{"href":"https:\/\/www.awo-jugendwerk-lsa.de\/awowp\/wp-json\/wp\/v2\/media?parent=5889"}],"curies":[{"name":"wp","href":"https:\/\/api.w.org\/{rel}","templated":true}]}}