{"id":5720,"date":"2020-01-16T23:27:28","date_gmt":"2020-01-16T22:27:28","guid":{"rendered":"https:\/\/www.awo-jugendwerk-lsa.de\/awowp\/?page_id=5720"},"modified":"2025-11-11T15:53:14","modified_gmt":"2025-11-11T14:53:14","slug":"kita-sozialarbeit","status":"publish","type":"page","link":"https:\/\/www.awo-jugendwerk-lsa.de\/awowp\/kita-sozialarbeit\/","title":{"rendered":"Kita-Sozialarbeit"},"content":{"rendered":"\n<p><img loading=\"lazy\" decoding=\"async\" class=\"alignnone size-large wp-image-5730\" src=\"https:\/\/www.awo-jugendwerk-lsa.de\/awowp\/wp-content\/uploads\/2020\/01\/grafik-e1676292355859-1024x461.png\" alt=\"\" width=\"780\" height=\"351\" srcset=\"https:\/\/www.awo-jugendwerk-lsa.de\/awowp\/wp-content\/uploads\/2020\/01\/grafik-e1676292355859-1024x461.png 1024w, https:\/\/www.awo-jugendwerk-lsa.de\/awowp\/wp-content\/uploads\/2020\/01\/grafik-e1676292355859-300x135.png 300w, https:\/\/www.awo-jugendwerk-lsa.de\/awowp\/wp-content\/uploads\/2020\/01\/grafik-e1676292355859-768x346.png 768w, https:\/\/www.awo-jugendwerk-lsa.de\/awowp\/wp-content\/uploads\/2020\/01\/grafik-e1676292355859-1536x691.png 1536w, https:\/\/www.awo-jugendwerk-lsa.de\/awowp\/wp-content\/uploads\/2020\/01\/grafik-e1676292355859-2048x922.png 2048w\" sizes=\"auto, (max-width: 780px) 100vw, 780px\" \/><\/p>\n\n\n\n<p>Seit dem 1. Januar 2020 sind wir als Landesjugendwerk der AWO Tr\u00e4ger von Sozialer Arbeit in Kitas in mittlerweile 10 Magdeburger Kindertagesst\u00e4tten.<\/p>\n<p>Soziale Arbeit in Kitas soll die Chancengleichheit schon vor der Schule verbessern und Bildungsbenachteiligungen so fr\u00fch wie m\u00f6glich abbauen. Als Jugendverband steht f\u00fcr uns dabei neben der Bek\u00e4mpfung der Kinderarmut und der St\u00e4rkung der sprachlichen und inklusiven Bildung vor allem die St\u00e4rkung der Kinderbeteiligung und der Kinderrechte im Mittelpunkt.<\/p>\n<p><strong>In folgenden Einrichtungen sind unsere Kita-Sozialarbeiterinnen t\u00e4tig:<\/strong> <br \/><br \/><span class=\"abbr\" title=\"Kindertagesst\u00e4tte\"><abbr lang=\"de\" title=\"Kindertagesst\u00e4tte\">&#8211; <a href=\"https:\/\/www.awo-jugendwerk-lsa.de\/awowp\/kita-sozialarbeit\/kontakt\/kita-kuschelbaeren\/\">Kita Farbkleks<\/a><\/abbr><\/span> (Stadtfeld)<br \/>&#8211; <a href=\"https:\/\/www.awo-jugendwerk-lsa.de\/awowp\/kita-sozialarbeit\/kontakt\/integrative-kita-fliederhof-1\/\" target=\"_blank\" rel=\"noopener noreferrer\">Integrative <span class=\"abbr\" title=\"Kindertagesst\u00e4tte\"><abbr lang=\"de\" title=\"Kindertagesst\u00e4tte\">Kita<\/abbr><\/span> Fliederhof I<\/a> (Olvenstedt)<br \/>&#8211; <a href=\"https:\/\/www.awo-jugendwerk-lsa.de\/awowp\/kita-sozialarbeit\/kontakt\/integrative-kita-fliederhof-ii\/\">Integrative <span class=\"abbr\" title=\"Kindertagesst\u00e4tte\"><abbr lang=\"de\" title=\"Kindertagesst\u00e4tte\">Kita<\/abbr><\/span> Fliederhof II<\/a> (Olvenstedt)<br \/>&#8211; <a href=\"https:\/\/www.awo-jugendwerk-lsa.de\/awowp\/kita-sozialarbeit\/kontakt\/kita-valentin\/\">Kita Valentin<\/a> (Olvenstedt)<br \/>&#8211; <a href=\"https:\/\/www.awo-jugendwerk-lsa.de\/awowp\/kita-sozialarbeit\/kontakt\/kita-im-stadtteilzentrum-neu-olvenstedt\/\" target=\"_blank\" rel=\"noopener noreferrer\">Kita im Stadtteilzentrum Neu-Olvenstedt <\/a> (Olvenstedt)<br \/>&#8211; <a href=\"https:\/\/www.awo-jugendwerk-lsa.de\/awowp\/kita-sozialarbeit\/kontakt\/katholische-kita-st-marien\/\">Katholische <span class=\"abbr\" title=\"Kindertagesst\u00e4tte\"><abbr lang=\"de\" title=\"Kindertagesst\u00e4tte\">Kita<\/abbr><\/span> <span class=\"abbr\" title=\"Sankt\"><abbr lang=\"de\" title=\"Sankt\">St<\/abbr><\/span>. Marien<\/a> (Sudenburg)<br \/>&#8211; <a href=\"https:\/\/www.awo-jugendwerk-lsa.de\/awowp\/kita-sozialarbeit\/kontakt\/kita-traumzauberbaum\/\"><span class=\"abbr\" title=\"Kindertagesst\u00e4tte\"><abbr lang=\"de\" title=\"Kindertagesst\u00e4tte\">Kita<\/abbr><\/span> Traumzauberbaum<\/a> (Sudenburg\/Leipz.Stra\u00dfe)<br \/>&#8211; <a href=\"https:\/\/www.awo-jugendwerk-lsa.de\/awowp\/kita-sozialarbeit\/kita-wolkenstein\/\"><span class=\"abbr\" title=\"Kindertagesst\u00e4tte\"><abbr lang=\"de\" title=\"Kindertagesst\u00e4tte\">Kita<\/abbr><\/span> Wolkenstein<\/a> (Salbke)<br \/>&#8211; <a href=\"https:\/\/www.awo-jugendwerk-lsa.de\/awowp\/kita-sozialarbeit\/kontakt\/kita-sterntaler\/\" target=\"_blank\" rel=\"noopener noreferrer\">Kita Sterntaler<\/a> (Buckau)<br \/>&#8211; <a href=\"https:\/\/www.awo-jugendwerk-lsa.de\/awowp\/kita-sozialarbeit\/kita-die-wurzel\/\">Kita Die Wurzel<\/a> (Kannenstieg)<\/p>\n<p><a href=\"https:\/\/www.facebook.com\/KitaSozialarbeitLJW\/\" target=\"_blank\" rel=\"noopener noreferrer\">Link zu unserer Facebook-Seite<\/a><\/p>\n<p>Anfragen zu Praktika bitte per Mail an kita-sozialarbeit@AWO-Jugendwerk-LSA.de<\/p>\n\n\n\n<h2 class=\"wp-block-heading\">Flyer der Kita-Sozialarbeit<\/h2>\n\n\n\n<p>&nbsp;<\/p>\n<p><a href=\"https:\/\/www.awo-jugendwerk-lsa.de\/awowp\/wp-content\/uploads\/2024\/09\/Flyer-Soziale-Arbeit-in-Kitas-seite-2-scaled.jpg\" rel=\"lightbox[5720]\"><img loading=\"lazy\" decoding=\"async\" class=\"alignnone size-medium wp-image-7502\" src=\"https:\/\/www.awo-jugendwerk-lsa.de\/awowp\/wp-content\/uploads\/2024\/09\/Flyer-Soziale-Arbeit-in-Kitas-seite-2-300x212.jpg\" alt=\"\" width=\"300\" height=\"212\" srcset=\"https:\/\/www.awo-jugendwerk-lsa.de\/awowp\/wp-content\/uploads\/2024\/09\/Flyer-Soziale-Arbeit-in-Kitas-seite-2-300x212.jpg 300w, https:\/\/www.awo-jugendwerk-lsa.de\/awowp\/wp-content\/uploads\/2024\/09\/Flyer-Soziale-Arbeit-in-Kitas-seite-2-1024x724.jpg 1024w, https:\/\/www.awo-jugendwerk-lsa.de\/awowp\/wp-content\/uploads\/2024\/09\/Flyer-Soziale-Arbeit-in-Kitas-seite-2-768x543.jpg 768w, https:\/\/www.awo-jugendwerk-lsa.de\/awowp\/wp-content\/uploads\/2024\/09\/Flyer-Soziale-Arbeit-in-Kitas-seite-2-1536x1086.jpg 1536w, https:\/\/www.awo-jugendwerk-lsa.de\/awowp\/wp-content\/uploads\/2024\/09\/Flyer-Soziale-Arbeit-in-Kitas-seite-2-2048x1448.jpg 2048w, https:\/\/www.awo-jugendwerk-lsa.de\/awowp\/wp-content\/uploads\/2024\/09\/Flyer-Soziale-Arbeit-in-Kitas-seite-2-24x17.jpg 24w, https:\/\/www.awo-jugendwerk-lsa.de\/awowp\/wp-content\/uploads\/2024\/09\/Flyer-Soziale-Arbeit-in-Kitas-seite-2-36x25.jpg 36w, https:\/\/www.awo-jugendwerk-lsa.de\/awowp\/wp-content\/uploads\/2024\/09\/Flyer-Soziale-Arbeit-in-Kitas-seite-2-48x34.jpg 48w\" sizes=\"auto, (max-width: 300px) 100vw, 300px\" \/><\/a><\/p>\n\n\n\n<div class=\"wp-block-group\"><div class=\"wp-block-group__inner-container is-layout-flow wp-block-group-is-layout-flow\"><\/div><\/div>\n","protected":false},"excerpt":{"rendered":"<p>Seit dem 1. Januar 2020 sind wir als Landesjugendwerk der AWO Tr\u00e4ger von Sozialer Arbeit in Kitas in mittlerweile 10 Magdeburger Kindertagesst\u00e4tten. Soziale Arbeit in Kitas soll die Chancengleichheit schon vor der Schule verbessern und Bildungsbenachteiligungen so fr\u00fch wie m\u00f6glich abbauen. Als Jugendverband steht f\u00fcr uns dabei neben der Bek\u00e4mpfung der Kinderarmut und der St\u00e4rkung <a class=\"more-link\" href=\"https:\/\/www.awo-jugendwerk-lsa.de\/awowp\/kita-sozialarbeit\/\">weiterlesen&#8230;<\/a><\/p>\n","protected":false},"author":2,"featured_media":5730,"parent":0,"menu_order":3,"comment_status":"closed","ping_status":"closed","template":"","meta":{"_EventAllDay":false,"_EventTimezone":"","_EventStartDate":"","_EventEndDate":"","_EventStartDateUTC":"","_EventEndDateUTC":"","_EventShowMap":false,"_EventShowMapLink":false,"_EventURL":"","_EventCost":"","_EventCostDescription":"","_EventCurrencySymbol":"","_EventCurrencyCode":"","_EventCurrencyPosition":"","_EventDateTimeSeparator":"","_EventTimeRangeSeparator":"","_EventOrganizerID":[],"_EventVenueID":[],"_OrganizerEmail":"","_OrganizerPhone":"","_OrganizerWebsite":"","_VenueAddress":"","_VenueCity":"","_VenueCountry":"","_VenueProvince":"","_VenueState":"","_VenueZip":"","_VenuePhone":"","_VenueURL":"","_VenueStateProvince":"","_VenueLat":"","_VenueLng":"","_VenueShowMap":false,"_VenueShowMapLink":false,"footnotes":""},"class_list":["post-5720","page","type-page","status-publish","has-post-thumbnail","hentry"],"_links":{"self":[{"href":"https:\/\/www.awo-jugendwerk-lsa.de\/awowp\/wp-json\/wp\/v2\/pages\/5720","targetHints":{"allow":["GET"]}}],"collection":[{"href":"https:\/\/www.awo-jugendwerk-lsa.de\/awowp\/wp-json\/wp\/v2\/pages"}],"about":[{"href":"https:\/\/www.awo-jugendwerk-lsa.de\/awowp\/wp-json\/wp\/v2\/types\/page"}],"author":[{"embeddable":true,"href":"https:\/\/www.awo-jugendwerk-lsa.de\/awowp\/wp-json\/wp\/v2\/users\/2"}],"replies":[{"embeddable":true,"href":"https:\/\/www.awo-jugendwerk-lsa.de\/awowp\/wp-json\/wp\/v2\/comments?post=5720"}],"version-history":[{"count":4,"href":"https:\/\/www.awo-jugendwerk-lsa.de\/awowp\/wp-json\/wp\/v2\/pages\/5720\/revisions"}],"predecessor-version":[{"id":8091,"href":"https:\/\/www.awo-jugendwerk-lsa.de\/awowp\/wp-json\/wp\/v2\/pages\/5720\/revisions\/8091"}],"wp:featuredmedia":[{"embeddable":true,"href":"https:\/\/www.awo-jugendwerk-lsa.de\/awowp\/wp-json\/wp\/v2\/media\/5730"}],"wp:attachment":[{"href":"https:\/\/www.awo-jugendwerk-lsa.de\/awowp\/wp-json\/wp\/v2\/media?parent=5720"}],"curies":[{"name":"wp","href":"https:\/\/api.w.org\/{rel}","templated":true}]}}