{"id":4837,"date":"2017-01-30T19:52:06","date_gmt":"2017-01-30T18:52:06","guid":{"rendered":"http:\/\/www.awo-jugendwerk-lsa.de\/awowp\/?page_id=4837"},"modified":"2024-11-18T10:07:32","modified_gmt":"2024-11-18T09:07:32","slug":"grundschule-diesdorf","status":"publish","type":"page","link":"https:\/\/www.awo-jugendwerk-lsa.de\/awowp\/schulsozialarbeit\/grundschule-diesdorf\/","title":{"rendered":"Grundschule Diesdorf"},"content":{"rendered":"\n<p>Adresse: Gro\u00dfer Gang 1, 39110 Magdeburg<\/p>\n\n\n\n<div class=\"wp-block-media-text has-media-on-the-right is-stacked-on-mobile\" style=\"grid-template-columns:auto 22%\"><div class=\"wp-block-media-text__content\">\n<p><strong>Schulsozialarbeiterin: Claudia Pr\u00f6gler<\/strong><\/p>\n\n\n\n<h6>Telefon: 01590-385 23 95<\/h6>\n<h6>E-Mail: C.Pr\u00f6gler@AWO-Landesjugendwerk-LSA.de<\/h6>\n<\/div><figure class=\"wp-block-media-text__media\"><img loading=\"lazy\" decoding=\"async\" width=\"1024\" height=\"1024\" src=\"https:\/\/www.awo-jugendwerk-lsa.de\/awowp\/wp-content\/uploads\/2024\/11\/Claudia-1024x1024.jpg\" alt=\"\" class=\"wp-image-7650 size-full\" srcset=\"https:\/\/www.awo-jugendwerk-lsa.de\/awowp\/wp-content\/uploads\/2024\/11\/Claudia-1024x1024.jpg 1024w, https:\/\/www.awo-jugendwerk-lsa.de\/awowp\/wp-content\/uploads\/2024\/11\/Claudia-300x300.jpg 300w, https:\/\/www.awo-jugendwerk-lsa.de\/awowp\/wp-content\/uploads\/2024\/11\/Claudia-150x150.jpg 150w, https:\/\/www.awo-jugendwerk-lsa.de\/awowp\/wp-content\/uploads\/2024\/11\/Claudia-768x768.jpg 768w, https:\/\/www.awo-jugendwerk-lsa.de\/awowp\/wp-content\/uploads\/2024\/11\/Claudia-24x24.jpg 24w, https:\/\/www.awo-jugendwerk-lsa.de\/awowp\/wp-content\/uploads\/2024\/11\/Claudia-36x36.jpg 36w, https:\/\/www.awo-jugendwerk-lsa.de\/awowp\/wp-content\/uploads\/2024\/11\/Claudia-48x48.jpg 48w, https:\/\/www.awo-jugendwerk-lsa.de\/awowp\/wp-content\/uploads\/2024\/11\/Claudia.jpg 1080w\" sizes=\"auto, (max-width: 1024px) 100vw, 1024px\" \/><\/figure><\/div>\n\n\n<div class=\"wp-block-image is-style-default\">\n<figure class=\"aligncenter size-large is-resized\"><a href=\"https:\/\/www.awo-jugendwerk-lsa.de\/awowp\/wp-content\/uploads\/2024\/11\/Grundschule-Diesdorf-4.jpg\" rel=\"lightbox[4837]\"><img loading=\"lazy\" decoding=\"async\" width=\"1024\" height=\"768\" src=\"https:\/\/www.awo-jugendwerk-lsa.de\/awowp\/wp-content\/uploads\/2024\/11\/Grundschule-Diesdorf-4-1024x768.jpg\" alt=\"\" class=\"wp-image-7626\" style=\"width:707px;height:auto\" srcset=\"https:\/\/www.awo-jugendwerk-lsa.de\/awowp\/wp-content\/uploads\/2024\/11\/Grundschule-Diesdorf-4-1024x768.jpg 1024w, https:\/\/www.awo-jugendwerk-lsa.de\/awowp\/wp-content\/uploads\/2024\/11\/Grundschule-Diesdorf-4-300x225.jpg 300w, https:\/\/www.awo-jugendwerk-lsa.de\/awowp\/wp-content\/uploads\/2024\/11\/Grundschule-Diesdorf-4-768x576.jpg 768w, https:\/\/www.awo-jugendwerk-lsa.de\/awowp\/wp-content\/uploads\/2024\/11\/Grundschule-Diesdorf-4-350x263.jpg 350w, https:\/\/www.awo-jugendwerk-lsa.de\/awowp\/wp-content\/uploads\/2024\/11\/Grundschule-Diesdorf-4-780x586.jpg 780w, https:\/\/www.awo-jugendwerk-lsa.de\/awowp\/wp-content\/uploads\/2024\/11\/Grundschule-Diesdorf-4-250x188.jpg 250w, https:\/\/www.awo-jugendwerk-lsa.de\/awowp\/wp-content\/uploads\/2024\/11\/Grundschule-Diesdorf-4-24x18.jpg 24w, https:\/\/www.awo-jugendwerk-lsa.de\/awowp\/wp-content\/uploads\/2024\/11\/Grundschule-Diesdorf-4-36x27.jpg 36w, https:\/\/www.awo-jugendwerk-lsa.de\/awowp\/wp-content\/uploads\/2024\/11\/Grundschule-Diesdorf-4-48x36.jpg 48w, https:\/\/www.awo-jugendwerk-lsa.de\/awowp\/wp-content\/uploads\/2024\/11\/Grundschule-Diesdorf-4.jpg 1280w\" sizes=\"auto, (max-width: 1024px) 100vw, 1024px\" \/><\/a><\/figure>\n<\/div>\n\n\n<p>Die <a href=\"https:\/\/www.gs-diesdorf-magdeburg.bildung-lsa.de\/\" data-type=\"link\" data-id=\"https:\/\/www.gs-diesdorf-magdeburg.bildung-lsa.de\/\">Grundschule Diesdorf<\/a> liegt am Stadtrand von Magdeburg-im Stadtteil Diesdorf. Der d\u00f6rfliche Charakter des Stadtteils hat sich in den letzten Jahren sehr gewandelt, viele neue Eigenheime sind hinzu gekommen und das Gebiet aus dem die Sch\u00fcler<em>innen kommen, hat sich stark vergr\u00f6\u00dfert. Mit Beginn der Schulsozialarbeit 2016 ist die Sch\u00fclerschaft von 160 Kindern auf heute 365 Sch\u00fcler<\/em>innen angewachsen. Die alte Schule wurde saniert und gl\u00e4nzt durch viele helle Fachr\u00e4ume wie der Kunstwerkstatt, dem Werkraum mit T\u00f6pferm\u00f6glichkeiten, einer B\u00fchne mit Musiktechnik und einem tollen Computerkabinett.<\/p>\n\n\n\n<div style=\"height:30px\" aria-hidden=\"true\" class=\"wp-block-spacer\"><\/div>\n\n\n\n<h5 class=\"wp-block-heading\"><strong>Schulsozialarbeit an der Grundschule Diesdorf schafft &nbsp;Lern- und Erfahrungsr\u00e4ume:<\/strong><\/h5>\n\n\n\n<ul class=\"wp-block-list\">\n<li>unterst\u00fctzt Kinder im Schulalltag<\/li>\n\n\n\n<li>findet zusammen Probleml\u00f6sungen<\/li>\n\n\n\n<li>baut Br\u00fccken beim \u00dcbergang Kita- Grundschule<\/li>\n\n\n\n<li>ber\u00e4t Familien bei Antr\u00e4gen des Bildungspaketes, Erziehungsfragen und schulischen Situationen<\/li>\n\n\n\n<li>unterst\u00fctzt Lehrer*innen bei der Schaffung eines positiven Lernklimas<\/li>\n\n\n\n<li>begleitet zu au\u00dferschulischen Lernr\u00e4umen<\/li>\n\n\n\n<li>vernetzt sich f\u00fcr mehr Lebensqualit\u00e4t mit anderen Vereinen, Beh\u00f6rden und Therapeuten f\u00fcr starke Kinder und deren Familien<\/li>\n<\/ul>\n\n\n\n<div style=\"height:28px\" aria-hidden=\"true\" class=\"wp-block-spacer\"><\/div>\n\n\n\n<p>Die Schulsozialarbeit an der Grundschule Diesdorf wird finanziert durch das Land Sachsen-Anhalt, die Stadt Magdeburg und den Europ\u00e4ischen Sozialfonds (ESF).<\/p>\n\n\n<div class=\"wp-block-image\">\n<figure class=\"aligncenter size-full\"><a href=\"https:\/\/www.awo-jugendwerk-lsa.de\/awowp\/wp-content\/uploads\/2024\/11\/Logo_ESF_SA_MD-2.png\" rel=\"lightbox[4837]\"><img loading=\"lazy\" decoding=\"async\" width=\"947\" height=\"111\" src=\"https:\/\/www.awo-jugendwerk-lsa.de\/awowp\/wp-content\/uploads\/2024\/11\/Logo_ESF_SA_MD-2.png\" alt=\"\" class=\"wp-image-7643\" srcset=\"https:\/\/www.awo-jugendwerk-lsa.de\/awowp\/wp-content\/uploads\/2024\/11\/Logo_ESF_SA_MD-2.png 947w, https:\/\/www.awo-jugendwerk-lsa.de\/awowp\/wp-content\/uploads\/2024\/11\/Logo_ESF_SA_MD-2-300x35.png 300w, https:\/\/www.awo-jugendwerk-lsa.de\/awowp\/wp-content\/uploads\/2024\/11\/Logo_ESF_SA_MD-2-768x90.png 768w, https:\/\/www.awo-jugendwerk-lsa.de\/awowp\/wp-content\/uploads\/2024\/11\/Logo_ESF_SA_MD-2-24x3.png 24w, https:\/\/www.awo-jugendwerk-lsa.de\/awowp\/wp-content\/uploads\/2024\/11\/Logo_ESF_SA_MD-2-36x4.png 36w, https:\/\/www.awo-jugendwerk-lsa.de\/awowp\/wp-content\/uploads\/2024\/11\/Logo_ESF_SA_MD-2-48x6.png 48w\" sizes=\"auto, (max-width: 947px) 100vw, 947px\" \/><\/a><\/figure>\n<\/div>\n\n\n\n","protected":false},"excerpt":{"rendered":"<p>Adresse: Gro\u00dfer Gang 1, 39110 Magdeburg Die Grundschule Diesdorf liegt am Stadtrand von Magdeburg-im Stadtteil Diesdorf. Der d\u00f6rfliche Charakter des Stadtteils hat sich in den letzten Jahren sehr gewandelt, viele neue Eigenheime sind hinzu gekommen und das Gebiet aus dem die Sch\u00fclerinnen kommen, hat sich stark vergr\u00f6\u00dfert. Mit Beginn der Schulsozialarbeit 2016 ist die Sch\u00fclerschaft <a class=\"more-link\" href=\"https:\/\/www.awo-jugendwerk-lsa.de\/awowp\/schulsozialarbeit\/grundschule-diesdorf\/\">weiterlesen&#8230;<\/a><\/p>\n","protected":false},"author":2,"featured_media":0,"parent":4802,"menu_order":1,"comment_status":"closed","ping_status":"closed","template":"","meta":{"_EventAllDay":false,"_EventTimezone":"","_EventStartDate":"","_EventEndDate":"","_EventStartDateUTC":"","_EventEndDateUTC":"","_EventShowMap":false,"_EventShowMapLink":false,"_EventURL":"","_EventCost":"","_EventCostDescription":"","_EventCurrencySymbol":"","_EventCurrencyCode":"","_EventCurrencyPosition":"","_EventDateTimeSeparator":"","_EventTimeRangeSeparator":"","_EventOrganizerID":[],"_EventVenueID":[],"_OrganizerEmail":"","_OrganizerPhone":"","_OrganizerWebsite":"","_VenueAddress":"","_VenueCity":"","_VenueCountry":"","_VenueProvince":"","_VenueState":"","_VenueZip":"","_VenuePhone":"","_VenueURL":"","_VenueStateProvince":"","_VenueLat":"","_VenueLng":"","_VenueShowMap":false,"_VenueShowMapLink":false,"footnotes":""},"class_list":["post-4837","page","type-page","status-publish","hentry"],"_links":{"self":[{"href":"https:\/\/www.awo-jugendwerk-lsa.de\/awowp\/wp-json\/wp\/v2\/pages\/4837","targetHints":{"allow":["GET"]}}],"collection":[{"href":"https:\/\/www.awo-jugendwerk-lsa.de\/awowp\/wp-json\/wp\/v2\/pages"}],"about":[{"href":"https:\/\/www.awo-jugendwerk-lsa.de\/awowp\/wp-json\/wp\/v2\/types\/page"}],"author":[{"embeddable":true,"href":"https:\/\/www.awo-jugendwerk-lsa.de\/awowp\/wp-json\/wp\/v2\/users\/2"}],"replies":[{"embeddable":true,"href":"https:\/\/www.awo-jugendwerk-lsa.de\/awowp\/wp-json\/wp\/v2\/comments?post=4837"}],"version-history":[{"count":5,"href":"https:\/\/www.awo-jugendwerk-lsa.de\/awowp\/wp-json\/wp\/v2\/pages\/4837\/revisions"}],"predecessor-version":[{"id":7665,"href":"https:\/\/www.awo-jugendwerk-lsa.de\/awowp\/wp-json\/wp\/v2\/pages\/4837\/revisions\/7665"}],"up":[{"embeddable":true,"href":"https:\/\/www.awo-jugendwerk-lsa.de\/awowp\/wp-json\/wp\/v2\/pages\/4802"}],"wp:attachment":[{"href":"https:\/\/www.awo-jugendwerk-lsa.de\/awowp\/wp-json\/wp\/v2\/media?parent=4837"}],"curies":[{"name":"wp","href":"https:\/\/api.w.org\/{rel}","templated":true}]}}