{"id":4835,"date":"2017-01-30T19:51:27","date_gmt":"2017-01-30T18:51:27","guid":{"rendered":"http:\/\/www.awo-jugendwerk-lsa.de\/awowp\/?page_id=4835"},"modified":"2024-11-18T10:11:23","modified_gmt":"2024-11-18T09:11:23","slug":"neue-schule-magdeburg","status":"publish","type":"page","link":"https:\/\/www.awo-jugendwerk-lsa.de\/awowp\/schulsozialarbeit\/neue-schule-magdeburg\/","title":{"rendered":"Neue Schule Magdeburg"},"content":{"rendered":"\n<p>Adresse: Nachtweide 68, 39124 Magdeburg<\/p>\n\n\n\n<div class=\"wp-block-media-text is-stacked-on-mobile\" style=\"grid-template-columns:27% auto\"><figure class=\"wp-block-media-text__media\"><img loading=\"lazy\" decoding=\"async\" width=\"1024\" height=\"1024\" src=\"https:\/\/www.awo-jugendwerk-lsa.de\/awowp\/wp-content\/uploads\/2024\/11\/Janine-1024x1024.jpg\" alt=\"\" class=\"wp-image-7667 size-full\" srcset=\"https:\/\/www.awo-jugendwerk-lsa.de\/awowp\/wp-content\/uploads\/2024\/11\/Janine-1024x1024.jpg 1024w, https:\/\/www.awo-jugendwerk-lsa.de\/awowp\/wp-content\/uploads\/2024\/11\/Janine-300x300.jpg 300w, https:\/\/www.awo-jugendwerk-lsa.de\/awowp\/wp-content\/uploads\/2024\/11\/Janine-150x150.jpg 150w, https:\/\/www.awo-jugendwerk-lsa.de\/awowp\/wp-content\/uploads\/2024\/11\/Janine-768x768.jpg 768w, https:\/\/www.awo-jugendwerk-lsa.de\/awowp\/wp-content\/uploads\/2024\/11\/Janine-24x24.jpg 24w, https:\/\/www.awo-jugendwerk-lsa.de\/awowp\/wp-content\/uploads\/2024\/11\/Janine-36x36.jpg 36w, https:\/\/www.awo-jugendwerk-lsa.de\/awowp\/wp-content\/uploads\/2024\/11\/Janine-48x48.jpg 48w, https:\/\/www.awo-jugendwerk-lsa.de\/awowp\/wp-content\/uploads\/2024\/11\/Janine.jpg 1080w\" sizes=\"auto, (max-width: 1024px) 100vw, 1024px\" \/><\/figure><div class=\"wp-block-media-text__content\">\n<p><strong>Schulsozialarbeiterin: Janine Otto<\/strong><\/p>\n\n\n\n<h6 class=\"wp-block-heading\">Telefon: 0152-27 06 17 22<\/h6>\n\n\n\n<h6 class=\"wp-block-heading\">E-Mail: J.Otto@AWO-Jugendwerk-LSA.de<\/h6>\n<p>\u00a0<\/p>\n<\/div><\/div>\n\n\n<div class=\"wp-block-image\">\n<figure class=\"aligncenter size-full is-resized\"><a href=\"https:\/\/www.awo-jugendwerk-lsa.de\/awowp\/wp-content\/uploads\/2024\/11\/2017-05-26.jpg\" rel=\"lightbox[4835]\"><img loading=\"lazy\" decoding=\"async\" width=\"397\" height=\"298\" src=\"https:\/\/www.awo-jugendwerk-lsa.de\/awowp\/wp-content\/uploads\/2024\/11\/2017-05-26.jpg\" alt=\"\" class=\"wp-image-7635\" style=\"width:661px;height:auto\" srcset=\"https:\/\/www.awo-jugendwerk-lsa.de\/awowp\/wp-content\/uploads\/2024\/11\/2017-05-26.jpg 397w, https:\/\/www.awo-jugendwerk-lsa.de\/awowp\/wp-content\/uploads\/2024\/11\/2017-05-26-300x225.jpg 300w, https:\/\/www.awo-jugendwerk-lsa.de\/awowp\/wp-content\/uploads\/2024\/11\/2017-05-26-350x263.jpg 350w, https:\/\/www.awo-jugendwerk-lsa.de\/awowp\/wp-content\/uploads\/2024\/11\/2017-05-26-250x188.jpg 250w, https:\/\/www.awo-jugendwerk-lsa.de\/awowp\/wp-content\/uploads\/2024\/11\/2017-05-26-24x18.jpg 24w, https:\/\/www.awo-jugendwerk-lsa.de\/awowp\/wp-content\/uploads\/2024\/11\/2017-05-26-36x27.jpg 36w, https:\/\/www.awo-jugendwerk-lsa.de\/awowp\/wp-content\/uploads\/2024\/11\/2017-05-26-48x36.jpg 48w\" sizes=\"auto, (max-width: 397px) 100vw, 397px\" \/><\/a><\/figure>\n<\/div>\n\n\n<p style=\"text-align: justify;\">Die <a href=\"http:\/\/www.neue-schule-magdeburg.de\" target=\"_blank\" rel=\"noopener noreferrer\">Neue Schule Magdeburg<\/a> ist eine Gemeinschaftsschule mit inklusiver Ausrichtung. Von der 5. bis zur 13. Klasse&nbsp; lernen die Sch\u00fclerinnen und Sch\u00fcler gemeinsam und k\u00f6nnen so ihren bestm\u00f6glichen Abschluss erreichen. In der Schule wird nach reformp\u00e4dagogischen Grunds\u00e4tzen gearbeitet, was ein individuelles Lernen erm\u00f6glicht. Im Unterricht wird auch Projektarbeit, Freiarbeit, und Stationsarbeit angewendet. Zudem bietet f\u00e4cher\u00fcbergreifender Unterricht die M\u00f6glichkeit, die vernetzte Herangehensweise an Themen zu f\u00f6rdern und an die Alltagswelt der Kinder anzukn\u00fcpfen. Als offene Ganztagesschule wechseln sich Arbeitsphasen mit l\u00e4ngeren Freizeitphasen ab. Nach dem Unterricht k\u00f6nnen die Kinder der 5. und 6. Klassen das Angebot des Hortes nutzen. Durch Rhythmisierung des Lerngeschehens und Lernorte au\u00dferhalb der Schule wird ein offener Lebensraum geschaffen, bei dem das Lernen zentrale Bedeutung gewinnt und die Entwicklung der individuellen Pers\u00f6nlichkeiten in einem ganzheitlichen und gut gesch\u00fctzten Rahmen gef\u00f6rdert wird.<\/p>\n<p style=\"text-align: justify;\">An der Neuen Schule Magdeburg tr\u00e4gt die Schulsozialarbeit mit ihren Angeboten zur&nbsp; Verbesserung der M\u00f6glichkeiten zur Teilhabe an Bildung und Gesellschaft bei und hilft, Bildungsbenachteiligungen zu vermeiden und abzubauen. Sie hilft bei der Berufs- und Lebensplanung und unterst\u00fctzt die Schule bei der St\u00e4rkung kultureller Bildungselemente sowie bei der Entwicklung kooperativer Vereinbarungen mit regionalen Unternehmen in Bezug auf eine ganzheitliche berufliche Orientierung.<\/p>\n<p>&nbsp;<\/p>\n\n\n\n<p>Die Schulsozialarbeit an der Neuen Schule wird finanziert durch die Landeshauptstadt Magdeburg.<\/p>\n\n\n<div class=\"wp-block-image\">\n<figure class=\"alignleft size-full is-resized\"><a href=\"https:\/\/www.awo-jugendwerk-lsa.de\/awowp\/wp-content\/uploads\/2024\/11\/Logo-Magdeburg-1.jpg\" rel=\"lightbox[4835]\"><img loading=\"lazy\" decoding=\"async\" width=\"865\" height=\"253\" src=\"https:\/\/www.awo-jugendwerk-lsa.de\/awowp\/wp-content\/uploads\/2024\/11\/Logo-Magdeburg-1.jpg\" alt=\"\" class=\"wp-image-7644\" style=\"width:332px;height:auto\" srcset=\"https:\/\/www.awo-jugendwerk-lsa.de\/awowp\/wp-content\/uploads\/2024\/11\/Logo-Magdeburg-1.jpg 865w, https:\/\/www.awo-jugendwerk-lsa.de\/awowp\/wp-content\/uploads\/2024\/11\/Logo-Magdeburg-1-300x88.jpg 300w, https:\/\/www.awo-jugendwerk-lsa.de\/awowp\/wp-content\/uploads\/2024\/11\/Logo-Magdeburg-1-768x225.jpg 768w, https:\/\/www.awo-jugendwerk-lsa.de\/awowp\/wp-content\/uploads\/2024\/11\/Logo-Magdeburg-1-24x7.jpg 24w, https:\/\/www.awo-jugendwerk-lsa.de\/awowp\/wp-content\/uploads\/2024\/11\/Logo-Magdeburg-1-36x11.jpg 36w, https:\/\/www.awo-jugendwerk-lsa.de\/awowp\/wp-content\/uploads\/2024\/11\/Logo-Magdeburg-1-48x14.jpg 48w\" sizes=\"auto, (max-width: 865px) 100vw, 865px\" \/><\/a><\/figure>\n<\/div>\n\n\n\n","protected":false},"excerpt":{"rendered":"<p>Adresse: Nachtweide 68, 39124 Magdeburg Die Neue Schule Magdeburg ist eine Gemeinschaftsschule mit inklusiver Ausrichtung. Von der 5. bis zur 13. Klasse&nbsp; lernen die Sch\u00fclerinnen und Sch\u00fcler gemeinsam und k\u00f6nnen so ihren bestm\u00f6glichen Abschluss erreichen. In der Schule wird nach reformp\u00e4dagogischen Grunds\u00e4tzen gearbeitet, was ein individuelles Lernen erm\u00f6glicht. Im Unterricht wird auch Projektarbeit, Freiarbeit, und <a class=\"more-link\" href=\"https:\/\/www.awo-jugendwerk-lsa.de\/awowp\/schulsozialarbeit\/neue-schule-magdeburg\/\">weiterlesen&#8230;<\/a><\/p>\n","protected":false},"author":2,"featured_media":0,"parent":4802,"menu_order":0,"comment_status":"closed","ping_status":"closed","template":"","meta":{"_EventAllDay":false,"_EventTimezone":"","_EventStartDate":"","_EventEndDate":"","_EventStartDateUTC":"","_EventEndDateUTC":"","_EventShowMap":false,"_EventShowMapLink":false,"_EventURL":"","_EventCost":"","_EventCostDescription":"","_EventCurrencySymbol":"","_EventCurrencyCode":"","_EventCurrencyPosition":"","_EventDateTimeSeparator":"","_EventTimeRangeSeparator":"","_EventOrganizerID":[],"_EventVenueID":[],"_OrganizerEmail":"","_OrganizerPhone":"","_OrganizerWebsite":"","_VenueAddress":"","_VenueCity":"","_VenueCountry":"","_VenueProvince":"","_VenueState":"","_VenueZip":"","_VenuePhone":"","_VenueURL":"","_VenueStateProvince":"","_VenueLat":"","_VenueLng":"","_VenueShowMap":false,"_VenueShowMapLink":false,"footnotes":""},"class_list":["post-4835","page","type-page","status-publish","hentry"],"_links":{"self":[{"href":"https:\/\/www.awo-jugendwerk-lsa.de\/awowp\/wp-json\/wp\/v2\/pages\/4835","targetHints":{"allow":["GET"]}}],"collection":[{"href":"https:\/\/www.awo-jugendwerk-lsa.de\/awowp\/wp-json\/wp\/v2\/pages"}],"about":[{"href":"https:\/\/www.awo-jugendwerk-lsa.de\/awowp\/wp-json\/wp\/v2\/types\/page"}],"author":[{"embeddable":true,"href":"https:\/\/www.awo-jugendwerk-lsa.de\/awowp\/wp-json\/wp\/v2\/users\/2"}],"replies":[{"embeddable":true,"href":"https:\/\/www.awo-jugendwerk-lsa.de\/awowp\/wp-json\/wp\/v2\/comments?post=4835"}],"version-history":[{"count":4,"href":"https:\/\/www.awo-jugendwerk-lsa.de\/awowp\/wp-json\/wp\/v2\/pages\/4835\/revisions"}],"predecessor-version":[{"id":7670,"href":"https:\/\/www.awo-jugendwerk-lsa.de\/awowp\/wp-json\/wp\/v2\/pages\/4835\/revisions\/7670"}],"up":[{"embeddable":true,"href":"https:\/\/www.awo-jugendwerk-lsa.de\/awowp\/wp-json\/wp\/v2\/pages\/4802"}],"wp:attachment":[{"href":"https:\/\/www.awo-jugendwerk-lsa.de\/awowp\/wp-json\/wp\/v2\/media?parent=4835"}],"curies":[{"name":"wp","href":"https:\/\/api.w.org\/{rel}","templated":true}]}}