{"id":4802,"date":"2017-01-25T16:44:53","date_gmt":"2017-01-25T15:44:53","guid":{"rendered":"http:\/\/www.awo-jugendwerk-lsa.de\/awowp\/?page_id=4802"},"modified":"2024-11-04T09:56:18","modified_gmt":"2024-11-04T08:56:18","slug":"schulsozialarbeit","status":"publish","type":"page","link":"https:\/\/www.awo-jugendwerk-lsa.de\/awowp\/schulsozialarbeit\/","title":{"rendered":"Schulsozialarbeit"},"content":{"rendered":"\n<p>Seit April 2016 ist das Landesjugendwerk der AWO Tr\u00e4ger von Schulsozialarbeit an  der Neuen Schule Magdeburg sowie der Grundschule Diesdorf. Im August 2024 konnten wir unsere Einsatzstellen um die Grundschule Buckau, die Grundschule \u201eBertolt-Brecht-Stra\u00dfe\u201c und das Hegelgymnasium erweitern.<\/p>\n\n\n\n<p>Schulsozialarbeit soll im Gesamtkontext der jeweiligen Schule als erg\u00e4nzender und kooperativer Baustein der P\u00e4dagogik zum gelingenden Lernen beitragen. Sie bietet den Kindern und Eltern sozialp\u00e4dagogische Hilfsformen an, um Herausforderungen fr\u00fchzeitig zu erkennen und angemessen darauf zu reagieren und fungiert somit als wichtige Schnittstelle zwischen Eltern, Kindern, au\u00dferschulischen Kooperationspartnern, Jugendhilfe und Schule.<\/p>\n\n\n\n<p>Durch den sozialp\u00e4dagogischen Auftrag wird die Schulsozialarbeit in ihrer Rolle und Position sowohl von den Sch\u00fclern als auch von den Eltern anders wahrgenommen als Lehrer, die dem schulischen Bildungs- und Erziehungsauftrag unterstehen. Daraus ergeben sich weitere Formen und M\u00f6glichkeiten der Beziehungsarbeit.<\/p>\n\n\n\n<p>Das prim\u00e4re Aufgabengebiet der Schulsozialarbeit liegt hier im sozialen und emotionalen Bereich. Sie bedient sich dabei der Methoden der sozialen Einzel- und Gruppenarbeit. F\u00fcr den Sozialarbeiter stehen die individuellen St\u00e4rken der einzelnen Sch\u00fcler, die Bed\u00fcrfnisse und die M\u00f6glichkeiten des famili\u00e4ren Systems im Vordergrund. Sie arbeiten individuell und prozesshaft. Sanktionen spielen hier keine Rolle, vielmehr stehen Beratung, Kooperation, Unterst\u00fctzung und Akzeptanz im Vordergrund der Arbeit.<\/p>\n\n\n\n<p><\/p>\n","protected":false},"excerpt":{"rendered":"<p>Seit April 2016 ist das Landesjugendwerk der AWO Tr\u00e4ger von Schulsozialarbeit an der Neuen Schule Magdeburg sowie der Grundschule Diesdorf. Im August 2024 konnten wir unsere Einsatzstellen um die Grundschule Buckau, die Grundschule \u201eBertolt-Brecht-Stra\u00dfe\u201c und das Hegelgymnasium erweitern. Schulsozialarbeit soll im Gesamtkontext der jeweiligen Schule als erg\u00e4nzender und kooperativer Baustein der P\u00e4dagogik zum gelingenden Lernen <a class=\"more-link\" href=\"https:\/\/www.awo-jugendwerk-lsa.de\/awowp\/schulsozialarbeit\/\">weiterlesen&#8230;<\/a><\/p>\n","protected":false},"author":2,"featured_media":6895,"parent":0,"menu_order":4,"comment_status":"closed","ping_status":"closed","template":"","meta":{"_EventAllDay":false,"_EventTimezone":"","_EventStartDate":"","_EventEndDate":"","_EventStartDateUTC":"","_EventEndDateUTC":"","_EventShowMap":false,"_EventShowMapLink":false,"_EventURL":"","_EventCost":"","_EventCostDescription":"","_EventCurrencySymbol":"","_EventCurrencyCode":"","_EventCurrencyPosition":"","_EventDateTimeSeparator":"","_EventTimeRangeSeparator":"","_EventOrganizerID":[],"_EventVenueID":[],"_OrganizerEmail":"","_OrganizerPhone":"","_OrganizerWebsite":"","_VenueAddress":"","_VenueCity":"","_VenueCountry":"","_VenueProvince":"","_VenueState":"","_VenueZip":"","_VenuePhone":"","_VenueURL":"","_VenueStateProvince":"","_VenueLat":"","_VenueLng":"","_VenueShowMap":false,"_VenueShowMapLink":false,"footnotes":""},"class_list":["post-4802","page","type-page","status-publish","has-post-thumbnail","hentry"],"_links":{"self":[{"href":"https:\/\/www.awo-jugendwerk-lsa.de\/awowp\/wp-json\/wp\/v2\/pages\/4802","targetHints":{"allow":["GET"]}}],"collection":[{"href":"https:\/\/www.awo-jugendwerk-lsa.de\/awowp\/wp-json\/wp\/v2\/pages"}],"about":[{"href":"https:\/\/www.awo-jugendwerk-lsa.de\/awowp\/wp-json\/wp\/v2\/types\/page"}],"author":[{"embeddable":true,"href":"https:\/\/www.awo-jugendwerk-lsa.de\/awowp\/wp-json\/wp\/v2\/users\/2"}],"replies":[{"embeddable":true,"href":"https:\/\/www.awo-jugendwerk-lsa.de\/awowp\/wp-json\/wp\/v2\/comments?post=4802"}],"version-history":[{"count":4,"href":"https:\/\/www.awo-jugendwerk-lsa.de\/awowp\/wp-json\/wp\/v2\/pages\/4802\/revisions"}],"predecessor-version":[{"id":7537,"href":"https:\/\/www.awo-jugendwerk-lsa.de\/awowp\/wp-json\/wp\/v2\/pages\/4802\/revisions\/7537"}],"wp:featuredmedia":[{"embeddable":true,"href":"https:\/\/www.awo-jugendwerk-lsa.de\/awowp\/wp-json\/wp\/v2\/media\/6895"}],"wp:attachment":[{"href":"https:\/\/www.awo-jugendwerk-lsa.de\/awowp\/wp-json\/wp\/v2\/media?parent=4802"}],"curies":[{"name":"wp","href":"https:\/\/api.w.org\/{rel}","templated":true}]}}