{"id":373,"date":"2010-03-04T11:37:14","date_gmt":"2010-03-04T10:37:14","guid":{"rendered":"http:\/\/www.awo-jugendwerk-sachsen-anhalt.de\/awowp\/?page_id=373"},"modified":"2023-03-22T11:33:15","modified_gmt":"2023-03-22T10:33:15","slug":"teamerin-werden","status":"publish","type":"page","link":"https:\/\/www.awo-jugendwerk-lsa.de\/awowp\/fsj\/teamerin-werden\/","title":{"rendered":"Teamer*in werden"},"content":{"rendered":"<p style=\"text-align: right;\">&#8230;deine Freiwilligendienst-Seminare sind dir in unverge\u00dflicher Erinnerung geblieben und du willst was daf\u00fcr tun, dass es anderen auch so geht?<\/p>\n<p style=\"text-align: center;\">oder<\/p>\n<p style=\"text-align: right;\">&#8230; du machst eine Ausbildung im erzieherischen Bereich oder studierst (Sozial-)P\u00e4dagogik oder Erziehungswissenschaften und m\u00f6chtest deine Erfahrungen im Bereich Bildung und Gruppenp\u00e4dagogik ausbauen und erweitern?<\/p>\n<p style=\"text-align: center;\">oder<\/p>\n<p style=\"text-align: right;\">&#8230; du bist in einem Fach-\/Themengebiet spezialisiert, dass f\u00fcr Freiwillige interessant ist und kannst dir vorstellen ein- oder mehrt\u00e4gige Seminare anzubieten?<\/p>\n<p><span style=\"text-decoration: underline;\"><strong>Dann melde dich bei uns!<\/strong><\/span><\/p>\n<p>&#8230; wir suchen motivierte Teamer*innen, die mit Einf\u00fchlungsverm\u00f6gen, Engagement und eigenen Ideen unsere Seminare begleiten und bereichern.<\/p>\n<p>Was k\u00f6nnen wir dir bieten?<\/p>\n<ul>\n<li>ein Honorar f\u00fcr deine T\u00e4tigkeiten,<\/li>\n<li>Teamschulungen und Fortbildungen,<\/li>\n<li>professionelle Anleitung und Unterst\u00fctzung,<\/li>\n<li>die M\u00f6glichkeit, dich selbst auszuprobieren,<\/li>\n<li>die Chance, dir Netzwerke aufzubauen und von bestehenden zu profitieren &#8230;<\/li>\n<\/ul>\n","protected":false},"excerpt":{"rendered":"<p>&#8230;deine Freiwilligendienst-Seminare sind dir in unverge\u00dflicher Erinnerung geblieben und du willst was daf\u00fcr tun, dass es anderen auch so geht? oder &#8230; du machst eine Ausbildung im erzieherischen Bereich oder studierst (Sozial-)P\u00e4dagogik oder Erziehungswissenschaften und m\u00f6chtest deine Erfahrungen im Bereich Bildung und Gruppenp\u00e4dagogik ausbauen und erweitern? oder &#8230; du bist in einem Fach-\/Themengebiet spezialisiert, dass <a class=\"more-link\" href=\"https:\/\/www.awo-jugendwerk-lsa.de\/awowp\/fsj\/teamerin-werden\/\">weiterlesen&#8230;<\/a><\/p>\n","protected":false},"author":2,"featured_media":0,"parent":110,"menu_order":7,"comment_status":"open","ping_status":"open","template":"","meta":{"_EventAllDay":false,"_EventTimezone":"","_EventStartDate":"","_EventEndDate":"","_EventStartDateUTC":"","_EventEndDateUTC":"","_EventShowMap":false,"_EventShowMapLink":false,"_EventURL":"","_EventCost":"","_EventCostDescription":"","_EventCurrencySymbol":"","_EventCurrencyCode":"","_EventCurrencyPosition":"","_EventDateTimeSeparator":"","_EventTimeRangeSeparator":"","_EventOrganizerID":[],"_EventVenueID":[],"_OrganizerEmail":"","_OrganizerPhone":"","_OrganizerWebsite":"","_VenueAddress":"","_VenueCity":"","_VenueCountry":"","_VenueProvince":"","_VenueState":"","_VenueZip":"","_VenuePhone":"","_VenueURL":"","_VenueStateProvince":"","_VenueLat":"","_VenueLng":"","_VenueShowMap":false,"_VenueShowMapLink":false,"footnotes":""},"class_list":["post-373","page","type-page","status-publish","hentry"],"_links":{"self":[{"href":"https:\/\/www.awo-jugendwerk-lsa.de\/awowp\/wp-json\/wp\/v2\/pages\/373","targetHints":{"allow":["GET"]}}],"collection":[{"href":"https:\/\/www.awo-jugendwerk-lsa.de\/awowp\/wp-json\/wp\/v2\/pages"}],"about":[{"href":"https:\/\/www.awo-jugendwerk-lsa.de\/awowp\/wp-json\/wp\/v2\/types\/page"}],"author":[{"embeddable":true,"href":"https:\/\/www.awo-jugendwerk-lsa.de\/awowp\/wp-json\/wp\/v2\/users\/2"}],"replies":[{"embeddable":true,"href":"https:\/\/www.awo-jugendwerk-lsa.de\/awowp\/wp-json\/wp\/v2\/comments?post=373"}],"version-history":[{"count":5,"href":"https:\/\/www.awo-jugendwerk-lsa.de\/awowp\/wp-json\/wp\/v2\/pages\/373\/revisions"}],"predecessor-version":[{"id":6936,"href":"https:\/\/www.awo-jugendwerk-lsa.de\/awowp\/wp-json\/wp\/v2\/pages\/373\/revisions\/6936"}],"up":[{"embeddable":true,"href":"https:\/\/www.awo-jugendwerk-lsa.de\/awowp\/wp-json\/wp\/v2\/pages\/110"}],"wp:attachment":[{"href":"https:\/\/www.awo-jugendwerk-lsa.de\/awowp\/wp-json\/wp\/v2\/media?parent=373"}],"curies":[{"name":"wp","href":"https:\/\/api.w.org\/{rel}","templated":true}]}}