{"id":3374,"date":"2013-09-06T00:31:37","date_gmt":"2013-09-05T23:31:37","guid":{"rendered":"http:\/\/www.awo-jugendwerk-lsa.de\/awowp\/?page_id=3374"},"modified":"2020-10-30T10:57:15","modified_gmt":"2020-10-30T09:57:15","slug":"jugendleitercard","status":"publish","type":"page","link":"https:\/\/www.awo-jugendwerk-lsa.de\/awowp\/jugendbildung\/jugendleitercard\/","title":{"rendered":"JugendLeiterCard"},"content":{"rendered":"<p><a href=\"https:\/\/www.awo-jugendwerk-lsa.de\/awowp\/wp-content\/uploads\/2013\/09\/juleica_neu_muster_08.jpg\" rel=\"lightbox[3374]\"><img loading=\"lazy\" decoding=\"async\" class=\"size-medium wp-image-3416 alignleft\" title=\"untitled\" src=\"https:\/\/www.awo-jugendwerk-lsa.de\/awowp\/wp-content\/uploads\/2013\/09\/juleica_neu_muster_08-300x194.jpg\" alt=\"\" width=\"300\" height=\"194\" srcset=\"https:\/\/www.awo-jugendwerk-lsa.de\/awowp\/wp-content\/uploads\/2013\/09\/juleica_neu_muster_08-300x194.jpg 300w, https:\/\/www.awo-jugendwerk-lsa.de\/awowp\/wp-content\/uploads\/2013\/09\/juleica_neu_muster_08-1024x662.jpg 1024w, https:\/\/www.awo-jugendwerk-lsa.de\/awowp\/wp-content\/uploads\/2013\/09\/juleica_neu_muster_08.jpg 1181w\" sizes=\"auto, (max-width: 300px) 100vw, 300px\" \/><\/a>Die JuLeiCa-Ausbildung richtet sich in erster Linie an junge Menschen ab 16 Jahren, die in der Kinder- und Jugend(verbands)arbeit t\u00e4tig sind oder t\u00e4tig werden wollen. Ebenso ist die JuLeiCa eine interessante Qualifikation f\u00fcr alle, die in der Bildungsarbeit mit jungen Menschen t\u00e4tig werden wollen.<\/p>\n<p>Wenn du also Kinder- und Jugendgruppen begleiten, dich in die Jugendarbeit st\u00fcrzen willst oder neue Erfahrungen zur Selbstorganisation machen m\u00f6chtest, dann mach deine JugendLeiterCard. Denn bei der Juleica-Ausbildung bekommst du das n\u00f6tige R\u00fcstzeug und erwirbst damit alle Kompetenzen, die du zum Erwerb der JugendLeiterCard ben\u00f6tigst.<\/p>\n<p>Wir arbeiten dabei mit Methoden der Erlebnis- und Demokratiep\u00e4dagogik. Die Inhalte werden Praxisorientiert vermittelt.<\/p>\n<p>Inhalte der Schulung sind u.a.:<br \/>\n&#8211; Lebenswelten von Kindern und Jugendlichen<br \/>\n&#8211; Methoden der Jugendarbeit<br \/>\n&#8211; Projektmanagement<br \/>\n&#8211; Gruppendynamik<br \/>\n&#8211; Recht (Jugendschutz\/Aufsichtspflicht&#8230;)<br \/>\n&#8211; Strukturen der Jugendarbeit und Jugendsverbandsarbeit<\/p>\n","protected":false},"excerpt":{"rendered":"<p>Die JuLeiCa-Ausbildung richtet sich in erster Linie an junge Menschen ab 16 Jahren, die in der Kinder- und Jugend(verbands)arbeit t\u00e4tig sind oder t\u00e4tig werden wollen. Ebenso ist die JuLeiCa eine interessante Qualifikation f\u00fcr alle, die in der Bildungsarbeit mit jungen Menschen t\u00e4tig werden wollen. Wenn du also Kinder- und Jugendgruppen begleiten, dich in die Jugendarbeit <a class=\"more-link\" href=\"https:\/\/www.awo-jugendwerk-lsa.de\/awowp\/jugendbildung\/jugendleitercard\/\">weiterlesen&#8230;<\/a><\/p>\n","protected":false},"author":2,"featured_media":0,"parent":112,"menu_order":1,"comment_status":"open","ping_status":"closed","template":"","meta":{"_EventAllDay":false,"_EventTimezone":"","_EventStartDate":"","_EventEndDate":"","_EventStartDateUTC":"","_EventEndDateUTC":"","_EventShowMap":false,"_EventShowMapLink":false,"_EventURL":"","_EventCost":"","_EventCostDescription":"","_EventCurrencySymbol":"","_EventCurrencyCode":"","_EventCurrencyPosition":"","_EventDateTimeSeparator":"","_EventTimeRangeSeparator":"","_EventOrganizerID":[],"_EventVenueID":[],"_OrganizerEmail":"","_OrganizerPhone":"","_OrganizerWebsite":"","_VenueAddress":"","_VenueCity":"","_VenueCountry":"","_VenueProvince":"","_VenueState":"","_VenueZip":"","_VenuePhone":"","_VenueURL":"","_VenueStateProvince":"","_VenueLat":"","_VenueLng":"","_VenueShowMap":false,"_VenueShowMapLink":false,"footnotes":""},"class_list":["post-3374","page","type-page","status-publish","hentry"],"_links":{"self":[{"href":"https:\/\/www.awo-jugendwerk-lsa.de\/awowp\/wp-json\/wp\/v2\/pages\/3374","targetHints":{"allow":["GET"]}}],"collection":[{"href":"https:\/\/www.awo-jugendwerk-lsa.de\/awowp\/wp-json\/wp\/v2\/pages"}],"about":[{"href":"https:\/\/www.awo-jugendwerk-lsa.de\/awowp\/wp-json\/wp\/v2\/types\/page"}],"author":[{"embeddable":true,"href":"https:\/\/www.awo-jugendwerk-lsa.de\/awowp\/wp-json\/wp\/v2\/users\/2"}],"replies":[{"embeddable":true,"href":"https:\/\/www.awo-jugendwerk-lsa.de\/awowp\/wp-json\/wp\/v2\/comments?post=3374"}],"version-history":[{"count":5,"href":"https:\/\/www.awo-jugendwerk-lsa.de\/awowp\/wp-json\/wp\/v2\/pages\/3374\/revisions"}],"predecessor-version":[{"id":6103,"href":"https:\/\/www.awo-jugendwerk-lsa.de\/awowp\/wp-json\/wp\/v2\/pages\/3374\/revisions\/6103"}],"up":[{"embeddable":true,"href":"https:\/\/www.awo-jugendwerk-lsa.de\/awowp\/wp-json\/wp\/v2\/pages\/112"}],"wp:attachment":[{"href":"https:\/\/www.awo-jugendwerk-lsa.de\/awowp\/wp-json\/wp\/v2\/media?parent=3374"}],"curies":[{"name":"wp","href":"https:\/\/api.w.org\/{rel}","templated":true}]}}