{"id":321,"date":"2010-03-03T11:53:57","date_gmt":"2010-03-03T10:53:57","guid":{"rendered":"http:\/\/www.awo-jugendwerk-sachsen-anhalt.de\/awowp\/?page_id=321"},"modified":"2023-03-22T11:16:21","modified_gmt":"2023-03-22T10:16:21","slug":"leistungen","status":"publish","type":"page","link":"https:\/\/www.awo-jugendwerk-lsa.de\/awowp\/fsj\/leistungen\/","title":{"rendered":"Leistungen"},"content":{"rendered":"<p><!-- \t\t@page { size: 21cm 29.7cm; margin: 2cm } \t\tP { margin-bottom: 0.21cm } --><\/p>\n<p><strong>Freiwillig &#8230; aber nicht umsonst! <\/strong><\/p>\n<p>Ein Freiwilligendienst bietet Dir Vieles:<\/p>\n<ul>\n<li>wertvolle Erfahrungen im Umgang mit Menschen und Institutionen,<\/li>\n<li>die M\u00f6glichkeit, Erfahrungen in der Arbeitswelt zu sammeln,<\/li>\n<li>Chancen, dich auszuprobieren und dich pers\u00f6nlich weiterzuentwickeln,<\/li>\n<li>gegebenenfalls den Schritt in die Eigenst\u00e4ndigkeit zu wagen,<\/li>\n<li>an Fachseminaren teilzunehmen und neue Leute kennzulernen!<\/li>\n<\/ul>\n<p><strong>Das erh\u00e4ltst du au\u00dferdem f\u00fcr dein Engagement:<\/strong><\/p>\n<ul>\n<li>\n<p lang=\"de-DE\">ein monatliches Taschengeld<\/p>\n<\/li>\n<li>die Beitr\u00e4ge zur Sozialversicherung werden voll von der Einsatzstelle \u00fcbernommen<\/li>\n<li>\n<p lang=\"de-DE\">in einigen Einrichtungen k\u00f6nnen Unterkunft und Verpflegung gestellt oder ein Ausgleich daf\u00fcr gezahlt werden<\/p>\n<\/li>\n<li>\n<p lang=\"de-DE\">Anspr\u00fcche auf Kindergeld, Halb- und Vollwaisenrente bleiben bestehen<\/p>\n<\/li>\n<li>\n<p lang=\"de-DE\">Antrag auf Wohngeld und Hilfe zum Lebensunterhalt kann gestellt werden<\/p>\n<\/li>\n<li>\n<p lang=\"de-DE\">mindestens 27 Tage Urlaub im Jahr<\/p>\n<\/li>\n<li>\n<p lang=\"de-DE\">die kostenlose Teilnahme an den Seminaren<\/p>\n<\/li>\n<\/ul>\n","protected":false},"excerpt":{"rendered":"<p>Freiwillig &#8230; aber nicht umsonst! Ein Freiwilligendienst bietet Dir Vieles: wertvolle Erfahrungen im Umgang mit Menschen und Institutionen, die M\u00f6glichkeit, Erfahrungen in der Arbeitswelt zu sammeln, Chancen, dich auszuprobieren und dich pers\u00f6nlich weiterzuentwickeln, gegebenenfalls den Schritt in die Eigenst\u00e4ndigkeit zu wagen, an Fachseminaren teilzunehmen und neue Leute kennzulernen! Das erh\u00e4ltst du au\u00dferdem f\u00fcr dein Engagement: <a class=\"more-link\" href=\"https:\/\/www.awo-jugendwerk-lsa.de\/awowp\/fsj\/leistungen\/\">weiterlesen&#8230;<\/a><\/p>\n","protected":false},"author":2,"featured_media":0,"parent":110,"menu_order":2,"comment_status":"open","ping_status":"open","template":"","meta":{"_EventAllDay":false,"_EventTimezone":"","_EventStartDate":"","_EventEndDate":"","_EventStartDateUTC":"","_EventEndDateUTC":"","_EventShowMap":false,"_EventShowMapLink":false,"_EventURL":"","_EventCost":"","_EventCostDescription":"","_EventCurrencySymbol":"","_EventCurrencyCode":"","_EventCurrencyPosition":"","_EventDateTimeSeparator":"","_EventTimeRangeSeparator":"","_EventOrganizerID":[],"_EventVenueID":[],"_OrganizerEmail":"","_OrganizerPhone":"","_OrganizerWebsite":"","_VenueAddress":"","_VenueCity":"","_VenueCountry":"","_VenueProvince":"","_VenueState":"","_VenueZip":"","_VenuePhone":"","_VenueURL":"","_VenueStateProvince":"","_VenueLat":"","_VenueLng":"","_VenueShowMap":false,"_VenueShowMapLink":false,"footnotes":""},"class_list":["post-321","page","type-page","status-publish","hentry"],"_links":{"self":[{"href":"https:\/\/www.awo-jugendwerk-lsa.de\/awowp\/wp-json\/wp\/v2\/pages\/321","targetHints":{"allow":["GET"]}}],"collection":[{"href":"https:\/\/www.awo-jugendwerk-lsa.de\/awowp\/wp-json\/wp\/v2\/pages"}],"about":[{"href":"https:\/\/www.awo-jugendwerk-lsa.de\/awowp\/wp-json\/wp\/v2\/types\/page"}],"author":[{"embeddable":true,"href":"https:\/\/www.awo-jugendwerk-lsa.de\/awowp\/wp-json\/wp\/v2\/users\/2"}],"replies":[{"embeddable":true,"href":"https:\/\/www.awo-jugendwerk-lsa.de\/awowp\/wp-json\/wp\/v2\/comments?post=321"}],"version-history":[{"count":4,"href":"https:\/\/www.awo-jugendwerk-lsa.de\/awowp\/wp-json\/wp\/v2\/pages\/321\/revisions"}],"predecessor-version":[{"id":6929,"href":"https:\/\/www.awo-jugendwerk-lsa.de\/awowp\/wp-json\/wp\/v2\/pages\/321\/revisions\/6929"}],"up":[{"embeddable":true,"href":"https:\/\/www.awo-jugendwerk-lsa.de\/awowp\/wp-json\/wp\/v2\/pages\/110"}],"wp:attachment":[{"href":"https:\/\/www.awo-jugendwerk-lsa.de\/awowp\/wp-json\/wp\/v2\/media?parent=321"}],"curies":[{"name":"wp","href":"https:\/\/api.w.org\/{rel}","templated":true}]}}