{"id":2871,"date":"2013-03-18T16:48:14","date_gmt":"2013-03-18T15:48:14","guid":{"rendered":"http:\/\/www.awo-jugendwerk-lsa.de\/awowp\/?page_id=2871"},"modified":"2026-02-06T15:23:26","modified_gmt":"2026-02-06T14:23:26","slug":"geschenke","status":"publish","type":"page","link":"https:\/\/www.awo-jugendwerk-lsa.de\/awowp\/geschenke\/","title":{"rendered":"Spenden"},"content":{"rendered":"<p><strong>Sie m\u00f6chten die Arbeit des Landesjugendwerkes der AWO unterst\u00fctzen?<\/strong><\/p>\n<p>Damit wir unsere Arbeit mit jungen Menschen, auch mit sozial benachteiligten, fortsetzen k\u00f6nnen, freuen wir uns jederzeit \u00fcber Ihre Spende.<\/p>\n<p><a href=\"https:\/\/www.awo-jugendwerk-lsa.de\/awowp\/wp-content\/uploads\/2013\/04\/Kooperationsaufgabe.jpg\" rel=\"lightbox[2871]\"><img loading=\"lazy\" decoding=\"async\" class=\"alignleft size-medium wp-image-3059\" title=\"Kooperationsaufgabe\" src=\"https:\/\/www.awo-jugendwerk-lsa.de\/awowp\/wp-content\/uploads\/2013\/04\/Kooperationsaufgabe-300x225.jpg\" alt=\"\" width=\"243\" height=\"183\" srcset=\"https:\/\/www.awo-jugendwerk-lsa.de\/awowp\/wp-content\/uploads\/2013\/04\/Kooperationsaufgabe-300x225.jpg 300w, https:\/\/www.awo-jugendwerk-lsa.de\/awowp\/wp-content\/uploads\/2013\/04\/Kooperationsaufgabe-1024x768.jpg 1024w\" sizes=\"auto, (max-width: 243px) 100vw, 243px\" \/><\/a>Seit mehreren Jahren f\u00fchren wir mit Kindern und Jugendlichen im Alter zwischen 10 und 16 Jahren Ferienfreizeiten durch. Jeweils in den Oster-, Sommer- und Herbstferien fahren wir eine Woche an die sch\u00f6nsten Orte in Sachsen-Anhalt, an denen die Jugendlichen gemeinsam ihre Freizeit gestalten, ihre Kreativit\u00e4t ausleben und in verschiedenen Workshops viel neues lernen k\u00f6nnen. Leider ist es nicht allen Familien in Sachsen-Anhalt m\u00f6glich, ihren Kindern eine Woche Ferienfahrt zu bezahlen. Auch das Bildungs- und Teilhabeprogramm der Bundesregierung hat daran bisher nichts ge\u00e4ndert.<\/p>\n<p>Durch Ihre Spenden konnten wir bisher auch Kindern aus sozial benachteiligten Familien die Teilnahme an unseren Ferienfahrten erm\u00f6glichen. Auch an unserer Kinderrepublick in den Sommerferien konnten durch Spenden drei Jugendliche teilnehmen, deren Eltern den Teilnehmerbeitrag nicht aufbringen konnten.<\/p>\n<p>M\u00f6chten Sie unsere Arbeit unterst\u00fctzen, k\u00f6nnen Sie f\u00fcr Freizeit und Bildung junger Menschen spenden. Mit nur 30,- Euro finanzieren Sie einem Kind einen Tag Ferienfreizeit.<\/p>\n<p>Bankverbindung:<br \/>\nSparkasse MagdeBurg<br \/>\nIBAN: DE93 8105 3272 0030 3712 87<br \/>\nBIC: NOLADE21MDG<\/p>\n<p>Wir sind als Landesjugendwerk der AWO vom Finanzamt als gemeinn\u00fctzig anerkannt. Dadurch ist Ihre Spende steuerlich absetzbar. Wenn Sie eine Spendenbescheinigung w\u00fcnschen, teilen Sie uns bitte Ihre Anschrift mit.<\/p>\n","protected":false},"excerpt":{"rendered":"<p>Sie m\u00f6chten die Arbeit des Landesjugendwerkes der AWO unterst\u00fctzen? Damit wir unsere Arbeit mit jungen Menschen, auch mit sozial benachteiligten, fortsetzen k\u00f6nnen, freuen wir uns jederzeit \u00fcber Ihre Spende. Seit mehreren Jahren f\u00fchren wir mit Kindern und Jugendlichen im Alter zwischen 10 und 16 Jahren Ferienfreizeiten durch. Jeweils in den Oster-, Sommer- und Herbstferien fahren <a class=\"more-link\" href=\"https:\/\/www.awo-jugendwerk-lsa.de\/awowp\/geschenke\/\">weiterlesen&#8230;<\/a><\/p>\n","protected":false},"author":2,"featured_media":6775,"parent":0,"menu_order":6,"comment_status":"open","ping_status":"closed","template":"","meta":{"_EventAllDay":false,"_EventTimezone":"","_EventStartDate":"","_EventEndDate":"","_EventStartDateUTC":"","_EventEndDateUTC":"","_EventShowMap":false,"_EventShowMapLink":false,"_EventURL":"","_EventCost":"","_EventCostDescription":"","_EventCurrencySymbol":"","_EventCurrencyCode":"","_EventCurrencyPosition":"","_EventDateTimeSeparator":"","_EventTimeRangeSeparator":"","_EventOrganizerID":[],"_EventVenueID":[],"_OrganizerEmail":"","_OrganizerPhone":"","_OrganizerWebsite":"","_VenueAddress":"","_VenueCity":"","_VenueCountry":"","_VenueProvince":"","_VenueState":"","_VenueZip":"","_VenuePhone":"","_VenueURL":"","_VenueStateProvince":"","_VenueLat":"","_VenueLng":"","_VenueShowMap":false,"_VenueShowMapLink":false,"footnotes":""},"class_list":["post-2871","page","type-page","status-publish","has-post-thumbnail","hentry"],"_links":{"self":[{"href":"https:\/\/www.awo-jugendwerk-lsa.de\/awowp\/wp-json\/wp\/v2\/pages\/2871","targetHints":{"allow":["GET"]}}],"collection":[{"href":"https:\/\/www.awo-jugendwerk-lsa.de\/awowp\/wp-json\/wp\/v2\/pages"}],"about":[{"href":"https:\/\/www.awo-jugendwerk-lsa.de\/awowp\/wp-json\/wp\/v2\/types\/page"}],"author":[{"embeddable":true,"href":"https:\/\/www.awo-jugendwerk-lsa.de\/awowp\/wp-json\/wp\/v2\/users\/2"}],"replies":[{"embeddable":true,"href":"https:\/\/www.awo-jugendwerk-lsa.de\/awowp\/wp-json\/wp\/v2\/comments?post=2871"}],"version-history":[{"count":5,"href":"https:\/\/www.awo-jugendwerk-lsa.de\/awowp\/wp-json\/wp\/v2\/pages\/2871\/revisions"}],"predecessor-version":[{"id":8128,"href":"https:\/\/www.awo-jugendwerk-lsa.de\/awowp\/wp-json\/wp\/v2\/pages\/2871\/revisions\/8128"}],"wp:featuredmedia":[{"embeddable":true,"href":"https:\/\/www.awo-jugendwerk-lsa.de\/awowp\/wp-json\/wp\/v2\/media\/6775"}],"wp:attachment":[{"href":"https:\/\/www.awo-jugendwerk-lsa.de\/awowp\/wp-json\/wp\/v2\/media?parent=2871"}],"curies":[{"name":"wp","href":"https:\/\/api.w.org\/{rel}","templated":true}]}}