{"id":2680,"date":"2013-02-04T16:41:59","date_gmt":"2013-02-04T15:41:59","guid":{"rendered":"http:\/\/www.awo-jugendwerk-lsa.de\/awowp\/?page_id=2680"},"modified":"2013-02-21T21:19:38","modified_gmt":"2013-02-21T20:19:38","slug":"fotowettbewerb","status":"publish","type":"page","link":"https:\/\/www.awo-jugendwerk-lsa.de\/awowp\/wer-wir-sind\/wir-feiern-geburtstag\/fotowettbewerb\/","title":{"rendered":"Fotowettbewerb"},"content":{"rendered":"<p style=\"text-align: justify;\"><strong>Zeig der Welt, was den Alltag und das Besondere in Sachsen-Anhalt f\u00fcr Dich ausmacht. Deine Perspektive, Dein Bildausschnitt, Dein Motiv.<\/strong><br \/>\n<strong> Also ran an die Kamera und raus mit dem V\u00f6gelchen!<\/strong><\/p>\n<p style=\"text-align: center;\">Beteilige Dich mit Deinem Bild an unserem Foto-Wettbewerb<br \/>\n<strong><span style=\"color: #ec4e3b; font-size: medium;\">&#8222;Jugend in Sachsen-Anhalt \u2013 Zeig Deine Perspektive&#8220;<\/span><\/strong><br \/>\n&#8230;bevor andere sie Dir zeigen (wollen)!<\/p>\n<p style=\"text-align: justify;\">Zeig, was Du und sonst keine_r sieht. Teile Deine Perspektive. Mehr Perspektiven \u2013 mehr Zukunft.<br \/>\nEs geht um die besten Ideen, die kreativsten Bilder.<\/p>\n<p style=\"text-align: justify;\"><strong>Mitmachen lohnt sich! <\/strong>Alle eingesandten Bilder werden auf unserer Homepage ver\u00f6ffentlicht. Eine Jury w\u00e4hlt dann die drei besten Bilder aus. Die Gewinner werden auf unserem  20. Landesjugendwerksgeburtstag am 27. April 2013 auf dem Thiemplatz in  Magdeburg-Buckau ausgezeichnet und bekommen dort die Preise \u00fcberreicht.<\/p>\n<p style=\"text-align: justify;\">Zus\u00e4tzlich gibt es einen Publikumspreis. In einer Fotoausstellung am 27. April 2013 k\u00f6nnen die Besucher unserer Geburtstagsparty aus 20 von der Jury vorausgew\u00e4hlten Bildern das Beste aussuchen und daf\u00fcr abstimmen. Dieses Bild wir zusammen mit den drei anderen Gewinnern ausgezeichnet.<\/p>\n<p style=\"text-align: left;\"><strong>Vorraussetzungen<\/strong> f\u00fcr Deine Teilnahme sind:<br \/>\n<span style=\"color: #ec4e3b;\">\u2022 <\/span> Du lebst in Sachsen-Anhalt und bist unter 27 Jahre alt<br \/>\n<span style=\"color: #ec4e3b;\">\u2022<\/span> Mit dem Foto sendest Du uns den vollst\u00e4ndig ausgef\u00fcllten Teilnahmebogen zu<br \/>\n<span style=\"color: #ec4e3b;\">\u2022 <\/span> Dein Foto ist im JPEG-Format gespeichert und maximal 10 MB gro\u00df<br \/>\n<span style=\"color: #ec4e3b;\">\u2022 <\/span> Dein Bild ist folgenderma\u00dfen gekennzeichnet: Vorname_Nachname_Titel.jpg<br \/>\n<span style=\"color: #ec4e3b;\">\u2022 <\/span> Das Foto wurde noch nicht an anderer Stelle in gedruckter Form ver\u00f6ffentlicht und hat auch noch keine Auszeichnung bei einem anderen Wettbewerb erhalten<\/p>\n<p style=\"text-align: left;\">Gegen geltendes Recht versto\u00dfende Motive werden vom Wettbewerb ausgeschlossen.<\/p>\n<p style=\"text-align: justify;\">Dein Bild sendest Du bitte per Mail an folgende Mail-Adresse:<\/p>\n<p style=\"text-align: center;\"><strong><a href=\"Geburtstag@AWO-Jugendwerk-LSA.de\">Geburtstag@AWO-Jugendwerk-LSA.de<\/a> <\/strong><\/p>\n<p style=\"text-align: justify;\">Einsendeschluss ist der 10. April 2013<\/p>\n<p style=\"text-align: justify;\"><span style=\"color: #ec4e3b;\">Wir freuen uns auf Eure Bilder!<\/span><\/p>\n<p style=\"text-align: justify;\">Zum downloaden, ausdrucken und ausf\u00fcllen:<\/p>\n<p><a href=\"https:\/\/www.awo-jugendwerk-lsa.de\/awowp\/wp-content\/uploads\/2013\/02\/ausschreibung+teilnahme.pdf\">Teilnahmebogen und Ausschreibung<\/a><\/p>\n","protected":false},"excerpt":{"rendered":"<p>Zeig der Welt, was den Alltag und das Besondere in Sachsen-Anhalt f\u00fcr Dich ausmacht. Deine Perspektive, Dein Bildausschnitt, Dein Motiv. Also ran an die Kamera und raus mit dem V\u00f6gelchen! Beteilige Dich mit Deinem Bild an unserem Foto-Wettbewerb &#8222;Jugend in Sachsen-Anhalt \u2013 Zeig Deine Perspektive&#8220; &#8230;bevor andere sie Dir zeigen (wollen)! Zeig, was Du und <a class=\"more-link\" href=\"https:\/\/www.awo-jugendwerk-lsa.de\/awowp\/wer-wir-sind\/wir-feiern-geburtstag\/fotowettbewerb\/\">weiterlesen&#8230;<\/a><\/p>\n","protected":false},"author":10,"featured_media":0,"parent":2679,"menu_order":1,"comment_status":"open","ping_status":"open","template":"","meta":{"_EventAllDay":false,"_EventTimezone":"","_EventStartDate":"","_EventEndDate":"","_EventStartDateUTC":"","_EventEndDateUTC":"","_EventShowMap":false,"_EventShowMapLink":false,"_EventURL":"","_EventCost":"","_EventCostDescription":"","_EventCurrencySymbol":"","_EventCurrencyCode":"","_EventCurrencyPosition":"","_EventDateTimeSeparator":"","_EventTimeRangeSeparator":"","_EventOrganizerID":[],"_EventVenueID":[],"_OrganizerEmail":"","_OrganizerPhone":"","_OrganizerWebsite":"","_VenueAddress":"","_VenueCity":"","_VenueCountry":"","_VenueProvince":"","_VenueState":"","_VenueZip":"","_VenuePhone":"","_VenueURL":"","_VenueStateProvince":"","_VenueLat":"","_VenueLng":"","_VenueShowMap":false,"_VenueShowMapLink":false,"footnotes":""},"class_list":["post-2680","page","type-page","status-publish","hentry"],"_links":{"self":[{"href":"https:\/\/www.awo-jugendwerk-lsa.de\/awowp\/wp-json\/wp\/v2\/pages\/2680","targetHints":{"allow":["GET"]}}],"collection":[{"href":"https:\/\/www.awo-jugendwerk-lsa.de\/awowp\/wp-json\/wp\/v2\/pages"}],"about":[{"href":"https:\/\/www.awo-jugendwerk-lsa.de\/awowp\/wp-json\/wp\/v2\/types\/page"}],"author":[{"embeddable":true,"href":"https:\/\/www.awo-jugendwerk-lsa.de\/awowp\/wp-json\/wp\/v2\/users\/10"}],"replies":[{"embeddable":true,"href":"https:\/\/www.awo-jugendwerk-lsa.de\/awowp\/wp-json\/wp\/v2\/comments?post=2680"}],"version-history":[{"count":5,"href":"https:\/\/www.awo-jugendwerk-lsa.de\/awowp\/wp-json\/wp\/v2\/pages\/2680\/revisions"}],"predecessor-version":[{"id":2702,"href":"https:\/\/www.awo-jugendwerk-lsa.de\/awowp\/wp-json\/wp\/v2\/pages\/2680\/revisions\/2702"}],"up":[{"embeddable":true,"href":"https:\/\/www.awo-jugendwerk-lsa.de\/awowp\/wp-json\/wp\/v2\/pages\/2679"}],"wp:attachment":[{"href":"https:\/\/www.awo-jugendwerk-lsa.de\/awowp\/wp-json\/wp\/v2\/media?parent=2680"}],"curies":[{"name":"wp","href":"https:\/\/api.w.org\/{rel}","templated":true}]}}