{"id":256,"date":"2010-03-01T14:31:22","date_gmt":"2010-03-01T13:31:22","guid":{"rendered":"http:\/\/www.awo-jugendwerk-sachsen-anhalt.de\/awowp\/?page_id=256"},"modified":"2023-03-22T11:24:40","modified_gmt":"2023-03-22T10:24:40","slug":"fsj-14c","status":"publish","type":"page","link":"https:\/\/www.awo-jugendwerk-lsa.de\/awowp\/fsj\/fsj-14c\/","title":{"rendered":"Seminare &#038; Begleitung"},"content":{"rendered":"<p><!-- @page { size: 21cm 29.7cm; margin: 2cm } P { margin-bottom: 0.21cm } --><\/p>\n<p lang=\"de-DE\"><strong>Was hat es mit den Seminaren auf sich? <\/strong><\/p>\n<p style=\"text-align: justify;\">Neben der praktischen Arbeit in den Einrichtungen ist die Teilnahme an Seminaren ein wesentlicher Bestandteil des Freiwilligendienstes. 25 Seminartage sind gesetzlich verankert und geh\u00f6ren daher zur Arbeitszeit im Freiwilligendienst. Die Seminare werden durch das Landesjugendwerk der AWO organisiert und durchgef\u00fchrt. In den Seminarwochen, an denen ca. 25 Freiwillige aus Sachsen-Anhalt teilnehmen und die an unterschiedlichen Orten stattfinden, steht Folgendes im Mittelpunkt:<\/p>\n<ul>\n<li>\n<p lang=\"de-DE\">Erfahrungsaustausch mit den anderen Freiwilligen,<\/p>\n<\/li>\n<li>\n<p lang=\"de-DE\">Reflexion der T\u00e4tigkeiten und Erfahrungen in deiner Einsatzstelle,<\/p>\n<\/li>\n<li>\n<p lang=\"de-DE\">Vermittlung von Wissenswertem und Fachkenntnissen zu ausgew\u00e4hlten praxisbezogenen Themen,<\/p>\n<\/li>\n<li>\n<p lang=\"de-DE\">Auseinandersetzung mit aktuellen gesellschaftspolitischen Fragen,<\/p>\n<\/li>\n<li>\n<p lang=\"de-DE\" style=\"text-align: justify;\">und nat\u00fcrlich auch Spa\u00df und Kreativit\u00e4t.<\/p>\n<\/li>\n<\/ul>\n<p lang=\"de-DE\" style=\"text-align: justify;\">Wir legen gro\u00dfen Wert auf Mitbestimmung und Beteiligung bei der Gestaltung der Seminare! Das Einbringen deiner Ideen, W\u00fcnsche und Vorstellungen ist unabdingbar, damit die Seminarzeit zu einem sch\u00f6nen und bereicherndem Bestandteil des Freiwilligenjahres wird!<\/p>\n<p lang=\"de-DE\" style=\"text-align: justify;\">F\u00fcr Bundesfreiwillige im Alter ab dem vollendeten 27. Lebensjahr bieten wir 12 einzelne Seminartage zur Auswahl an. Das Halbjahresprogramm gibt es hier zum Download:<\/p>\n<p><strong>P\u00e4dagogische Begleitung in der Einsatzstelle<\/strong><\/p>\n<p style=\"text-align: justify;\">In deiner Einsatzstelle steht dir eine Fachkraft als Praxisanleiter*in zur Verf\u00fcgung. Die Praxisanleiter*in begleitet dich durch deinen Freiwilligendienst und ist f\u00fcr dich Ansprechpartner*in bei Anliegen und Fragen aus deinem Einsatzfeld. Gemeinsam werdet ihr \u00fcber das Freiwilligenjahr hinweg regelm\u00e4\u00dfige Reflexionsgespr\u00e4che f\u00fchren, in welchen es darum geht Lernziele festzulegen, deine Lernerfolge einzusch\u00e4tzen und bereits Erreichtes und Erlerntes zu reflektieren. Somit ist gew\u00e4hrleistet, dass du nicht nur mit einem gro\u00dfen Paket an neuem Fachwissen aus deinem Freiwilligendienst gehst, sondern auch als Mensch pers\u00f6nlich gest\u00e4rkt und mit einem Rucksack an Erfahrungen in dein Leben nach dem Freiwilligendienst startest.<\/p>\n<p style=\"text-align: justify;\"><strong>P\u00e4dagogische Begleitung durch das Landesjugendwerk<\/strong><\/p>\n<p style=\"text-align: justify;\">In der Koordinationsstelle beim Landesjugendwerk der AWO stehen wir dir w\u00e4hrend deines Freiwilligendienstes auch als Ansprechpartner*innen zur Verf\u00fcgung. Gibt es Fragen oder herausfordernde Situationen in deiner Einsatzstelle, kannst du uns als Unterst\u00fctzung gern in Anspruch nehmen. Au\u00dferhalb der Seminare besuchen wir dich zudem f\u00fcr Reflexionsgespr\u00e4che in deiner Einsatzstelle und beraten dich zu allen Belangen rund um den Freiwilligendienst.<\/p>\n","protected":false},"excerpt":{"rendered":"<p>Was hat es mit den Seminaren auf sich? Neben der praktischen Arbeit in den Einrichtungen ist die Teilnahme an Seminaren ein wesentlicher Bestandteil des Freiwilligendienstes. 25 Seminartage sind gesetzlich verankert und geh\u00f6ren daher zur Arbeitszeit im Freiwilligendienst. Die Seminare werden durch das Landesjugendwerk der AWO organisiert und durchgef\u00fchrt. In den Seminarwochen, an denen ca. 25 <a class=\"more-link\" href=\"https:\/\/www.awo-jugendwerk-lsa.de\/awowp\/fsj\/fsj-14c\/\">weiterlesen&#8230;<\/a><\/p>\n","protected":false},"author":2,"featured_media":0,"parent":110,"menu_order":3,"comment_status":"open","ping_status":"open","template":"","meta":{"_EventAllDay":false,"_EventTimezone":"","_EventStartDate":"","_EventEndDate":"","_EventStartDateUTC":"","_EventEndDateUTC":"","_EventShowMap":false,"_EventShowMapLink":false,"_EventURL":"","_EventCost":"","_EventCostDescription":"","_EventCurrencySymbol":"","_EventCurrencyCode":"","_EventCurrencyPosition":"","_EventDateTimeSeparator":"","_EventTimeRangeSeparator":"","_EventOrganizerID":[],"_EventVenueID":[],"_OrganizerEmail":"","_OrganizerPhone":"","_OrganizerWebsite":"","_VenueAddress":"","_VenueCity":"","_VenueCountry":"","_VenueProvince":"","_VenueState":"","_VenueZip":"","_VenuePhone":"","_VenueURL":"","_VenueStateProvince":"","_VenueLat":"","_VenueLng":"","_VenueShowMap":false,"_VenueShowMapLink":false,"footnotes":""},"class_list":["post-256","page","type-page","status-publish","hentry"],"_links":{"self":[{"href":"https:\/\/www.awo-jugendwerk-lsa.de\/awowp\/wp-json\/wp\/v2\/pages\/256","targetHints":{"allow":["GET"]}}],"collection":[{"href":"https:\/\/www.awo-jugendwerk-lsa.de\/awowp\/wp-json\/wp\/v2\/pages"}],"about":[{"href":"https:\/\/www.awo-jugendwerk-lsa.de\/awowp\/wp-json\/wp\/v2\/types\/page"}],"author":[{"embeddable":true,"href":"https:\/\/www.awo-jugendwerk-lsa.de\/awowp\/wp-json\/wp\/v2\/users\/2"}],"replies":[{"embeddable":true,"href":"https:\/\/www.awo-jugendwerk-lsa.de\/awowp\/wp-json\/wp\/v2\/comments?post=256"}],"version-history":[{"count":5,"href":"https:\/\/www.awo-jugendwerk-lsa.de\/awowp\/wp-json\/wp\/v2\/pages\/256\/revisions"}],"predecessor-version":[{"id":6931,"href":"https:\/\/www.awo-jugendwerk-lsa.de\/awowp\/wp-json\/wp\/v2\/pages\/256\/revisions\/6931"}],"up":[{"embeddable":true,"href":"https:\/\/www.awo-jugendwerk-lsa.de\/awowp\/wp-json\/wp\/v2\/pages\/110"}],"wp:attachment":[{"href":"https:\/\/www.awo-jugendwerk-lsa.de\/awowp\/wp-json\/wp\/v2\/media?parent=256"}],"curies":[{"name":"wp","href":"https:\/\/api.w.org\/{rel}","templated":true}]}}