{"id":2459,"date":"2013-01-06T15:06:32","date_gmt":"2013-01-06T14:06:32","guid":{"rendered":"http:\/\/www.awo-jugendwerk-lsa.de\/awowp\/?page_id=2459"},"modified":"2013-01-08T23:40:42","modified_gmt":"2013-01-08T22:40:42","slug":"kreativ-blockieren-%e2%80%93-let%e2%80%99s-swing","status":"publish","type":"page","link":"https:\/\/www.awo-jugendwerk-lsa.de\/awowp\/kein-tag-fur-nazis\/kreativ-blockieren-%e2%80%93-let%e2%80%99s-swing\/","title":{"rendered":"Kreativ Blockieren \u2013 Let\u2019s Swing"},"content":{"rendered":"<p>Swing ist toll, Swing ist cool, Swing macht Spa\u00df und verbindet. Und  Swing ist Widerstand. Jawoll, Widerstand der rockt und Leute verbindet.<br \/>\nAuch wenn der diesj\u00e4hrige Aufmarsch vorbei ist, wollen wir die Kultur  des zivilen Ungehorsams pflegen und warm bleiben. Fit in den  Fr\u00fchling\u2026damals wie heute stilvoll aus der Reihe tanzen!<\/p>\n<p><a href=\"https:\/\/www.awo-jugendwerk-lsa.de\/awowp\/wp-content\/uploads\/2013\/01\/lets-swing.gif\" rel=\"lightbox[2459]\"><img loading=\"lazy\" decoding=\"async\" title=\"lets swing\" src=\"https:\/\/www.awo-jugendwerk-lsa.de\/awowp\/wp-content\/uploads\/2013\/01\/lets-swing-300x253.gif\" alt=\"\" width=\"227\" height=\"191\" \/><\/a>Swing  ist eine aus dem Jazz hervorgegangene Tanzrichtung, die in  den 20er  Jahren in den Ballrooms der USA entstand. In Deutschland war Swing um  die Jahre des 2. Weltkrieges eine Gegenkultur zum vorherrschenden  Gleichschritt. Musik, Tanz, Lebensgef\u00fchl und Flucht vor Militarismus und  Nationalit\u00e4ten-wahn verbargen sich hinter dem Ph\u00e4nomen. Die Swingkids  tanzten aus der Reihe und wurden daf\u00fcr teils verfolgt.<\/p>\n<p>Das besondere am Swing ist die Energie des Tanzes, denn er ist von  einer unglaublichen Dynamik gepr\u00e4gt. Kennzeichnend sind auch die  jazztypische Improvisation und die Offenheit. \u00dcber die Jahre wurden  Tanzfiguren und Schritte aus den verschiedensten Tanzstilen integriert.<\/p>\n<p>Swing ist in Paartanz \u2013 mit einer f\u00fchrenden und einer folgenden  Person. Ihr werdet vor Ort entscheiden k\u00f6nnen, welche Rolle ihr  \u00fcbernehmt. Au\u00dferdem werden wir uns untereinander abwechseln, also die  Tanzpaare immer wieder neu mischen.<\/p>\n<p>Am Freitag Abend geht es mit den ersten Tanzschritten und Figuren  los. Die Kurse am Samstag bauen darauf auf. Ab 19 Uhr k\u00f6nnte ihr in  einer Solotanzeinheit den Shim Sham  lernen, daf\u00fcr bedarf es keiner  Vorkenntnisse. Die Party am  Abend zu der wir euch einladen ist f\u00fcr  Leute des Worshops und die, die einfach mal reinschnuppern wollen.<\/p>\n<p><strong>Kosten: 30,- Euro<\/strong><\/p>\n<p><strong>Ort: EineWeltHaus Magdeburg, Schellingstra\u00dfe 3-4, 39104 Magdeburg-Buckau<\/strong><\/p>\n<p><strong>Im <\/strong><strong><a href=\"https:\/\/www.awo-jugendwerk-lsa.de\/awowp\/wp-content\/uploads\/2013\/01\/swing-flier.pdfaktuell.pdf\" target=\"_blank\">aktuellen Flyer<\/a><\/strong><strong> findet Ihr dazu weitere Informationen.<\/strong><\/p>\n<p><a href=\"https:\/\/www.awo-jugendwerk-lsa.de\/awowp\/?page_id=201\"><img loading=\"lazy\" decoding=\"async\" title=\"anmelden\" src=\"https:\/\/www.awo-jugendwerk-lsa.de\/awowp\/wp-content\/uploads\/2011\/03\/anmelden.jpg\" alt=\"\" width=\"100\" height=\"25\" \/><\/a><\/p>\n","protected":false},"excerpt":{"rendered":"<p>Swing ist toll, Swing ist cool, Swing macht Spa\u00df und verbindet. Und Swing ist Widerstand. Jawoll, Widerstand der rockt und Leute verbindet. Auch wenn der diesj\u00e4hrige Aufmarsch vorbei ist, wollen wir die Kultur des zivilen Ungehorsams pflegen und warm bleiben. Fit in den Fr\u00fchling\u2026damals wie heute stilvoll aus der Reihe tanzen! Swing ist eine aus <a class=\"more-link\" href=\"https:\/\/www.awo-jugendwerk-lsa.de\/awowp\/kein-tag-fur-nazis\/kreativ-blockieren-%e2%80%93-let%e2%80%99s-swing\/\">weiterlesen&#8230;<\/a><\/p>\n","protected":false},"author":2,"featured_media":0,"parent":2420,"menu_order":0,"comment_status":"open","ping_status":"closed","template":"","meta":{"_EventAllDay":false,"_EventTimezone":"","_EventStartDate":"","_EventEndDate":"","_EventStartDateUTC":"","_EventEndDateUTC":"","_EventShowMap":false,"_EventShowMapLink":false,"_EventURL":"","_EventCost":"","_EventCostDescription":"","_EventCurrencySymbol":"","_EventCurrencyCode":"","_EventCurrencyPosition":"","_EventDateTimeSeparator":"","_EventTimeRangeSeparator":"","_EventOrganizerID":[],"_EventVenueID":[],"_OrganizerEmail":"","_OrganizerPhone":"","_OrganizerWebsite":"","_VenueAddress":"","_VenueCity":"","_VenueCountry":"","_VenueProvince":"","_VenueState":"","_VenueZip":"","_VenuePhone":"","_VenueURL":"","_VenueStateProvince":"","_VenueLat":"","_VenueLng":"","_VenueShowMap":false,"_VenueShowMapLink":false,"footnotes":""},"class_list":["post-2459","page","type-page","status-publish","hentry"],"_links":{"self":[{"href":"https:\/\/www.awo-jugendwerk-lsa.de\/awowp\/wp-json\/wp\/v2\/pages\/2459","targetHints":{"allow":["GET"]}}],"collection":[{"href":"https:\/\/www.awo-jugendwerk-lsa.de\/awowp\/wp-json\/wp\/v2\/pages"}],"about":[{"href":"https:\/\/www.awo-jugendwerk-lsa.de\/awowp\/wp-json\/wp\/v2\/types\/page"}],"author":[{"embeddable":true,"href":"https:\/\/www.awo-jugendwerk-lsa.de\/awowp\/wp-json\/wp\/v2\/users\/2"}],"replies":[{"embeddable":true,"href":"https:\/\/www.awo-jugendwerk-lsa.de\/awowp\/wp-json\/wp\/v2\/comments?post=2459"}],"version-history":[{"count":5,"href":"https:\/\/www.awo-jugendwerk-lsa.de\/awowp\/wp-json\/wp\/v2\/pages\/2459\/revisions"}],"predecessor-version":[{"id":2491,"href":"https:\/\/www.awo-jugendwerk-lsa.de\/awowp\/wp-json\/wp\/v2\/pages\/2459\/revisions\/2491"}],"up":[{"embeddable":true,"href":"https:\/\/www.awo-jugendwerk-lsa.de\/awowp\/wp-json\/wp\/v2\/pages\/2420"}],"wp:attachment":[{"href":"https:\/\/www.awo-jugendwerk-lsa.de\/awowp\/wp-json\/wp\/v2\/media?parent=2459"}],"curies":[{"name":"wp","href":"https:\/\/api.w.org\/{rel}","templated":true}]}}