{"id":2124,"date":"2012-09-06T17:38:42","date_gmt":"2012-09-06T16:38:42","guid":{"rendered":"http:\/\/www.awo-jugendwerk-lsa.de\/awowp\/?page_id=2124"},"modified":"2013-06-11T17:28:51","modified_gmt":"2013-06-11T16:28:51","slug":"mitglied-werden","status":"publish","type":"page","link":"https:\/\/www.awo-jugendwerk-lsa.de\/awowp\/mitglied-werden\/","title":{"rendered":"Mit uns aktiv werden"},"content":{"rendered":"<p><iframe loading=\"lazy\" width=\"505\" height=\"284\" src=\"https:\/\/www.youtube.com\/embed\/AWMExnSGTIY?rel=0\" frameborder=\"0\" allowfullscreen><\/iframe><\/p>\n<p style=\"text-align: center;\"><img loading=\"lazy\" decoding=\"async\" class=\"aligncenter size-large wp-image-2634\" title=\"Hast du Lust\" src=\"https:\/\/www.awo-jugendwerk-lsa.de\/awowp\/wp-content\/uploads\/2013\/01\/most_wanted_neu-Seite001-1024x726.jpg\" alt=\"\" width=\"491\" height=\"349\" srcset=\"https:\/\/www.awo-jugendwerk-lsa.de\/awowp\/wp-content\/uploads\/2013\/01\/most_wanted_neu-Seite001-1024x726.jpg 1024w, https:\/\/www.awo-jugendwerk-lsa.de\/awowp\/wp-content\/uploads\/2013\/01\/most_wanted_neu-Seite001-300x212.jpg 300w, https:\/\/www.awo-jugendwerk-lsa.de\/awowp\/wp-content\/uploads\/2013\/01\/most_wanted_neu-Seite001.jpeg 1748w\" sizes=\"auto, (max-width: 491px) 100vw, 491px\" \/><\/p>\n<p style=\"text-align: left;\"><strong> <\/strong><\/p>\n<p style=\"text-align: justify;\"><span style=\"color: #ec4e3b;\"><strong>\u2026 andere junge Menschen kennen zu lernen?<\/strong><\/span><br \/>\n<span style=\"color: #ec4e3b;\"> <strong>\u2026 dich f\u00fcr deine Belange in deinem Wohnort<\/strong> <strong>und in deinem Land zu engagieren?<\/strong><\/span><br \/>\n<span style=\"color: #ec4e3b;\"> <strong>\u2026 deine Ideen in einem Jugendverband zu<\/strong> <strong>verwirklichen?<\/strong><\/span><\/p>\n<p><strong><span style=\"color: #ec4e3b;\">&#8212;&gt; Dann tu&#8217;s mit\u00a0 uns!<\/span><\/strong><\/p>\n<p style=\"text-align: justify;\">Wir sind der eigenst\u00e4ndige Kinder- und Jugendverband der Arbeiterwohlfahrt (AWO) in Sachsen-Anhalt, verstehen uns als Interessenvertretung f\u00fcr Kinder und Jugendliche in unserem Land und treten f\u00fcr deren st\u00e4rkere Beteiligung in allen Lebensbereichen ein.<br \/>\nWir bieten dir eine Plattform zum Einbringen, Diskutieren, Ausprobieren und Mitmachen, unterst\u00fctzen deine Ideen und erm\u00f6glichen Einblicke in die lebendige Praxis unseres Jugendverbandes.<\/p>\n<p style=\"text-align: justify;\"><strong><a href=\"https:\/\/www.awo-jugendwerk-lsa.de\/awowp\/wp-content\/uploads\/2012\/12\/Mitgliedsantrag-LJW-2012.pdf\" target=\"_blank\">Ich m\u00f6chte Mitglied im Landesjugendwerk der AWO Sachsen-Anhalt e.V. werden!<\/a><\/strong><\/p>\n","protected":false},"excerpt":{"rendered":"<p>\u2026 andere junge Menschen kennen zu lernen? \u2026 dich f\u00fcr deine Belange in deinem Wohnort und in deinem Land zu engagieren? \u2026 deine Ideen in einem Jugendverband zu verwirklichen? &#8212;&gt; Dann tu&#8217;s mit\u00a0 uns! Wir sind der eigenst\u00e4ndige Kinder- und Jugendverband der Arbeiterwohlfahrt (AWO) in Sachsen-Anhalt, verstehen uns als Interessenvertretung f\u00fcr Kinder und Jugendliche in <a class=\"more-link\" href=\"https:\/\/www.awo-jugendwerk-lsa.de\/awowp\/mitglied-werden\/\">weiterlesen&#8230;<\/a><\/p>\n","protected":false},"author":2,"featured_media":0,"parent":0,"menu_order":9,"comment_status":"open","ping_status":"closed","template":"","meta":{"_EventAllDay":false,"_EventTimezone":"","_EventStartDate":"","_EventEndDate":"","_EventStartDateUTC":"","_EventEndDateUTC":"","_EventShowMap":false,"_EventShowMapLink":false,"_EventURL":"","_EventCost":"","_EventCostDescription":"","_EventCurrencySymbol":"","_EventCurrencyCode":"","_EventCurrencyPosition":"","_EventDateTimeSeparator":"","_EventTimeRangeSeparator":"","_EventOrganizerID":[],"_EventVenueID":[],"_OrganizerEmail":"","_OrganizerPhone":"","_OrganizerWebsite":"","_VenueAddress":"","_VenueCity":"","_VenueCountry":"","_VenueProvince":"","_VenueState":"","_VenueZip":"","_VenuePhone":"","_VenueURL":"","_VenueStateProvince":"","_VenueLat":"","_VenueLng":"","_VenueShowMap":false,"_VenueShowMapLink":false,"footnotes":""},"class_list":["post-2124","page","type-page","status-publish","hentry"],"_links":{"self":[{"href":"https:\/\/www.awo-jugendwerk-lsa.de\/awowp\/wp-json\/wp\/v2\/pages\/2124","targetHints":{"allow":["GET"]}}],"collection":[{"href":"https:\/\/www.awo-jugendwerk-lsa.de\/awowp\/wp-json\/wp\/v2\/pages"}],"about":[{"href":"https:\/\/www.awo-jugendwerk-lsa.de\/awowp\/wp-json\/wp\/v2\/types\/page"}],"author":[{"embeddable":true,"href":"https:\/\/www.awo-jugendwerk-lsa.de\/awowp\/wp-json\/wp\/v2\/users\/2"}],"replies":[{"embeddable":true,"href":"https:\/\/www.awo-jugendwerk-lsa.de\/awowp\/wp-json\/wp\/v2\/comments?post=2124"}],"version-history":[{"count":5,"href":"https:\/\/www.awo-jugendwerk-lsa.de\/awowp\/wp-json\/wp\/v2\/pages\/2124\/revisions"}],"predecessor-version":[{"id":2329,"href":"https:\/\/www.awo-jugendwerk-lsa.de\/awowp\/wp-json\/wp\/v2\/pages\/2124\/revisions\/2329"}],"wp:attachment":[{"href":"https:\/\/www.awo-jugendwerk-lsa.de\/awowp\/wp-json\/wp\/v2\/media?parent=2124"}],"curies":[{"name":"wp","href":"https:\/\/api.w.org\/{rel}","templated":true}]}}