{"id":16,"date":"2010-01-28T11:03:12","date_gmt":"2010-01-28T10:03:12","guid":{"rendered":"http:\/\/www.awo-jugendwerk-sachsen-anhalt.de\/awowp\/?page_id=16"},"modified":"2025-12-17T18:49:20","modified_gmt":"2025-12-17T17:49:20","slug":"das-team","status":"publish","type":"page","link":"https:\/\/www.awo-jugendwerk-lsa.de\/awowp\/wer-wir-sind\/das-team\/","title":{"rendered":"Mitarbeiter*innen"},"content":{"rendered":"\n\n\n<p>In den Fachbereichen des Landesjugendwerkes der AWO arbeiten derzeit folgende Mitarbeiter*innen:<\/p>\n\n\n\n<p><span style=\"text-decoration: underline; color: #ec4e3b;\"><strong>Gesch\u00e4ftsf\u00fchrer:<\/strong><\/span><\/p>\n\n\n\n<p><span style=\"color: #000000;\"><strong><span style=\"color: #333333;\"><strong>Tom Bruchholz<br><\/strong><\/span><br><\/strong><\/span><\/p>\n\n\n\n<p><span style=\"text-decoration: underline; color: #ec4e3b;\"><strong>Verwaltung<\/strong><\/span><\/p>\n\n\n\n<p><strong>Tamara Barroso-Munk &#8211; Assistenz der Gesch\u00e4ftsf\u00fchrung<br><\/strong><\/p>\n\n\n\n<p><strong>Nadine Mevs &#8211; Verwaltungsangestellte<\/strong><\/p>\n\n\n\n<p><strong>Christiane Meidler &#8211; Verwaltungsangestellte<br>Telefon: <\/strong>0391<strong>&#8211; <\/strong>40 82 457<\/p>\n\n\n\n<p><\/p>\n\n\n\n<p><span style=\"text-decoration: underline; color: #ec4e3b;\"><strong>Fachbereich Jugendbildung<\/strong><\/span><\/p>\n\n\n\n<p><strong>Telefon: <\/strong>0391<strong>&#8211; <\/strong>40 82 90 90<\/p>\n\n\n\n<p><strong>Nicole Kr\u00f6kel<\/strong> &#8211; Jugendbildungsreferentin&nbsp;<\/p>\n\n\n\n<p>E-Mail: N.Kroekel@AWO-Jugendwerk-LSA.de<br><strong><br>Kirsten Vogt &#8211; <\/strong>Jugendbildungsreferentin\u00a0<\/p>\n\n\n\n<p>E-Mail: K.Vogt(at)AWO-Jugendwerk-LSA.de<\/p>\n\n\n\n<p><strong>Carina Lederich<\/strong> &#8211; Jugendbildungsreferentin<\/p>\n\n\n\n<p>E-Mail: C.Lederich(at)AWO-Jugendwerk-LSA.de<\/p>\n\n\n\n<p><strong>Benjamin Kant <\/strong>&#8211; Jugendbildungsreferent<\/p>\n\n\n\n<p>E-Mail: B.Kant(at)AWO-Jugendwerk-LSA.de<\/p>\n\n\n\n<p><strong>Tabea Bornemann<\/strong>&#8211; Freiwilligendienstleistende<\/p>\n\n\n\n<p>E-Mail: T.Bornemann(at)AWO-Jugendwerk-LSA.de<\/p>\n\n\n\n<p><strong>Dr. Klaus Scherbath <\/strong>&#8211; Projektkoordination Mobilit\u00e4t im l\u00e4ndlichen Raum<\/p>\n\n\n\n<p><span style=\"text-decoration: underline; color: #ec4e3b;\"><strong><br>Fachbereich Freiwilligendienste<\/strong><\/span><\/p>\n\n\n\n<p><strong>Telefon FSJ: <\/strong>0391<strong>&#8211; <\/strong>40 82 456 <strong><br>Telefon BFD: <\/strong>0391<strong>&#8211;<\/strong>83 80 90 37<\/p>\n\n\n\n<p><strong>Elisabeth Meiners<\/strong> &#8211; Fachbereichsleitung, Schwerpunkt BFD<\/p>\n\n\n\n<p>E-Mail: E.Meiners(at)AWO-Jugendwerk-LSA.de<\/p>\n\n\n\n<p><strong>Alexander Feist <\/strong>&#8211; Fachbereichsleitung, Schwerpunkt FSJ an Ganztagsschulen<\/p>\n\n\n\n<p>E-Mail: A.Feist(at)AWO-Jugendwerk-LSA.de<\/p>\n\n\n\n<p><strong>Nadine Otte <\/strong>&#8211; Referentin Freiwilligendienst, Schwerpunkt FSJ<\/p>\n\n\n\n<p>E-Mail: N.Otte(at)AWO-Jugendwerk-LSA.de<\/p>\n\n\n\n<p><strong>Christina Grzeschniok <\/strong>&#8211; Referentin Freiwilligendienst, Schwerpunkt BFD-\u00dc27<\/p>\n\n\n\n<p>E-Mail: C.Grzeschniok(at)AWO-Jugendwerk-LSA.de<\/p>\n\n\n\n<p><strong>Benjamin Brow<\/strong> &#8211; Referent Freiwilligendienst<\/p>\n\n\n\n<p>E-Mail: B.Brow(at)AWO-Jugendwerk-LSA.de<\/p>\n\n\n\n<p><strong>Andre Cruz<\/strong> &#8211; Freiwilligendienstleistender<\/p>\n\n\n\n<p>E-Mail: A.Cruz(at)AWO-Jugendwerk-LSA.de<\/p>\n\n\n\n<p><span style=\"text-decoration: underline; color: #ec4e3b;\"><strong><br>Streetwork <\/strong><\/span><\/p>\n\n\n\n<p><strong>Ronja Muth<\/strong> &#8211; <a href=\"https:\/\/www.gommern.de\/de\/einheitsgemeinde-gommern\/leben-wohnen\/streetworker.html\">Streetworkerin in der Einheitsgemeinde Gommern<\/a><\/p>\n\n\n\n<p><strong>Gordon Bothur<\/strong> &#8211; <a href=\"https:\/\/www.awo-jugendwerk-lsa.de\/awowp\/streetwork-burg-2\/\">Streetworker in Burg bei Magdeburg<\/a><\/p>\n\n\n\n<p><strong>E-Mail:<\/strong>\u00a0<a href=\"mailto:G.Bothur@AWO-Jugendwerk-LSA.de\">G.Bothur@AWO-Jugendwerk-LSA.de<\/a><\/p>\n<p><strong>Telefon:<\/strong>\u00a00157 31145488<\/p>\n\n\n\n<p><span style=\"text-decoration: underline; color: #ec4e3b;\"><strong>Offene Jugendarbeit &#8211; Jugendclub Greppin<\/strong><\/span><\/p>\n\n\n\n<p><strong>Tobias K\u00f6ppe &#8211; <\/strong>Sozialarbeiter und p\u00e4dagogische Leitung<\/p>\n\n\n\n<div style=\"height:50px\" aria-hidden=\"true\" class=\"wp-block-spacer\"><\/div>\n\n\n\n<p><span style=\"text-decoration: underline; color: #ec4e3b;\"><strong>Schulsozialarbeit<\/strong><\/span><\/p>\n\n\n\n<p><strong>Claudia Pr\u00f6gler<\/strong> &#8211; Schulsozialarbeiterin <a href=\"https:\/\/www.gs-diesdorf-magdeburg.bildung-lsa.de\/\">Grundschule Diesdorf<\/a><strong><br><\/strong><\/p>\n\n\n\n<p><strong>Kathrin Schallenberg<\/strong> &#8211; Schulsozialarbeiterin <a href=\"https:\/\/www.gs-buckau.bildung-lsa.de\/\">Grundschule &#8222;Buckau&#8220;<\/a><\/p>\n\n\n\n<p><strong>Ulrike Felgenhauer<\/strong>&#8211; Schulsozialarbeiterin<a href=\"https:\/\/www.gs-bertolt-brecht-magdeburg.bildung-lsa.de\/\"> Grundschule &#8222;Bertolt-Brecht-Stra\u00dfe&#8220;<\/a><\/p>\n\n\n\n<p><strong>Catherine Haas<\/strong> &#8211; Schulsozialarbeiterin <a href=\"_wp_link_placeholder\" data-wplink-edit=\"true\">Grundschule &#8222;Bertolt-Brecht-Stra\u00dfe&#8220;<\/a><\/p>\n<p><strong>Janine Otto<\/strong> &#8211; Schulsozialarbeiterin <a href=\"https:\/\/www.neue-schule-magdeburg.de\/\">Neue Schule Magdeburg<\/a><\/p>\n<p><strong>Justus Stefaniak<\/strong> &#8211; Schulsozialarbeiter <a href=\"https:\/\/www.hegel-gymnasium.de\/\">Hegel-Gymnasium Magdeburg<\/a><\/p>\n\n\n\n<div style=\"height:44px\" aria-hidden=\"true\" class=\"wp-block-spacer\"><\/div>\n\n\n\n<p><span style=\"text-decoration: underline;\"><strong><span style=\"color: #ff0000; text-decoration: underline;\">Patenschaftsprogramm<\/span><\/strong><\/span><\/p>\n\n\n\n<p><strong>Martina Walter<\/strong> &#8211; Koordinatorin Patenschaftsprogramm<\/p>\n","protected":false},"excerpt":{"rendered":"<p>In den Fachbereichen des Landesjugendwerkes der AWO arbeiten derzeit folgende Mitarbeiter*innen: Gesch\u00e4ftsf\u00fchrer: Tom Bruchholz Verwaltung Tamara Barroso-Munk &#8211; Assistenz der Gesch\u00e4ftsf\u00fchrung Nadine Mevs &#8211; Verwaltungsangestellte Christiane Meidler &#8211; VerwaltungsangestellteTelefon: 0391&#8211; 40 82 457 Fachbereich Jugendbildung Telefon: 0391&#8211; 40 82 90 90 Nicole Kr\u00f6kel &#8211; Jugendbildungsreferentin&nbsp; E-Mail: N.Kroekel@AWO-Jugendwerk-LSA.deKirsten Vogt &#8211; Jugendbildungsreferentin\u00a0 E-Mail: K.Vogt(at)AWO-Jugendwerk-LSA.de Carina Lederich &#8211; <a class=\"more-link\" href=\"https:\/\/www.awo-jugendwerk-lsa.de\/awowp\/wer-wir-sind\/das-team\/\">weiterlesen&#8230;<\/a><\/p>\n","protected":false},"author":15,"featured_media":0,"parent":14,"menu_order":1,"comment_status":"open","ping_status":"closed","template":"","meta":{"_EventAllDay":false,"_EventTimezone":"","_EventStartDate":"","_EventEndDate":"","_EventStartDateUTC":"","_EventEndDateUTC":"","_EventShowMap":false,"_EventShowMapLink":false,"_EventURL":"","_EventCost":"","_EventCostDescription":"","_EventCurrencySymbol":"","_EventCurrencyCode":"","_EventCurrencyPosition":"","_EventDateTimeSeparator":"","_EventTimeRangeSeparator":"","_EventOrganizerID":[],"_EventVenueID":[],"_OrganizerEmail":"","_OrganizerPhone":"","_OrganizerWebsite":"","_VenueAddress":"","_VenueCity":"","_VenueCountry":"","_VenueProvince":"","_VenueState":"","_VenueZip":"","_VenuePhone":"","_VenueURL":"","_VenueStateProvince":"","_VenueLat":"","_VenueLng":"","_VenueShowMap":false,"_VenueShowMapLink":false,"footnotes":""},"class_list":["post-16","page","type-page","status-publish","hentry"],"_links":{"self":[{"href":"https:\/\/www.awo-jugendwerk-lsa.de\/awowp\/wp-json\/wp\/v2\/pages\/16","targetHints":{"allow":["GET"]}}],"collection":[{"href":"https:\/\/www.awo-jugendwerk-lsa.de\/awowp\/wp-json\/wp\/v2\/pages"}],"about":[{"href":"https:\/\/www.awo-jugendwerk-lsa.de\/awowp\/wp-json\/wp\/v2\/types\/page"}],"author":[{"embeddable":true,"href":"https:\/\/www.awo-jugendwerk-lsa.de\/awowp\/wp-json\/wp\/v2\/users\/15"}],"replies":[{"embeddable":true,"href":"https:\/\/www.awo-jugendwerk-lsa.de\/awowp\/wp-json\/wp\/v2\/comments?post=16"}],"version-history":[{"count":4,"href":"https:\/\/www.awo-jugendwerk-lsa.de\/awowp\/wp-json\/wp\/v2\/pages\/16\/revisions"}],"predecessor-version":[{"id":8120,"href":"https:\/\/www.awo-jugendwerk-lsa.de\/awowp\/wp-json\/wp\/v2\/pages\/16\/revisions\/8120"}],"up":[{"embeddable":true,"href":"https:\/\/www.awo-jugendwerk-lsa.de\/awowp\/wp-json\/wp\/v2\/pages\/14"}],"wp:attachment":[{"href":"https:\/\/www.awo-jugendwerk-lsa.de\/awowp\/wp-json\/wp\/v2\/media?parent=16"}],"curies":[{"name":"wp","href":"https:\/\/api.w.org\/{rel}","templated":true}]}}