{"id":154,"date":"2010-02-19T09:59:39","date_gmt":"2010-02-19T08:59:39","guid":{"rendered":"http:\/\/www.awo-jugendwerk-sachsen-anhalt.de\/awowp\/?page_id=154"},"modified":"2024-12-19T10:27:26","modified_gmt":"2024-12-19T09:27:26","slug":"weiterbildung","status":"publish","type":"page","link":"https:\/\/www.awo-jugendwerk-lsa.de\/awowp\/jugendbildung\/weiterbildung\/","title":{"rendered":"Fort- und Weiterbildungen"},"content":{"rendered":"<p><span style=\"font-size: small;\">Der Fachbereich Jugendbildung organisiert zu vielf\u00e4ltigen Themen Fort- und Weiterbildungen f\u00fcr\u00a0Mitarbeiterinnen und Mitarbeiter aus der Kinder- und Jugendarbeit sowie f\u00fcr sozialp\u00e4dagogische Fachkr\u00e4fte <\/span>aus Schule, Schulsozialarbeit und Jugendbildung<span style=\"font-size: small;\">.\u00a0Einzelne spezifische Seminare sind auch f\u00fcr engagierte Eltern und fachlich interessierte Menschen konzipiert.<\/span><\/p>\n<p><span style=\"font-size: small;\">Gern organisieren wir zu den verschiedenen Themen auch individuell auf Ihre Bed\u00fcrfnisse abgestimmte Fortbildungen.<\/span><\/p>\n<p><span style=\"font-size: small;\">Die von uns angebotenen Seminare, Workshops und Veranstaltungen werden durch das Landesjugendamt\/Landesverwaltungsamt des Landes\u00a0 Sachsen-Anhalt gef\u00f6rdert.<\/span><\/p>\n<p><span style=\"font-size: small;\"><strong>Auf dieser Seite finden Sie ausgew\u00e4hlte Veranstaltungen und Weiterbildungsangebote.<\/strong> Bei Interesse k\u00f6nnen Sie sich gern anmelden &#8211; einfach auf den roten &#8222;Jetzt Anmelden&#8220;-Button klicken oder eine E-Mail schreiben an <strong>Bildung@awo-jugendwerk-LSA.de<\/strong>. Bei Fragen zu <\/span>unseren Weiterbildungen k\u00f6nnen Sie uns auch gern anrufen unter 0391-40 82 90 90.<\/p>\n<p><!-- \t\t@page { margin: 2cm } \t\tP { margin-bottom: 0.21cm } --><\/p>\n","protected":false},"excerpt":{"rendered":"<p>Der Fachbereich Jugendbildung organisiert zu vielf\u00e4ltigen Themen Fort- und Weiterbildungen f\u00fcr\u00a0Mitarbeiterinnen und Mitarbeiter aus der Kinder- und Jugendarbeit sowie f\u00fcr sozialp\u00e4dagogische Fachkr\u00e4fte aus Schule, Schulsozialarbeit und Jugendbildung.\u00a0Einzelne spezifische Seminare sind auch f\u00fcr engagierte Eltern und fachlich interessierte Menschen konzipiert. Gern organisieren wir zu den verschiedenen Themen auch individuell auf Ihre Bed\u00fcrfnisse abgestimmte Fortbildungen. Die von <a class=\"more-link\" href=\"https:\/\/www.awo-jugendwerk-lsa.de\/awowp\/jugendbildung\/weiterbildung\/\">weiterlesen&#8230;<\/a><\/p>\n","protected":false},"author":2,"featured_media":0,"parent":112,"menu_order":5,"comment_status":"open","ping_status":"closed","template":"","meta":{"_EventAllDay":false,"_EventTimezone":"","_EventStartDate":"","_EventEndDate":"","_EventStartDateUTC":"","_EventEndDateUTC":"","_EventShowMap":false,"_EventShowMapLink":false,"_EventURL":"","_EventCost":"","_EventCostDescription":"","_EventCurrencySymbol":"","_EventCurrencyCode":"","_EventCurrencyPosition":"","_EventDateTimeSeparator":"","_EventTimeRangeSeparator":"","_EventOrganizerID":[],"_EventVenueID":[],"_OrganizerEmail":"","_OrganizerPhone":"","_OrganizerWebsite":"","_VenueAddress":"","_VenueCity":"","_VenueCountry":"","_VenueProvince":"","_VenueState":"","_VenueZip":"","_VenuePhone":"","_VenueURL":"","_VenueStateProvince":"","_VenueLat":"","_VenueLng":"","_VenueShowMap":false,"_VenueShowMapLink":false,"footnotes":""},"class_list":["post-154","page","type-page","status-publish","hentry"],"_links":{"self":[{"href":"https:\/\/www.awo-jugendwerk-lsa.de\/awowp\/wp-json\/wp\/v2\/pages\/154","targetHints":{"allow":["GET"]}}],"collection":[{"href":"https:\/\/www.awo-jugendwerk-lsa.de\/awowp\/wp-json\/wp\/v2\/pages"}],"about":[{"href":"https:\/\/www.awo-jugendwerk-lsa.de\/awowp\/wp-json\/wp\/v2\/types\/page"}],"author":[{"embeddable":true,"href":"https:\/\/www.awo-jugendwerk-lsa.de\/awowp\/wp-json\/wp\/v2\/users\/2"}],"replies":[{"embeddable":true,"href":"https:\/\/www.awo-jugendwerk-lsa.de\/awowp\/wp-json\/wp\/v2\/comments?post=154"}],"version-history":[{"count":5,"href":"https:\/\/www.awo-jugendwerk-lsa.de\/awowp\/wp-json\/wp\/v2\/pages\/154\/revisions"}],"predecessor-version":[{"id":7054,"href":"https:\/\/www.awo-jugendwerk-lsa.de\/awowp\/wp-json\/wp\/v2\/pages\/154\/revisions\/7054"}],"up":[{"embeddable":true,"href":"https:\/\/www.awo-jugendwerk-lsa.de\/awowp\/wp-json\/wp\/v2\/pages\/112"}],"wp:attachment":[{"href":"https:\/\/www.awo-jugendwerk-lsa.de\/awowp\/wp-json\/wp\/v2\/media?parent=154"}],"curies":[{"name":"wp","href":"https:\/\/api.w.org\/{rel}","templated":true}]}}