{"id":14,"date":"2010-01-28T11:02:51","date_gmt":"2010-01-28T10:02:51","guid":{"rendered":"http:\/\/www.awo-jugendwerk-sachsen-anhalt.de\/awowp\/?page_id=14"},"modified":"2024-04-17T11:31:48","modified_gmt":"2024-04-17T10:31:48","slug":"wer-wir-sind","status":"publish","type":"page","link":"https:\/\/www.awo-jugendwerk-lsa.de\/awowp\/wer-wir-sind\/","title":{"rendered":"\u00dcber uns"},"content":{"rendered":"<p style=\"text-align: justify;\"><span style=\"color: #ec4e3b;\"><strong>Wer wir sind &#8230;<\/strong><\/span><\/p>\n<p><iframe loading=\"lazy\" src=\"https:\/\/www.youtube.com\/embed\/AWMExnSGTIY?rel=0\" width=\"505\" height=\"284\" frameborder=\"0\" allowfullscreen=\"allowfullscreen\"><\/iframe><\/p>\n<p style=\"text-align: justify;\"><span style=\"color: #ec4e3b;\"><strong><a href=\"https:\/\/www.youtube.com\/watch?v=AWMExnSGTIY\">Du willst die Welt retten? &#8211; Dann tu\u00b4s mit uns!<br \/>\nImagefilm des Landesjugendwerks der AWO Sachsen-Anhalt e.V. <\/a><br \/>\n<\/strong><\/span><\/p>\n<p style=\"text-align: justify;\">Wir, das Landesjugendwerk der Arbeiterwohlfahrt Sachsen-Anhalt e.V. sind der eigenst\u00e4ndige Kinder- und Jugendverband der Arbeiterwohlfahrt (AWO) in Sachsen-Anhalt. Wir sind politisch und konfessionell unabh\u00e4ngig und treten f\u00fcr eine demokratische, solidarische und gerechte Gesellschaft ein. Freiwilligkeit und Ehrenamtlichkeit bilden die Grundlage unserer Arbeit.<\/p>\n<p style=\"text-align: justify;\">Wir bekennen uns zu den Grundwerten des demokratischen Sozialismus: Solidarit\u00e4t, Freiheit, Gleichheit, Gerechtigkeit, Emanzipation und Toleranz. Dies bedeutet, dass Kinder und Jugendliche durch die Mitarbeit im Jugendwerk in die Lage versetzt werden sollen, an der Gestaltung des gesellschaftlichen Lebens aktiv mitzuwirken und ihre Interessen und Rechte wahrzunehmen. Das Jugendwerk der AWO organisiert sich \u00fcber demokratische Entscheidungsstrukturen von unten nach oben.<\/p>\n<p style=\"text-align: justify;\">Als Tr\u00e4ger der freien Jugendhilfe erf\u00fcllen wir als Landesjugendwerk einen eigenst\u00e4ndigen Sozialisations- und Bildungsauftrag f\u00fcr die Gesellschaft. Grundprinzip der organisierten Jugendverbandsarbeit ist Selbstorganisation und Ehrenamtlichkeit. Wir als Landesjugendwerk verstehen uns als parteiliche Interessenvertretung f\u00fcr Kinder und Jugendliche und treten f\u00fcr eine st\u00e4rkere Beteiligung von Kindern und Jugendlichen in allen Lebensbereichen ein.<\/p>\n<p style=\"text-align: justify;\"><span style=\"color: #ec4e3b;\"><strong>&#8230; und was wir machen<\/strong><\/span><\/p>\n<p style=\"text-align: justify;\">Wir, das Landesjugendwerk der Arbeiterwohlfahrt Sachsen-Anhalt e.V. sind landesweit anerkannter Tr\u00e4ger der freien Jugendhilfe nach \u00a7 75 KJHG sowie Tr\u00e4ger des Freiwilligen Sozialen Jahres (FSJ) und des Bundesfreiwilligendienstes (BFD) in Sachsen-Anhalt. Als anerkannte Koordinierungsstelle f\u00fcr das Freiwillige Soziale Jahr in den Einrichtungen der Arbeiterwohlfahrt begleiten wir junge Menschen im p\u00e4dagogischen Bereich.<\/p>\n<p style=\"text-align: justify;\">Im Bereich der au\u00dferschulischen Jugendbildung werden von uns Seminare und Workshops f\u00fcr Jugendliche und junge Erwachsene bis 27 Jahre sowie Fortbildungen f\u00fcr ehrenamtliche Multiplikator*innen und Mitarbeitende der Kinder- und Jugendarbeit organisiert und durchgef\u00fchrt.<\/p>\n<p style=\"text-align: justify;\">Des weiteren bringen wir unsere Standpunkte als jugendpolitische Interessenvertretung in verschiedene Gremien mit ein. So sind wir als Landesjugendwerk der AWO Sachsen-Anhalt e.V. Mitglied im Kinder- und Jugendring Sachsen-Anhalt e.V.. Wir engagieren uns dort gemeinsam mit anderen Jugendverb\u00e4nden f\u00fcr eine fortschrittliche Jugendpolitik sowie f\u00fcr die Verbesserung der Situation von benachteiligten Kindern und Jugendlichen.<\/p>\n<p>Als Landesjugendwerk der AWO beziehen wir \u00f6ffentlich Stellung u.a.:<\/p>\n<p>f\u00fcr die Partizipation von Kindern und Jugendlichen in allen Lebensbereichen,<br \/>\nf\u00fcr eine menschliche, gerechte und solidarische Gesellschaft,<br \/>\ngegen Rassismus und Fremdenfeindlichkeit,<br \/>\ngegen Faschismus und Nationalismus,<br \/>\nf\u00fcr mehr Demokratie und die \u00dcberwindung sozialer Ungleichheit,<br \/>\ngegen Armut von Kindern und Jugendlichen<\/p>\n","protected":false},"excerpt":{"rendered":"<p>Wer wir sind &#8230; Du willst die Welt retten? &#8211; Dann tu\u00b4s mit uns! Imagefilm des Landesjugendwerks der AWO Sachsen-Anhalt e.V. Wir, das Landesjugendwerk der Arbeiterwohlfahrt Sachsen-Anhalt e.V. sind der eigenst\u00e4ndige Kinder- und Jugendverband der Arbeiterwohlfahrt (AWO) in Sachsen-Anhalt. Wir sind politisch und konfessionell unabh\u00e4ngig und treten f\u00fcr eine demokratische, solidarische und gerechte Gesellschaft ein. <a class=\"more-link\" href=\"https:\/\/www.awo-jugendwerk-lsa.de\/awowp\/wer-wir-sind\/\">weiterlesen&#8230;<\/a><\/p>\n","protected":false},"author":15,"featured_media":0,"parent":0,"menu_order":3,"comment_status":"open","ping_status":"closed","template":"","meta":{"_EventAllDay":false,"_EventTimezone":"","_EventStartDate":"","_EventEndDate":"","_EventStartDateUTC":"","_EventEndDateUTC":"","_EventShowMap":false,"_EventShowMapLink":false,"_EventURL":"","_EventCost":"","_EventCostDescription":"","_EventCurrencySymbol":"","_EventCurrencyCode":"","_EventCurrencyPosition":"","_EventDateTimeSeparator":"","_EventTimeRangeSeparator":"","_EventOrganizerID":[],"_EventVenueID":[],"_OrganizerEmail":"","_OrganizerPhone":"","_OrganizerWebsite":"","_VenueAddress":"","_VenueCity":"","_VenueCountry":"","_VenueProvince":"","_VenueState":"","_VenueZip":"","_VenuePhone":"","_VenueURL":"","_VenueStateProvince":"","_VenueLat":"","_VenueLng":"","_VenueShowMap":false,"_VenueShowMapLink":false,"footnotes":""},"class_list":["post-14","page","type-page","status-publish","hentry"],"_links":{"self":[{"href":"https:\/\/www.awo-jugendwerk-lsa.de\/awowp\/wp-json\/wp\/v2\/pages\/14","targetHints":{"allow":["GET"]}}],"collection":[{"href":"https:\/\/www.awo-jugendwerk-lsa.de\/awowp\/wp-json\/wp\/v2\/pages"}],"about":[{"href":"https:\/\/www.awo-jugendwerk-lsa.de\/awowp\/wp-json\/wp\/v2\/types\/page"}],"author":[{"embeddable":true,"href":"https:\/\/www.awo-jugendwerk-lsa.de\/awowp\/wp-json\/wp\/v2\/users\/15"}],"replies":[{"embeddable":true,"href":"https:\/\/www.awo-jugendwerk-lsa.de\/awowp\/wp-json\/wp\/v2\/comments?post=14"}],"version-history":[{"count":5,"href":"https:\/\/www.awo-jugendwerk-lsa.de\/awowp\/wp-json\/wp\/v2\/pages\/14\/revisions"}],"predecessor-version":[{"id":7265,"href":"https:\/\/www.awo-jugendwerk-lsa.de\/awowp\/wp-json\/wp\/v2\/pages\/14\/revisions\/7265"}],"wp:attachment":[{"href":"https:\/\/www.awo-jugendwerk-lsa.de\/awowp\/wp-json\/wp\/v2\/media?parent=14"}],"curies":[{"name":"wp","href":"https:\/\/api.w.org\/{rel}","templated":true}]}}