{"id":126,"date":"2010-01-29T18:22:06","date_gmt":"2010-01-29T17:22:06","guid":{"rendered":"http:\/\/www.awo-jugendwerk-sachsen-anhalt.de\/awowp\/?page_id=126"},"modified":"2019-02-09T00:20:38","modified_gmt":"2019-02-08T23:20:38","slug":"anfahrt","status":"publish","type":"page","link":"https:\/\/www.awo-jugendwerk-lsa.de\/awowp\/kontakt\/anfahrt\/","title":{"rendered":"Anfahrt"},"content":{"rendered":"<p style=\"text-align: justify;\"><a href=\"https:\/\/www.awo-jugendwerk-lsa.de\/awowp\/wp-content\/uploads\/2010\/01\/Lageplan-Neu-4.png\" rel=\"lightbox[126]\"><img loading=\"lazy\" decoding=\"async\" class=\"alignleft size-full wp-image-2206\" title=\"Lageplan-Neu-4\" src=\"https:\/\/www.awo-jugendwerk-lsa.de\/awowp\/wp-content\/uploads\/2010\/01\/Lageplan-Neu-4.png\" alt=\"\" width=\"506\" height=\"443\" srcset=\"https:\/\/www.awo-jugendwerk-lsa.de\/awowp\/wp-content\/uploads\/2010\/01\/Lageplan-Neu-4.png 562w, https:\/\/www.awo-jugendwerk-lsa.de\/awowp\/wp-content\/uploads\/2010\/01\/Lageplan-Neu-4-300x262.png 300w\" sizes=\"auto, (max-width: 506px) 100vw, 506px\" \/><\/a><a title=\"Kartenansicht landesjugendwerk der AWO Sachsen-Anhalt e.V.\" href=\"https:\/\/maps.google.de\/maps?oe=utf-8&amp;rls=org.mozilla:de:official&amp;client=firefox-a&amp;um=1&amp;ie=UTF-8&amp;q=landesjugendwerk+der+awo+sachsen-anhalt&amp;fb=1&amp;gl=de&amp;hq=landesjugendwerk+der+awo&amp;hnear=0x47a5f099e8512481:0xd11dc516e80ede74,Sachsen-Anhalt&amp;cid=0,0,2974438740401804760&amp;sa=X&amp;ei=NE2FUJWrFsbEswautYC4AQ&amp;ved=0CGwQ_BIwAA\">AWO Jugendwerk Sachsen-Anhalt e.V.<\/a> auf einer gr\u00f6\u00dferen Karte anzeigen<\/p>\n<p><strong>Anfahrtsbeschreibung<\/strong><\/p>\n<p style=\"text-align: justify;\"><em>Anreise mit der Bahn:<br \/>\n<\/em>Wer mit der Bahn anreist, kann den Hauptbahnhof zum Haupteingang verlassen und l\u00e4uft ins Zentrum bis zur Haltestelle Leiterstra\u00dfe. Dort steigt man in die Stra\u00dfenbahn der Linie 2 in Richtung Westerh\u00fcsen und f\u00e4hrt dann bis zur Haltestelle \u201cWasserwerk Buckau\u201d. Der Eingang befindet sich direkt gegen\u00fcber der Haltestelle.<\/p>\n","protected":false},"excerpt":{"rendered":"<p>AWO Jugendwerk Sachsen-Anhalt e.V. auf einer gr\u00f6\u00dferen Karte anzeigen Anfahrtsbeschreibung Anreise mit der Bahn: Wer mit der Bahn anreist, kann den Hauptbahnhof zum Haupteingang verlassen und l\u00e4uft ins Zentrum bis zur Haltestelle Leiterstra\u00dfe. Dort steigt man in die Stra\u00dfenbahn der Linie 2 in Richtung Westerh\u00fcsen und f\u00e4hrt dann bis zur Haltestelle \u201cWasserwerk Buckau\u201d. Der Eingang <a class=\"more-link\" href=\"https:\/\/www.awo-jugendwerk-lsa.de\/awowp\/kontakt\/anfahrt\/\">weiterlesen&#8230;<\/a><\/p>\n","protected":false},"author":15,"featured_media":0,"parent":115,"menu_order":0,"comment_status":"open","ping_status":"open","template":"","meta":{"_EventAllDay":false,"_EventTimezone":"","_EventStartDate":"","_EventEndDate":"","_EventStartDateUTC":"","_EventEndDateUTC":"","_EventShowMap":false,"_EventShowMapLink":false,"_EventURL":"","_EventCost":"","_EventCostDescription":"","_EventCurrencySymbol":"","_EventCurrencyCode":"","_EventCurrencyPosition":"","_EventDateTimeSeparator":"","_EventTimeRangeSeparator":"","_EventOrganizerID":[],"_EventVenueID":[],"_OrganizerEmail":"","_OrganizerPhone":"","_OrganizerWebsite":"","_VenueAddress":"","_VenueCity":"","_VenueCountry":"","_VenueProvince":"","_VenueState":"","_VenueZip":"","_VenuePhone":"","_VenueURL":"","_VenueStateProvince":"","_VenueLat":"","_VenueLng":"","_VenueShowMap":false,"_VenueShowMapLink":false,"footnotes":""},"class_list":["post-126","page","type-page","status-publish","hentry"],"_links":{"self":[{"href":"https:\/\/www.awo-jugendwerk-lsa.de\/awowp\/wp-json\/wp\/v2\/pages\/126","targetHints":{"allow":["GET"]}}],"collection":[{"href":"https:\/\/www.awo-jugendwerk-lsa.de\/awowp\/wp-json\/wp\/v2\/pages"}],"about":[{"href":"https:\/\/www.awo-jugendwerk-lsa.de\/awowp\/wp-json\/wp\/v2\/types\/page"}],"author":[{"embeddable":true,"href":"https:\/\/www.awo-jugendwerk-lsa.de\/awowp\/wp-json\/wp\/v2\/users\/15"}],"replies":[{"embeddable":true,"href":"https:\/\/www.awo-jugendwerk-lsa.de\/awowp\/wp-json\/wp\/v2\/comments?post=126"}],"version-history":[{"count":4,"href":"https:\/\/www.awo-jugendwerk-lsa.de\/awowp\/wp-json\/wp\/v2\/pages\/126\/revisions"}],"predecessor-version":[{"id":5444,"href":"https:\/\/www.awo-jugendwerk-lsa.de\/awowp\/wp-json\/wp\/v2\/pages\/126\/revisions\/5444"}],"up":[{"embeddable":true,"href":"https:\/\/www.awo-jugendwerk-lsa.de\/awowp\/wp-json\/wp\/v2\/pages\/115"}],"wp:attachment":[{"href":"https:\/\/www.awo-jugendwerk-lsa.de\/awowp\/wp-json\/wp\/v2\/media?parent=126"}],"curies":[{"name":"wp","href":"https:\/\/api.w.org\/{rel}","templated":true}]}}