{"id":112,"date":"2010-01-29T17:36:45","date_gmt":"2010-01-29T16:36:45","guid":{"rendered":"http:\/\/www.awo-jugendwerk-sachsen-anhalt.de\/awowp\/?page_id=112"},"modified":"2024-12-19T10:23:25","modified_gmt":"2024-12-19T09:23:25","slug":"jugendbildung","status":"publish","type":"page","link":"https:\/\/www.awo-jugendwerk-lsa.de\/awowp\/jugendbildung\/","title":{"rendered":"Jugendbildung"},"content":{"rendered":"\n<figure class=\"wp-block-image\"><img loading=\"lazy\" decoding=\"async\" width=\"1024\" height=\"545\" src=\"https:\/\/www.awo-jugendwerk-lsa.de\/awowp\/wp-content\/uploads\/2023\/02\/Bild-Variante-2-e1682511813885-1024x545.jpg\" alt=\"\" class=\"wp-image-6813\" srcset=\"https:\/\/www.awo-jugendwerk-lsa.de\/awowp\/wp-content\/uploads\/2023\/02\/Bild-Variante-2-e1682511813885-1024x545.jpg 1024w, https:\/\/www.awo-jugendwerk-lsa.de\/awowp\/wp-content\/uploads\/2023\/02\/Bild-Variante-2-e1682511813885-300x160.jpg 300w, https:\/\/www.awo-jugendwerk-lsa.de\/awowp\/wp-content\/uploads\/2023\/02\/Bild-Variante-2-e1682511813885-768x409.jpg 768w, https:\/\/www.awo-jugendwerk-lsa.de\/awowp\/wp-content\/uploads\/2023\/02\/Bild-Variante-2-e1682511813885-24x13.jpg 24w, https:\/\/www.awo-jugendwerk-lsa.de\/awowp\/wp-content\/uploads\/2023\/02\/Bild-Variante-2-e1682511813885-36x19.jpg 36w, https:\/\/www.awo-jugendwerk-lsa.de\/awowp\/wp-content\/uploads\/2023\/02\/Bild-Variante-2-e1682511813885-48x26.jpg 48w, https:\/\/www.awo-jugendwerk-lsa.de\/awowp\/wp-content\/uploads\/2023\/02\/Bild-Variante-2-e1682511813885.jpg 1386w\" sizes=\"auto, (max-width: 1024px) 100vw, 1024px\" \/><\/figure>\n\n\n\n<p><\/p>\n\n\n\n<div style=\"height:30px\" aria-hidden=\"true\" class=\"wp-block-spacer\"><\/div>\n\n\n<p><iframe loading=\"lazy\" id=\"iframe_container\" src=\"https:\/\/prezi.com\/p\/embed\/73tnufu2vxdj\/\" width=\"1067\" height=\"600\" frameborder=\"0\" allowfullscreen=\"allowfullscreen\"><\/iframe><\/p>\n<p>Im Mittelpunkt der au\u00dferschulischen Jugendbildung steht die Konzeptionierung, Planung, Organisation und Durchf\u00fchrung von Seminaren und Workshops f\u00fcr Jugendliche und junge Erwachsene, sowie f\u00fcr Ehrenamtliche. Wir unterst\u00fctzen Jugendliche auch dabei eigene Projekte und Ideen zu planen und umzusetzten.<\/p>\n<p style=\"text-decoration: blink;\"><strong><span style=\"text-decoration: underline;\">Wichtig ist uns dabei:<\/span><\/strong><\/p>\n<p>die F\u00f6rderung von Kreativit\u00e4t und Geschicklichkeit,<\/p>\n<p>Demokratie- und Toleranzerziehung<\/p>\n<p>spannende Erlebnis- und Freizeitangebote,<\/p>\n<p>das Erlernen von Teamf\u00e4higkeit und Kooperation.<\/p>\n<p>All unsere Angebote legen einen starken Fokus auf Gendersensibilisierung, sowie<\/p>\n<p>auf Nachhaltigkeit bzw. ressourcenorientierte Arbeit<\/p>\n<div id=\"_mcePaste\">\u00a0<\/div>","protected":false},"excerpt":{"rendered":"<p>Im Mittelpunkt der au\u00dferschulischen Jugendbildung steht die Konzeptionierung, Planung, Organisation und Durchf\u00fchrung von Seminaren und Workshops f\u00fcr Jugendliche und junge Erwachsene, sowie f\u00fcr Ehrenamtliche. Wir unterst\u00fctzen Jugendliche auch dabei eigene Projekte und Ideen zu planen und umzusetzten. Wichtig ist uns dabei: die F\u00f6rderung von Kreativit\u00e4t und Geschicklichkeit, Demokratie- und Toleranzerziehung spannende Erlebnis- und Freizeitangebote, das <a class=\"more-link\" href=\"https:\/\/www.awo-jugendwerk-lsa.de\/awowp\/jugendbildung\/\">weiterlesen&#8230;<\/a><\/p>\n","protected":false},"author":15,"featured_media":6816,"parent":0,"menu_order":3,"comment_status":"open","ping_status":"closed","template":"","meta":{"_EventAllDay":false,"_EventTimezone":"","_EventStartDate":"","_EventEndDate":"","_EventStartDateUTC":"","_EventEndDateUTC":"","_EventShowMap":false,"_EventShowMapLink":false,"_EventURL":"","_EventCost":"","_EventCostDescription":"","_EventCurrencySymbol":"","_EventCurrencyCode":"","_EventCurrencyPosition":"","_EventDateTimeSeparator":"","_EventTimeRangeSeparator":"","_EventOrganizerID":[],"_EventVenueID":[],"_OrganizerEmail":"","_OrganizerPhone":"","_OrganizerWebsite":"","_VenueAddress":"","_VenueCity":"","_VenueCountry":"","_VenueProvince":"","_VenueState":"","_VenueZip":"","_VenuePhone":"","_VenueURL":"","_VenueStateProvince":"","_VenueLat":"","_VenueLng":"","_VenueShowMap":false,"_VenueShowMapLink":false,"footnotes":""},"class_list":["post-112","page","type-page","status-publish","has-post-thumbnail","hentry"],"_links":{"self":[{"href":"https:\/\/www.awo-jugendwerk-lsa.de\/awowp\/wp-json\/wp\/v2\/pages\/112","targetHints":{"allow":["GET"]}}],"collection":[{"href":"https:\/\/www.awo-jugendwerk-lsa.de\/awowp\/wp-json\/wp\/v2\/pages"}],"about":[{"href":"https:\/\/www.awo-jugendwerk-lsa.de\/awowp\/wp-json\/wp\/v2\/types\/page"}],"author":[{"embeddable":true,"href":"https:\/\/www.awo-jugendwerk-lsa.de\/awowp\/wp-json\/wp\/v2\/users\/15"}],"replies":[{"embeddable":true,"href":"https:\/\/www.awo-jugendwerk-lsa.de\/awowp\/wp-json\/wp\/v2\/comments?post=112"}],"version-history":[{"count":5,"href":"https:\/\/www.awo-jugendwerk-lsa.de\/awowp\/wp-json\/wp\/v2\/pages\/112\/revisions"}],"predecessor-version":[{"id":7754,"href":"https:\/\/www.awo-jugendwerk-lsa.de\/awowp\/wp-json\/wp\/v2\/pages\/112\/revisions\/7754"}],"wp:featuredmedia":[{"embeddable":true,"href":"https:\/\/www.awo-jugendwerk-lsa.de\/awowp\/wp-json\/wp\/v2\/media\/6816"}],"wp:attachment":[{"href":"https:\/\/www.awo-jugendwerk-lsa.de\/awowp\/wp-json\/wp\/v2\/media?parent=112"}],"curies":[{"name":"wp","href":"https:\/\/api.w.org\/{rel}","templated":true}]}}