{"id":110,"date":"2010-01-29T17:35:57","date_gmt":"2010-01-29T16:35:57","guid":{"rendered":"http:\/\/www.awo-jugendwerk-sachsen-anhalt.de\/awowp\/?page_id=110"},"modified":"2025-12-04T14:04:56","modified_gmt":"2025-12-04T13:04:56","slug":"fsj","status":"publish","type":"page","link":"https:\/\/www.awo-jugendwerk-lsa.de\/awowp\/fsj\/","title":{"rendered":"FSJ \/ BFD"},"content":{"rendered":"<p><strong>Du m\u00f6chtest &#8230;<\/strong><\/p>\n<p>&#8230; dich pers\u00f6nlich weiterentwickeln?<br \/>\n&#8230; dich f\u00fcr andere engagieren und Verantwortung \u00fcbernehmen?<br \/>\n&#8230; dich beruflich umorientieren?<br \/>\n&#8230; in die Vielfalt der sozialen Berufsfelder hineinschnuppern?<br \/>\n&#8230; Wartezeiten zwischen Schule und Ausbildung oder Studium sinnvoll \u00fcberbr\u00fccken?<br \/>\n&#8230; ausprobieren, ob ein sozialer Beruf f\u00fcr dich in Frage kommt?<\/p>\n<p style=\"text-align: right;\"><strong>&#8230; dann ist ein Freiwilligendienst genau das Richtige!<\/strong><\/p>\n<p style=\"text-align: center;\">Die Freiwilligendienste werden gef\u00f6rdert durch:<\/p>\n<p><strong><a href=\"https:\/\/www.awo-jugendwerk-lsa.de\/awowp\/wp-content\/uploads\/2025\/10\/BMBFSFJ_de_v1_farbig-scaled-e1761556128650.png\" rel=\"lightbox[110]\"><img loading=\"lazy\" decoding=\"async\" class=\"alignnone  wp-image-8035\" src=\"https:\/\/www.awo-jugendwerk-lsa.de\/awowp\/wp-content\/uploads\/2025\/10\/BMBFSFJ_de_v1_farbig-scaled-e1761556128650-300x146.png\" alt=\"\" width=\"245\" height=\"119\" srcset=\"https:\/\/www.awo-jugendwerk-lsa.de\/awowp\/wp-content\/uploads\/2025\/10\/BMBFSFJ_de_v1_farbig-scaled-e1761556128650-300x146.png 300w, https:\/\/www.awo-jugendwerk-lsa.de\/awowp\/wp-content\/uploads\/2025\/10\/BMBFSFJ_de_v1_farbig-scaled-e1761556128650-1024x498.png 1024w, https:\/\/www.awo-jugendwerk-lsa.de\/awowp\/wp-content\/uploads\/2025\/10\/BMBFSFJ_de_v1_farbig-scaled-e1761556128650-768x374.png 768w, https:\/\/www.awo-jugendwerk-lsa.de\/awowp\/wp-content\/uploads\/2025\/10\/BMBFSFJ_de_v1_farbig-scaled-e1761556128650-1536x748.png 1536w, https:\/\/www.awo-jugendwerk-lsa.de\/awowp\/wp-content\/uploads\/2025\/10\/BMBFSFJ_de_v1_farbig-scaled-e1761556128650-2048x997.png 2048w, https:\/\/www.awo-jugendwerk-lsa.de\/awowp\/wp-content\/uploads\/2025\/10\/BMBFSFJ_de_v1_farbig-scaled-e1761556128650-24x12.png 24w, https:\/\/www.awo-jugendwerk-lsa.de\/awowp\/wp-content\/uploads\/2025\/10\/BMBFSFJ_de_v1_farbig-scaled-e1761556128650-36x18.png 36w, https:\/\/www.awo-jugendwerk-lsa.de\/awowp\/wp-content\/uploads\/2025\/10\/BMBFSFJ_de_v1_farbig-scaled-e1761556128650-48x23.png 48w\" sizes=\"auto, (max-width: 245px) 100vw, 245px\" \/><\/a><a href=\"https:\/\/www.awo-jugendwerk-lsa.de\/awowp\/wp-content\/uploads\/2025\/10\/ST_EU_Kofinanziert_4c-2.pdf\"><img loading=\"lazy\" decoding=\"async\" class=\"alignnone wp-image-8040 \" title=\"f\u00f6rderhinweise\" src=\"https:\/\/www.awo-jugendwerk-lsa.de\/awowp\/wp-content\/uploads\/2025\/10\/ST_EU_Kofinanziert_4c-2-pdf-300x101.jpg\" alt=\"\" width=\"354\" height=\"119\" \/><\/a><\/strong><\/p>\n<p>Das Landesjugendwerk der AWO Sachsen-Anhalt e.V. vermittelt und begleitet Freiwilligendienste als<\/p>\n<p><span style=\"font-size: medium; color: #ec4e3b;\"><strong>Freiwilliges Soziales Jahr (FSJ<\/strong>) <\/span><br \/>\nf\u00fcr junge Menschen zwischen 16 und 27 Jahren und<\/p>\n<p><span style=\"font-size: medium; color: #ec4e3b;\"><strong>Bundesfreiwilligendienst (BFD)<\/strong> <\/span><br \/>\nf\u00fcr Menschen jeden Lebensalters (ab 16 Jahren)<\/p>\n<p>Die Bedingungen und Einsatzfelder unterscheiden sich nicht zwischen diesen beiden Rechtsformen.<\/p>\n<p style=\"text-align: justify;\">Ein Freiwilligendienst ist ein p\u00e4dagogisch begleitetes soziales Bildungs- und Orientierungsjahr. Es bietet \u00dcbungsfelder f\u00fcr soziales und gesellschaftliches Engagement. Bei den Aufgabenfeldern handelt sich dabei &#8211; je nach Einsatzstelle \u2013 um medizinisch-pflegerische, erzieherische oder unterst\u00fctzend-betreuende Arbeit, die in gemeinwohlorientierten Einrichtungen absolviert werden kann. Hierf\u00fcr brauchst du keine Ausbildung oder sonstige Vorerfahrung. Ausschlaggebend sind dein Wille, Neues zu lernen, deine F\u00e4higkeit, dich auf Menschen und deren Bed\u00fcrfnisse einzustellen und deine Motivation zum Engagement!<\/p>\n<p>Wir k\u00f6nnen dir Einsatzstellen in Sachsen-Anhalt vermitteln in:<\/p>\n<ul>\n<li>Kindertages- und Jugendfreizeiteinrichtungen,<\/li>\n<li>Kinder- und Jugendheimen,<\/li>\n<li>Sozialstationen und Pflegediensten,<\/li>\n<li>Krankenh\u00e4usern und Reha-Kliniken,<\/li>\n<li>Einrichtungen f\u00fcr Menschen mit seelischen, k\u00f6rperlichen und geistigen Behinderungen,<\/li>\n<li>Seniorenzentren, Altenpflegeheimen und Begegnungsst\u00e4tten.<\/li>\n<\/ul>\n<p style=\"text-align: justify;\">Du wirst durch eine fachkompetente Praxisanleitung in deiner Einsatzstelle vor Ort und durch das Landesjugendwerk der Arbeiterwohlfahrt fachlich und p\u00e4dagogisch begleitet und unterst\u00fctzt.<\/p>\n<p style=\"text-align: justify;\">In der Regel beginnen die Freiwilligendienste im September und enden im August des darauf folgenden Jahres. Es ist aber auch m\u00f6glich, einen anderen Zeitraum zu vereinbaren, der mindestens 6 und h\u00f6chstens 18 Monate umfasst.<\/p>\n<p style=\"text-align: justify;\">Freiwilligendienste sind in der Regel Vollzeitt\u00e4tigkeiten. Ausschlie\u00dflich im Bundesfreiwilligendienst besteht f\u00fcr Menschen ab 27 Jahren auch die M\u00f6glichkeit, einen Einsatz in Teilzeit (mit mehr als 20 Stunden pro Woche) zu leisten.<\/p>\n<p><strong>Interesse geweckt?<\/strong> Dann kannst dich auf unseren folgenden Seiten noch schlauer machen oder hier gleich mal reinklicken, welche Stellen so angeboten werden:<\/p>\n<p><a title=\"Einsatzstellenb\u00f6rse Freiwilligendienste bei der AWO\" href=\"http:\/\/www.awo-freiwillich.de\/einsatzmoeglichkeiten\/stellen\/\" target=\"_blank\" rel=\"noopener\">Stellenb\u00f6rse Freiwilligendienste bei der AWO<\/a><\/p>\n<p style=\"text-align: center;\"><strong>\u00a0<\/strong><\/p>\n<p><a href=\"#anfang\">nach oben<\/a><\/p>\n","protected":false},"excerpt":{"rendered":"<p>Du m\u00f6chtest &#8230; &#8230; dich pers\u00f6nlich weiterentwickeln? &#8230; dich f\u00fcr andere engagieren und Verantwortung \u00fcbernehmen? &#8230; dich beruflich umorientieren? &#8230; in die Vielfalt der sozialen Berufsfelder hineinschnuppern? &#8230; Wartezeiten zwischen Schule und Ausbildung oder Studium sinnvoll \u00fcberbr\u00fccken? &#8230; ausprobieren, ob ein sozialer Beruf f\u00fcr dich in Frage kommt? &#8230; dann ist ein Freiwilligendienst genau das <a class=\"more-link\" href=\"https:\/\/www.awo-jugendwerk-lsa.de\/awowp\/fsj\/\">weiterlesen&#8230;<\/a><\/p>\n","protected":false},"author":15,"featured_media":8109,"parent":0,"menu_order":5,"comment_status":"open","ping_status":"closed","template":"","meta":{"_EventAllDay":false,"_EventTimezone":"","_EventStartDate":"","_EventEndDate":"","_EventStartDateUTC":"","_EventEndDateUTC":"","_EventShowMap":false,"_EventShowMapLink":false,"_EventURL":"","_EventCost":"","_EventCostDescription":"","_EventCurrencySymbol":"","_EventCurrencyCode":"","_EventCurrencyPosition":"","_EventDateTimeSeparator":"","_EventTimeRangeSeparator":"","_EventOrganizerID":[],"_EventVenueID":[],"_OrganizerEmail":"","_OrganizerPhone":"","_OrganizerWebsite":"","_VenueAddress":"","_VenueCity":"","_VenueCountry":"","_VenueProvince":"","_VenueState":"","_VenueZip":"","_VenuePhone":"","_VenueURL":"","_VenueStateProvince":"","_VenueLat":"","_VenueLng":"","_VenueShowMap":false,"_VenueShowMapLink":false,"footnotes":""},"class_list":["post-110","page","type-page","status-publish","has-post-thumbnail","hentry"],"_links":{"self":[{"href":"https:\/\/www.awo-jugendwerk-lsa.de\/awowp\/wp-json\/wp\/v2\/pages\/110","targetHints":{"allow":["GET"]}}],"collection":[{"href":"https:\/\/www.awo-jugendwerk-lsa.de\/awowp\/wp-json\/wp\/v2\/pages"}],"about":[{"href":"https:\/\/www.awo-jugendwerk-lsa.de\/awowp\/wp-json\/wp\/v2\/types\/page"}],"author":[{"embeddable":true,"href":"https:\/\/www.awo-jugendwerk-lsa.de\/awowp\/wp-json\/wp\/v2\/users\/15"}],"replies":[{"embeddable":true,"href":"https:\/\/www.awo-jugendwerk-lsa.de\/awowp\/wp-json\/wp\/v2\/comments?post=110"}],"version-history":[{"count":4,"href":"https:\/\/www.awo-jugendwerk-lsa.de\/awowp\/wp-json\/wp\/v2\/pages\/110\/revisions"}],"predecessor-version":[{"id":8043,"href":"https:\/\/www.awo-jugendwerk-lsa.de\/awowp\/wp-json\/wp\/v2\/pages\/110\/revisions\/8043"}],"wp:featuredmedia":[{"embeddable":true,"href":"https:\/\/www.awo-jugendwerk-lsa.de\/awowp\/wp-json\/wp\/v2\/media\/8109"}],"wp:attachment":[{"href":"https:\/\/www.awo-jugendwerk-lsa.de\/awowp\/wp-json\/wp\/v2\/media?parent=110"}],"curies":[{"name":"wp","href":"https:\/\/api.w.org\/{rel}","templated":true}]}}